{"id":10481,"date":"2025-04-24T22:23:57","date_gmt":"2025-04-25T02:23:57","guid":{"rendered":"https:\/\/physioextra.ca\/?page_id=10481"},"modified":"2026-04-02T14:48:50","modified_gmt":"2026-04-02T18:48:50","slug":"culture","status":"publish","type":"page","link":"https:\/\/physioextra.ca\/en\/culture\/","title":{"rendered":"Culture"},"content":{"rendered":"<h2>At PhysioExtra, even before being an <span style=\"color: #00aeef;\">employee <\/span> or a <span style=\"color: #00aeef;\">consultant<\/span>, you are part of the <span style=\"color: #00aeef;\">TEAM-X<\/span>.<\/h2>\n<p>As a member of the Team-X, you can expect your career path and personal ambitions to be valued throughout your development at PhysioExtra. We all form a <span style=\"color: #00aeef;\"><strong>strong community<\/strong><\/span>, sharing the same values and fundamentals, where everyone can express their ideas in a safe environment, with their own color and personality!<\/p>\n<p>Being part of the Team-X means <span style=\"color: #00aeef;\"><strong>having a lot of fun<\/strong><\/span> at work while contributing to a common mission!<\/p>\n<p><img loading=\"lazy\" decoding=\"async\" class=\"aligncenter size-full wp-image-6262\" src=\"\/wp-content\/uploads\/culture-photo-1.jpg\" alt=\"PhysioExtra Team-X \" width=\"817\" height=\"375\" \/><\/p>\n<p><img loading=\"lazy\" decoding=\"async\" class=\"aligncenter size-full wp-image-6283\" src=\"\/wp-content\/uploads\/entete-mission-en.png\" alt=\"\" width=\"817\" height=\"200\" \/><\/p>\n<h2><span style=\"color: #00aeef;\">The fundamentals<\/span>, the daily expression of our values<\/h2>\n<p>From the very start, our decisions and actions have always been guided by <span style=\"color: #00aeef;\"><strong>four core values<\/strong><\/span>, reflecting not only our expertise, but also our know-how.<\/p>\n<h3>Our values<\/h3>\n<div class=\"adn-container\">\n<div class=\"adn-holder\">\n<div class=\"adn-image\"><img loading=\"lazy\" decoding=\"async\" class=\"aligncenter size-medium wp-image-4602\" src=\"\/wp-content\/uploads\/icn-rh-grandissons-ensemble.png\" alt=\"\" width=\"100\" height=\"100\" \/><\/div>\n<div class=\"adn-text\">Grow<br \/>\ntogether<\/div>\n<\/div>\n<div class=\"adn-holder\">\n<div class=\"adn-image\"><img loading=\"lazy\" decoding=\"async\" class=\"aligncenter size-full wp-image-4598\" src=\"\/wp-content\/uploads\/icn-rh-devenons-remarquables.png\" alt=\"\" width=\"100\" height=\"100\" \/><\/div>\n<div class=\"adn-text\">Become<br \/>\nremarkable<\/div>\n<\/div>\n<div class=\"adn-holder\">\n<div class=\"adn-image\"><img loading=\"lazy\" decoding=\"async\" class=\"aligncenter size-medium wp-image-4600\" src=\"\/wp-content\/uploads\/icn-rh-ecouter.png\" alt=\"\" width=\"100\" height=\"100\" \/><\/div>\n<div class=\"adn-text\">Take the time<br \/>\nto listen<\/div>\n<\/div>\n<div class=\"adn-holder\">\n<div class=\"adn-image\"><img loading=\"lazy\" decoding=\"async\" class=\"aligncenter size-medium wp-image-4604\" src=\"\/wp-content\/uploads\/icn-rh-laissons-notre-marque.png\" alt=\"\" width=\"100\" height=\"100\" \/><\/div>\n<div class=\"adn-text\">Leave<br \/>\nour mark<\/div>\n<\/div>\n<\/div>\n<div style=\"clear: both;\"><\/div>\n<p>Since 2007, our company has experienced exponential growth, expanding through new clinic openings and the arrival of new team members. To stay true to our core values and strong sense of family, this growth has led us to <span style=\"color: #00aeef;\"><strong>redefine our vision of company culture<\/strong><\/span>.<br \/>\nBy defining this new vision, we have identified <span style=\"color: #00aeef;\"><strong>14 fundamentals<\/strong><\/span>. They translate how we see our future and guide us towards the best choices.<\/p>\n<h3>Our Fundamentals<\/h3>\n\n<h2>That's <span style=\"color: #00aeef;\">extra<\/span> !<\/h2>\n<p><span style=\"color: #00aeef;\"><strong>Each member of Team-X is unique<\/strong><\/span> in their background, ambitions, and interests. At PhysioExtra, we value and cherish this diversity!<\/p>\n<p>With our \u201cThat\u2019s Extra\u201d campaign and its various video clips, we highlight the talents and differences that make PhysioExtra strong, as well as the ways our teams\u2019 daily lives are improved thanks to our professional benefits.<\/p>\n<h3>Discover the different profiles of our Team-X members!<\/h3>\n\n<p><img loading=\"lazy\" decoding=\"async\" class=\"aligncenter size-full wp-image-6285\" style=\"margin-top: 40px;\" src=\"\/wp-content\/uploads\/entete-securite-psychologique-en.png\" alt=\"\" width=\"817\" height=\"141\" \/><\/p>\n<p><strong>Psychological safety<\/strong> is defined as \u201ca team climate characterized by interpersonal trust and mutual respect in which people are comfortable being themselves.\u201d \u2013 <span style=\"font-weight: 300; color: #333d47; text-decoration: underline;\"><span id=\"su_tooltip_69ff140b1e550_button\" class=\"su-tooltip-button su-tooltip-button-outline-yes\" aria-describedby=\"su_tooltip_69ff140b1e550\" data-settings='{\"position\":\"bottom\",\"behavior\":\"hover\",\"hideDelay\":0}' tabindex=\"0\">Amy Edmondson, Professeure<\/span><span style=\"display:none;z-index:100\" id=\"su_tooltip_69ff140b1e550\" class=\"su-tooltip\" role=\"tooltip\"><span class=\"su-tooltip-inner su-tooltip-shadow-no\" style=\"z-index:100;background:#222222;color:#FFFFFF;font-size:16px;border-radius:5px;text-align:left;max-width:300px;line-height:1.25\"><span class=\"su-tooltip-title\"><\/span><span class=\"su-tooltip-content su-u-trim\">A. Edmondson \u2013 Novartis Professor of Leadership and Management at Harvard Business School. Author of The Fearless Organization (Wiley, 2018)<\/span><\/span><span id=\"su_tooltip_69ff140b1e550_arrow\" class=\"su-tooltip-arrow\" style=\"z-index:100;background:#222222\" data-popper-arrow><\/span><\/span><\/span>.<\/p>\n<p>At PhysioExtra, this means always encouraging <span style=\"color: #00aeef;\"><strong>sharing idea<\/strong><\/span>, <span style=\"color: #00aeef;\"><strong>trying new approaches<\/strong><\/span> without fear of mistakes, and <span style=\"color: #00aeef;\"><strong>questioning our practices<\/strong><\/span> to grow together.<\/p>\n<p>Because in an environment where people feel heard and supported, everyone can <span style=\"color: #00aeef;\"><strong>fully express their potential<\/strong><\/span>. That\u2019s why our managers are trained in-house to foster psychological safety on a daily basis\u2014and make it a real driver of growth and professional fulfillment for every member of Team-X.<\/p>\n<h2><span style=\"color: #00aeef;\">Team-X<\/span> Culture in Action<\/h2>\n<p>Bringing our culture to life also means creating traditions that last and that we share with every new Team-X member. Our goal? To <span style=\"color: #00aeef;\"><strong>have fun at work<\/strong><\/span> and <span style=\"color: #00aeef;\"><strong>create unforgettable moments<\/strong><\/span> that strengthen our bonds!<br \/>\n\n","protected":false},"excerpt":{"rendered":"<p>At PhysioExtra, even before being an employee or a consultant, you are part of the TEAM-X. As a member of the Team-X, you can expect your career path and personal ambitions to be valued throughout [&hellip;]<\/p>\n","protected":false},"author":1,"featured_media":0,"parent":0,"menu_order":0,"comment_status":"closed","ping_status":"closed","template":"fullwidth-culture.php","meta":{"_acf_changed":false,"footnotes":""},"class_list":["post-10481","page","type-page","status-publish","hentry"],"acf":[],"yoast_head":"<!-- This site is optimized with the Yoast SEO Premium plugin v27.4 (Yoast SEO v27.5) - https:\/\/yoast.com\/product\/yoast-seo-premium-wordpress\/ -->\n<title>Culture | PhysioExtra<\/title>\n<meta name=\"description\" content=\"Choosing PhysioExtra to pursue your career means taking advantage of the strength of a network of 38 clinics that has not stopped growing for 25 years.\" \/>\n<meta name=\"robots\" content=\"noindex, follow\" \/>\n<meta property=\"og:locale\" content=\"en_US\" \/>\n<meta property=\"og:type\" content=\"article\" \/>\n<meta property=\"og:title\" content=\"Culture | PhysioExtra\" \/>\n<meta property=\"og:description\" content=\"Choosing PhysioExtra to pursue your career means taking advantage of the strength of a network of 38 clinics that has not stopped growing for 25 years.\" \/>\n<meta property=\"og:url\" content=\"https:\/\/physioextra.ca\/en\/culture\/\" \/>\n<meta property=\"og:site_name\" content=\"PhysioExtra\" \/>\n<meta property=\"article:publisher\" content=\"https:\/\/www.facebook.com\/PhysioExtra\" \/>\n<meta property=\"article:modified_time\" content=\"2026-04-02T18:48:50+00:00\" \/>\n<meta property=\"og:image\" content=\"https:\/\/physioextra.ca\/wp-content\/uploads\/image-preview-social.png\" \/>\n\t<meta property=\"og:image:width\" content=\"1200\" \/>\n\t<meta property=\"og:image:height\" content=\"675\" \/>\n\t<meta property=\"og:image:type\" content=\"image\/png\" \/>\n<meta name=\"twitter:card\" content=\"summary_large_image\" \/>\n<script type=\"application\/ld+json\" class=\"yoast-schema-graph\">{\"@context\":\"https:\\\/\\\/schema.org\",\"@graph\":[{\"@type\":\"WebPage\",\"@id\":\"https:\\\/\\\/physioextra.ca\\\/en\\\/culture\\\/\",\"url\":\"https:\\\/\\\/physioextra.ca\\\/en\\\/culture\\\/\",\"name\":\"Culture | PhysioExtra\",\"isPartOf\":{\"@id\":\"https:\\\/\\\/physioextra.ca\\\/en\\\/#website\"},\"datePublished\":\"2025-04-25T02:23:57+00:00\",\"dateModified\":\"2026-04-02T18:48:50+00:00\",\"description\":\"Choosing PhysioExtra to pursue your career means taking advantage of the strength of a network of 38 clinics that has not stopped growing for 25 years.\",\"breadcrumb\":{\"@id\":\"https:\\\/\\\/physioextra.ca\\\/en\\\/culture\\\/#breadcrumb\"},\"inLanguage\":\"en-CA\",\"potentialAction\":[{\"@type\":\"ReadAction\",\"target\":[\"https:\\\/\\\/physioextra.ca\\\/en\\\/culture\\\/\"]}]},{\"@type\":\"BreadcrumbList\",\"@id\":\"https:\\\/\\\/physioextra.ca\\\/en\\\/culture\\\/#breadcrumb\",\"itemListElement\":[{\"@type\":\"ListItem\",\"position\":1,\"name\":\"Home\",\"item\":\"https:\\\/\\\/physioextra.ca\\\/en\\\/\"},{\"@type\":\"ListItem\",\"position\":2,\"name\":\"Culture\"}]},{\"@type\":\"WebSite\",\"@id\":\"https:\\\/\\\/physioextra.ca\\\/en\\\/#website\",\"url\":\"https:\\\/\\\/physioextra.ca\\\/en\\\/\",\"name\":\"PhysioExtra\",\"description\":\"Cliniques de physioth\u00e9rapie avec \u00e9quipe multidisciplinaire\",\"publisher\":{\"@id\":\"https:\\\/\\\/physioextra.ca\\\/en\\\/#organization\"},\"potentialAction\":[{\"@type\":\"SearchAction\",\"target\":{\"@type\":\"EntryPoint\",\"urlTemplate\":\"https:\\\/\\\/physioextra.ca\\\/en\\\/?s={search_term_string}\"},\"query-input\":{\"@type\":\"PropertyValueSpecification\",\"valueRequired\":true,\"valueName\":\"search_term_string\"}}],\"inLanguage\":\"en-CA\"},{\"@type\":\"Organization\",\"@id\":\"https:\\\/\\\/physioextra.ca\\\/en\\\/#organization\",\"name\":\"PhysioExtra\",\"alternateName\":\"PE\",\"url\":\"https:\\\/\\\/physioextra.ca\\\/en\\\/\",\"logo\":{\"@type\":\"ImageObject\",\"inLanguage\":\"en-CA\",\"@id\":\"https:\\\/\\\/physioextra.ca\\\/en\\\/#\\\/schema\\\/logo\\\/image\\\/\",\"url\":\"https:\\\/\\\/physioextra.ca\\\/wp-content\\\/uploads\\\/GroupePhysioExtra.jpg\",\"contentUrl\":\"https:\\\/\\\/physioextra.ca\\\/wp-content\\\/uploads\\\/GroupePhysioExtra.jpg\",\"width\":696,\"height\":696,\"caption\":\"PhysioExtra\"},\"image\":{\"@id\":\"https:\\\/\\\/physioextra.ca\\\/en\\\/#\\\/schema\\\/logo\\\/image\\\/\"},\"sameAs\":[\"https:\\\/\\\/www.facebook.com\\\/PhysioExtra\"],\"description\":\"PhysioExtra est un r\u00e9seau de cliniques de physioth\u00e9rapie et de r\u00e9adaptation au Qu\u00e9bec offrant des services de physioth\u00e9rapie, massoth\u00e9rapie, ost\u00e9opathie et soins sp\u00e9cialis\u00e9s pour la sant\u00e9 physique.\",\"email\":\"informationsweb@physioextra.ca\",\"telephone\":\"1 855 743-9872\",\"legalName\":\"Groupe PhysioExtra\",\"numberOfEmployees\":{\"@type\":\"QuantitativeValue\",\"minValue\":\"501\",\"maxValue\":\"1000\"}}]}<\/script>\n<!-- \/ Yoast SEO Premium plugin. -->","yoast_head_json":{"title":"Culture | PhysioExtra","description":"Choosing PhysioExtra to pursue your career means taking advantage of the strength of a network of 38 clinics that has not stopped growing for 25 years.","robots":{"index":"noindex","follow":"follow"},"og_locale":"en_US","og_type":"article","og_title":"Culture | PhysioExtra","og_description":"Choosing PhysioExtra to pursue your career means taking advantage of the strength of a network of 38 clinics that has not stopped growing for 25 years.","og_url":"https:\/\/physioextra.ca\/en\/culture\/","og_site_name":"PhysioExtra","article_publisher":"https:\/\/www.facebook.com\/PhysioExtra","article_modified_time":"2026-04-02T18:48:50+00:00","og_image":[{"width":1200,"height":675,"url":"https:\/\/physioextra.ca\/wp-content\/uploads\/image-preview-social.png","type":"image\/png"}],"twitter_card":"summary_large_image","schema":{"@context":"https:\/\/schema.org","@graph":[{"@type":"WebPage","@id":"https:\/\/physioextra.ca\/en\/culture\/","url":"https:\/\/physioextra.ca\/en\/culture\/","name":"Culture | PhysioExtra","isPartOf":{"@id":"https:\/\/physioextra.ca\/en\/#website"},"datePublished":"2025-04-25T02:23:57+00:00","dateModified":"2026-04-02T18:48:50+00:00","description":"Choosing PhysioExtra to pursue your career means taking advantage of the strength of a network of 38 clinics that has not stopped growing for 25 years.","breadcrumb":{"@id":"https:\/\/physioextra.ca\/en\/culture\/#breadcrumb"},"inLanguage":"en-CA","potentialAction":[{"@type":"ReadAction","target":["https:\/\/physioextra.ca\/en\/culture\/"]}]},{"@type":"BreadcrumbList","@id":"https:\/\/physioextra.ca\/en\/culture\/#breadcrumb","itemListElement":[{"@type":"ListItem","position":1,"name":"Home","item":"https:\/\/physioextra.ca\/en\/"},{"@type":"ListItem","position":2,"name":"Culture"}]},{"@type":"WebSite","@id":"https:\/\/physioextra.ca\/en\/#website","url":"https:\/\/physioextra.ca\/en\/","name":"PhysioExtra","description":"Cliniques de physioth\u00e9rapie avec \u00e9quipe multidisciplinaire","publisher":{"@id":"https:\/\/physioextra.ca\/en\/#organization"},"potentialAction":[{"@type":"SearchAction","target":{"@type":"EntryPoint","urlTemplate":"https:\/\/physioextra.ca\/en\/?s={search_term_string}"},"query-input":{"@type":"PropertyValueSpecification","valueRequired":true,"valueName":"search_term_string"}}],"inLanguage":"en-CA"},{"@type":"Organization","@id":"https:\/\/physioextra.ca\/en\/#organization","name":"PhysioExtra","alternateName":"PE","url":"https:\/\/physioextra.ca\/en\/","logo":{"@type":"ImageObject","inLanguage":"en-CA","@id":"https:\/\/physioextra.ca\/en\/#\/schema\/logo\/image\/","url":"https:\/\/physioextra.ca\/wp-content\/uploads\/GroupePhysioExtra.jpg","contentUrl":"https:\/\/physioextra.ca\/wp-content\/uploads\/GroupePhysioExtra.jpg","width":696,"height":696,"caption":"PhysioExtra"},"image":{"@id":"https:\/\/physioextra.ca\/en\/#\/schema\/logo\/image\/"},"sameAs":["https:\/\/www.facebook.com\/PhysioExtra"],"description":"PhysioExtra est un r\u00e9seau de cliniques de physioth\u00e9rapie et de r\u00e9adaptation au Qu\u00e9bec offrant des services de physioth\u00e9rapie, massoth\u00e9rapie, ost\u00e9opathie et soins sp\u00e9cialis\u00e9s pour la sant\u00e9 physique.","email":"informationsweb@physioextra.ca","telephone":"1 855 743-9872","legalName":"Groupe PhysioExtra","numberOfEmployees":{"@type":"QuantitativeValue","minValue":"501","maxValue":"1000"}}]}},"_links":{"self":[{"href":"https:\/\/physioextra.ca\/en\/wp-json\/wp\/v2\/pages\/10481","targetHints":{"allow":["GET"]}}],"collection":[{"href":"https:\/\/physioextra.ca\/en\/wp-json\/wp\/v2\/pages"}],"about":[{"href":"https:\/\/physioextra.ca\/en\/wp-json\/wp\/v2\/types\/page"}],"author":[{"embeddable":true,"href":"https:\/\/physioextra.ca\/en\/wp-json\/wp\/v2\/users\/1"}],"replies":[{"embeddable":true,"href":"https:\/\/physioextra.ca\/en\/wp-json\/wp\/v2\/comments?post=10481"}],"version-history":[{"count":20,"href":"https:\/\/physioextra.ca\/en\/wp-json\/wp\/v2\/pages\/10481\/revisions"}],"predecessor-version":[{"id":15272,"href":"https:\/\/physioextra.ca\/en\/wp-json\/wp\/v2\/pages\/10481\/revisions\/15272"}],"wp:attachment":[{"href":"https:\/\/physioextra.ca\/en\/wp-json\/wp\/v2\/media?parent=10481"}],"curies":[{"name":"wp","href":"https:\/\/api.w.org\/{rel}","templated":true}]}}