{"id":324,"date":"2022-04-12T19:53:54","date_gmt":"2022-04-12T23:53:54","guid":{"rendered":"https:\/\/physioex.impulsionmedia.com\/?page_id=324"},"modified":"2026-03-10T13:34:54","modified_gmt":"2026-03-10T17:34:54","slug":"our-business-services","status":"publish","type":"page","link":"https:\/\/physioextra.ca\/en\/our-business-services\/","title":{"rendered":"Our business services"},"content":{"rendered":"<h2>\u2026for your employees<\/h2>\n<p>Our corporate programs are offered to small or large organizations and aim to<strong> improve the overall health of workers<\/strong>. They can be turnkey or \u00e0 la carte, and include rapid care, preferred rates, prevention workshops, etc. Our health professionals can be consulted <strong>remotely<\/strong>, <strong>in clinics<\/strong> and <strong>in the workplace.<\/strong><\/p>\n<h2>VIP health services for your employees<\/h2>\n<p>With the current labour shortage, it is increasingly important for organizations to offer innovative working conditions and demonstrate a real concern for the well-being of their employees. Our corporate agreements allow organizations to expand their benefits programs.<\/p>\n<p><strong>PhysioExtra offers a complete range of rehabilitation services<\/strong> that provide organizations and their employees with privileged access to our health professionals. Your company or institution will benefit from privileges that are highly incentive-based, including:<\/p>\n<ul>\n<li><strong>Preferential corporate rates<\/strong><\/li>\n<li>A <strong>quicker takeover<\/strong> by our professionals<\/li>\n<li>Care programs <strong>adapted to your work environment<\/strong><\/li>\n<li><strong>Conferences<\/strong> on health and other issues<\/li>\n<li><strong>Prevention workshops<\/strong><\/li>\n<li>And much more!<\/li>\n<\/ul>\n<h2>Goals that benefit everyone<\/h2>\n<p>A strong benefits program is part of a winning human resources strategy. It's a recognized fact that these types of programs help attract and retain employees. Contact us today to discover the many benefits available to you:<\/p>\n<ol>\n<li><strong>Decrease<\/strong> in disability cases or days of absence from work due to a physical or mental disorder<\/li>\n<li><strong>Improve<\/strong> productivity at work<\/li>\n<li><strong>Increase<\/strong> your attractiveness as an employer and as an experiential health offering<\/li>\n<li><strong>Enhance<\/strong> the physical and mental well-being of employees at work through better overall health, etc.<\/li>\n<\/ol>\n<h2>Companies that trust us<\/h2>\n<p>Whether you are an SME or a large company, our corporate agreements are an essential advantage for your employees. This is why many organizations already call upon PhysioExtra to create a program tailored to their needs.<\/p>\n<p><strong>Here are some \u00a0of our clients:<\/strong><\/p>\n<ul>\n<li><a href=\"https:\/\/framestore.com\/?language=fr\" target=\"_blank\" rel=\"noopener\">Framestore<\/a><\/li>\n<li><a href=\"https:\/\/www.ciusssnordmtl.ca\/\" target=\"_blank\" rel=\"noopener\">CIUSSS Nord de L\u2019Ile<\/a><\/li>\n<li><a href=\"https:\/\/www.santelaurentides.gouv.qc.ca\/\" target=\"_blank\" rel=\"noopener\">CISSS Laurentides<\/a><\/li>\n<li><a href=\"https:\/\/www.energir.com\/\" target=\"_blank\" rel=\"noopener\">\u00c9nergir<\/a><\/li>\n<li><a href=\"http:\/\/www.complexessportifsterrebonne.com\/\" target=\"_blank\" rel=\"noopener\">Terrebonne Sports Complex <\/a><\/li>\n<\/ul>\n<h2>Make an appointment with one of our representatives<\/h2>\n\n<div class=\"wpcf7 no-js\" id=\"wpcf7-f14167-o1\" lang=\"en-CA\" dir=\"ltr\" data-wpcf7-id=\"14167\">\n<div class=\"screen-reader-response\"><p role=\"status\" aria-live=\"polite\" aria-atomic=\"true\"><\/p> <ul><\/ul><\/div>\n<form action=\"\/en\/wp-json\/wp\/v2\/pages\/324#wpcf7-f14167-o1\" method=\"post\" class=\"wpcf7-form init\" aria-label=\"Contact form\" novalidate=\"novalidate\" data-status=\"init\">\n<fieldset class=\"hidden-fields-container\"><input type=\"hidden\" name=\"_wpcf7\" value=\"14167\" \/><input type=\"hidden\" name=\"_wpcf7_version\" value=\"6.1.5\" \/><input type=\"hidden\" name=\"_wpcf7_locale\" value=\"en_CA\" \/><input type=\"hidden\" name=\"_wpcf7_unit_tag\" value=\"wpcf7-f14167-o1\" \/><input type=\"hidden\" name=\"_wpcf7_container_post\" value=\"0\" \/><input type=\"hidden\" name=\"_wpcf7_posted_data_hash\" value=\"\" \/><input type=\"hidden\" name=\"_wpcf7_recaptcha_response\" value=\"\" \/>\n<\/fieldset>\n<div class=\"form-half-first\">\n\t<p><label>First name<span class=\"req\">*<\/span><br \/>\n<span class=\"wpcf7-form-control-wrap\" data-name=\"prenom\"><input size=\"40\" maxlength=\"400\" class=\"wpcf7-form-control wpcf7-text wpcf7-validates-as-required\" aria-required=\"true\" aria-invalid=\"false\" value=\"\" type=\"text\" name=\"prenom\" \/><\/span> <\/label>\n\t<\/p>\n<\/div>\n<div class=\"form-half-second\">\n\t<p><label>Last name <span class=\"req\">*<\/span><br \/>\n<span class=\"wpcf7-form-control-wrap\" data-name=\"Nomdefamille\"><input size=\"40\" maxlength=\"400\" class=\"wpcf7-form-control wpcf7-text wpcf7-validates-as-required\" aria-required=\"true\" aria-invalid=\"false\" value=\"\" type=\"text\" name=\"Nomdefamille\" \/><\/span> <\/label>\n\t<\/p>\n<\/div>\n<div class=\"form-half-first\">\n\t<p><label>E-mail<span class=\"req\">*<\/span><br \/>\n<span class=\"wpcf7-form-control-wrap\" data-name=\"your-email\"><input size=\"40\" maxlength=\"400\" class=\"wpcf7-form-control wpcf7-email wpcf7-validates-as-required wpcf7-text wpcf7-validates-as-email\" aria-required=\"true\" aria-invalid=\"false\" value=\"\" type=\"email\" name=\"your-email\" \/><\/span> <\/label>\n\t<\/p>\n<\/div>\n<div class=\"form-half-second\">\n\t<p><label>Phone number<span class=\"req\">*<\/span><br \/>\n<span class=\"wpcf7-form-control-wrap\" data-name=\"cell\"><input size=\"40\" maxlength=\"400\" class=\"wpcf7-form-control wpcf7-text wpcf7-validates-as-required\" aria-required=\"true\" aria-invalid=\"false\" value=\"\" type=\"text\" name=\"cell\" \/><\/span> <\/label>\n\t<\/p>\n<\/div>\n<div class=\"form-full\">\n\t<p><label>Job title<span class=\"req\">*<\/span><br \/>\n<span class=\"wpcf7-form-control-wrap\" data-name=\"fonction-professionnelle\"><input size=\"40\" maxlength=\"400\" class=\"wpcf7-form-control wpcf7-text wpcf7-validates-as-required\" aria-required=\"true\" aria-invalid=\"false\" value=\"\" type=\"text\" name=\"fonction-professionnelle\" \/><\/span> <\/label>\n\t<\/p>\n<\/div>\n<div class=\"form-half-first\">\n\t<p><label>Company name<span class=\"req\">*<\/span><br \/>\n<span class=\"wpcf7-form-control-wrap\" data-name=\"nom-entreprise\"><input size=\"40\" maxlength=\"400\" class=\"wpcf7-form-control wpcf7-text wpcf7-validates-as-required\" aria-required=\"true\" aria-invalid=\"false\" value=\"\" type=\"text\" name=\"nom-entreprise\" \/><\/span> <\/label>\n\t<\/p>\n<\/div>\n<div class=\"form-half-second\">\n\t<p><label>Size of company<span class=\"req\">*<\/span><br \/>\n<span class=\"wpcf7-form-control-wrap\" data-name=\"select-23\"><select class=\"wpcf7-form-control wpcf7-select wpcf7-validates-as-required\" aria-required=\"true\" aria-invalid=\"false\" name=\"select-23\"><option value=\"1-5\">1-5<\/option><option value=\"5-25\">5-25<\/option><option value=\"25-50\">25-50<\/option><option value=\"50-100\">50-100<\/option><option value=\"100-500\">100-500<\/option><option value=\"500-1000\">500-1000<\/option><option value=\"1000+\">1000+<\/option><\/select><\/span> <\/label>\n\t<\/p>\n<\/div>\n<div class=\"form-full\">\n\t<p><label>Description of your needs: <span class=\"req\">*<\/span><br \/>\n<span class=\"wpcf7-form-control-wrap\" data-name=\"besoin\"><textarea cols=\"40\" rows=\"10\" maxlength=\"2000\" class=\"wpcf7-form-control wpcf7-textarea wpcf7-validates-as-required\" aria-required=\"true\" aria-invalid=\"false\" name=\"besoin\"><\/textarea><\/span> <\/label>\n\t<\/p>\n<\/div>\n<div class=\"form-full\">\n\t<p><span class=\"wpcf7-form-control-wrap\" data-name=\"acceptance-363\"><span class=\"wpcf7-form-control wpcf7-acceptance\"><span class=\"wpcf7-list-item\"><label><input type=\"checkbox\" name=\"acceptance-363\" value=\"1\" aria-invalid=\"false\" \/><span class=\"wpcf7-list-item-label\">I accept that Groupe PhysioExtra communicates with me related to my professional activity in accordance with their <a href=\"\/en\/privacy-policy\/\" data-ps2id-api=\"true\" target=\"_blank\">Privacy Policy<\/a>. <span class=\"req\">*<\/span><\/span><\/label><\/span><\/span><\/span>\n\t<span class=\"wpcf7-form-control-wrap recaptcha\" data-name=\"recaptcha\"><span data-sitekey=\"6LcmfZMoAAAAAO4itdwm9Y1rSSUUADF3UPoqTBur\" class=\"wpcf7-form-control wpcf7-recaptcha g-recaptcha\"><\/span>\r\n<noscript>\r\n\t<div class=\"grecaptcha-noscript\">\r\n\t\t<iframe loading=\"lazy\" src=\"https:\/\/www.google.com\/recaptcha\/api\/fallback?k=6LcmfZMoAAAAAO4itdwm9Y1rSSUUADF3UPoqTBur\" frameborder=\"0\" scrolling=\"no\" width=\"310\" height=\"430\">\r\n\t\t<\/iframe>\r\n\t\t<textarea name=\"g-recaptcha-response\" rows=\"3\" cols=\"40\" placeholder=\"reCaptcha Response Here\">\r\n\t\t<\/textarea>\r\n\t<\/div>\r\n<\/noscript>\r\n<\/span>\n\t<\/p>\n<\/div>\n<p><span id=\"wpcf7-69d8e9177cf73-wrapper\" class=\"wpcf7-form-control-wrap miel-66-wrap\" ><label for=\"wpcf7-69d8e9177cf73-field\" class=\"hp-message\">Please leave this field empty.<\/label><input id=\"wpcf7-69d8e9177cf73-field\"  class=\"wpcf7-form-control wpcf7-text\" type=\"text\" name=\"miel-66\" value=\"\" size=\"40\" tabindex=\"-1\" autocomplete=\"new-password\" \/><\/span><br \/>\n<input class=\"wpcf7-form-control wpcf7-submit has-spinner\" type=\"submit\" value=\"Send\" \/>\n<\/p><input type='hidden' class='wpcf7-pum' value='{\"closepopup\":false,\"closedelay\":0,\"openpopup\":false,\"openpopup_id\":0}' \/><div class=\"wpcf7-response-output\" aria-hidden=\"true\"><\/div>\n<\/form>\n<\/div>\n\n","protected":false},"excerpt":{"rendered":"<p>\u2026for your employees Our corporate programs are offered to small or large organizations and aim to improve the overall health of workers. They can be turnkey or \u00e0 la carte, and include rapid care, preferred [&hellip;]<\/p>\n","protected":false},"author":1,"featured_media":0,"parent":0,"menu_order":0,"comment_status":"closed","ping_status":"closed","template":"normal-pourquoi-physioextra.php","meta":{"_acf_changed":false,"footnotes":""},"class_list":["post-324","page","type-page","status-publish","hentry"],"acf":[],"yoast_head":"<!-- This site is optimized with the Yoast SEO Premium plugin v27.3 (Yoast SEO v27.3) - https:\/\/yoast.com\/product\/yoast-seo-premium-wordpress\/ -->\n<title>Our business services - PhysioExtra<\/title>\n<meta name=\"description\" content=\"Our corporate programs are offered to small or large organizations and aim to improve the overall health of workers.\" \/>\n<meta name=\"robots\" content=\"index, follow, max-snippet:-1, max-image-preview:large, max-video-preview:-1\" \/>\n<link rel=\"canonical\" href=\"https:\/\/physioextra.ca\/en\/our-business-services\/\" \/>\n<meta property=\"og:locale\" content=\"en_US\" \/>\n<meta property=\"og:type\" content=\"article\" \/>\n<meta property=\"og:title\" content=\"Our business services | PhysioExtra\" \/>\n<meta property=\"og:description\" content=\"Our corporate programs are offered to small or large organizations and aim to improve the overall health of workers.\" \/>\n<meta property=\"og:url\" content=\"https:\/\/physioextra.ca\/en\/our-business-services\/\" \/>\n<meta property=\"og:site_name\" content=\"PhysioExtra\" \/>\n<meta property=\"article:publisher\" content=\"https:\/\/www.facebook.com\/PhysioExtra\" \/>\n<meta property=\"article:modified_time\" content=\"2026-03-10T17:34:54+00:00\" \/>\n<meta property=\"og:image\" content=\"https:\/\/physioextra.ca\/wp-content\/uploads\/image-preview-social.png\" \/>\n\t<meta property=\"og:image:width\" content=\"1200\" \/>\n\t<meta property=\"og:image:height\" content=\"675\" \/>\n\t<meta property=\"og:image:type\" content=\"image\/png\" \/>\n<meta name=\"twitter:card\" content=\"summary_large_image\" \/>\n<script type=\"application\/ld+json\" class=\"yoast-schema-graph\">{\"@context\":\"https:\\\/\\\/schema.org\",\"@graph\":[{\"@type\":\"WebPage\",\"@id\":\"https:\\\/\\\/physioextra.ca\\\/en\\\/our-business-services\\\/\",\"url\":\"https:\\\/\\\/physioextra.ca\\\/en\\\/our-business-services\\\/\",\"name\":\"Our business services - PhysioExtra\",\"isPartOf\":{\"@id\":\"https:\\\/\\\/physioextra.ca\\\/en\\\/#website\"},\"datePublished\":\"2022-04-12T23:53:54+00:00\",\"dateModified\":\"2026-03-10T17:34:54+00:00\",\"description\":\"Our corporate programs are offered to small or large organizations and aim to improve the overall health of workers.\",\"breadcrumb\":{\"@id\":\"https:\\\/\\\/physioextra.ca\\\/en\\\/our-business-services\\\/#breadcrumb\"},\"inLanguage\":\"en-CA\",\"potentialAction\":[{\"@type\":\"ReadAction\",\"target\":[\"https:\\\/\\\/physioextra.ca\\\/en\\\/our-business-services\\\/\"]}]},{\"@type\":\"BreadcrumbList\",\"@id\":\"https:\\\/\\\/physioextra.ca\\\/en\\\/our-business-services\\\/#breadcrumb\",\"itemListElement\":[{\"@type\":\"ListItem\",\"position\":1,\"name\":\"Home\",\"item\":\"https:\\\/\\\/physioextra.ca\\\/en\\\/\"},{\"@type\":\"ListItem\",\"position\":2,\"name\":\"Our business services\"}]},{\"@type\":\"WebSite\",\"@id\":\"https:\\\/\\\/physioextra.ca\\\/en\\\/#website\",\"url\":\"https:\\\/\\\/physioextra.ca\\\/en\\\/\",\"name\":\"PhysioExtra\",\"description\":\"Cliniques de physioth\u00e9rapie avec \u00e9quipe multidisciplinaire\",\"publisher\":{\"@id\":\"https:\\\/\\\/physioextra.ca\\\/en\\\/#organization\"},\"potentialAction\":[{\"@type\":\"SearchAction\",\"target\":{\"@type\":\"EntryPoint\",\"urlTemplate\":\"https:\\\/\\\/physioextra.ca\\\/en\\\/?s={search_term_string}\"},\"query-input\":{\"@type\":\"PropertyValueSpecification\",\"valueRequired\":true,\"valueName\":\"search_term_string\"}}],\"inLanguage\":\"en-CA\"},{\"@type\":\"Organization\",\"@id\":\"https:\\\/\\\/physioextra.ca\\\/en\\\/#organization\",\"name\":\"PhysioExtra\",\"alternateName\":\"PE\",\"url\":\"https:\\\/\\\/physioextra.ca\\\/en\\\/\",\"logo\":{\"@type\":\"ImageObject\",\"inLanguage\":\"en-CA\",\"@id\":\"https:\\\/\\\/physioextra.ca\\\/en\\\/#\\\/schema\\\/logo\\\/image\\\/\",\"url\":\"https:\\\/\\\/physioextra.ca\\\/wp-content\\\/uploads\\\/GroupePhysioExtra.jpg\",\"contentUrl\":\"https:\\\/\\\/physioextra.ca\\\/wp-content\\\/uploads\\\/GroupePhysioExtra.jpg\",\"width\":696,\"height\":696,\"caption\":\"PhysioExtra\"},\"image\":{\"@id\":\"https:\\\/\\\/physioextra.ca\\\/en\\\/#\\\/schema\\\/logo\\\/image\\\/\"},\"sameAs\":[\"https:\\\/\\\/www.facebook.com\\\/PhysioExtra\"],\"description\":\"PhysioExtra est un r\u00e9seau de cliniques de physioth\u00e9rapie et de r\u00e9adaptation au Qu\u00e9bec offrant des services de physioth\u00e9rapie, massoth\u00e9rapie, ost\u00e9opathie et soins sp\u00e9cialis\u00e9s pour la sant\u00e9 physique.\",\"email\":\"informationsweb@physioextra.ca\",\"telephone\":\"1 855 743-9872\",\"legalName\":\"Groupe PhysioExtra\",\"numberOfEmployees\":{\"@type\":\"QuantitativeValue\",\"minValue\":\"501\",\"maxValue\":\"1000\"}}]}<\/script>\n<!-- \/ Yoast SEO Premium plugin. -->","yoast_head_json":{"title":"Our business services - PhysioExtra","description":"Our corporate programs are offered to small or large organizations and aim to improve the overall health of workers.","robots":{"index":"index","follow":"follow","max-snippet":"max-snippet:-1","max-image-preview":"max-image-preview:large","max-video-preview":"max-video-preview:-1"},"canonical":"https:\/\/physioextra.ca\/en\/our-business-services\/","og_locale":"en_US","og_type":"article","og_title":"Our business services | PhysioExtra","og_description":"Our corporate programs are offered to small or large organizations and aim to improve the overall health of workers.","og_url":"https:\/\/physioextra.ca\/en\/our-business-services\/","og_site_name":"PhysioExtra","article_publisher":"https:\/\/www.facebook.com\/PhysioExtra","article_modified_time":"2026-03-10T17:34:54+00:00","og_image":[{"width":1200,"height":675,"url":"https:\/\/physioextra.ca\/wp-content\/uploads\/image-preview-social.png","type":"image\/png"}],"twitter_card":"summary_large_image","schema":{"@context":"https:\/\/schema.org","@graph":[{"@type":"WebPage","@id":"https:\/\/physioextra.ca\/en\/our-business-services\/","url":"https:\/\/physioextra.ca\/en\/our-business-services\/","name":"Our business services - PhysioExtra","isPartOf":{"@id":"https:\/\/physioextra.ca\/en\/#website"},"datePublished":"2022-04-12T23:53:54+00:00","dateModified":"2026-03-10T17:34:54+00:00","description":"Our corporate programs are offered to small or large organizations and aim to improve the overall health of workers.","breadcrumb":{"@id":"https:\/\/physioextra.ca\/en\/our-business-services\/#breadcrumb"},"inLanguage":"en-CA","potentialAction":[{"@type":"ReadAction","target":["https:\/\/physioextra.ca\/en\/our-business-services\/"]}]},{"@type":"BreadcrumbList","@id":"https:\/\/physioextra.ca\/en\/our-business-services\/#breadcrumb","itemListElement":[{"@type":"ListItem","position":1,"name":"Home","item":"https:\/\/physioextra.ca\/en\/"},{"@type":"ListItem","position":2,"name":"Our business services"}]},{"@type":"WebSite","@id":"https:\/\/physioextra.ca\/en\/#website","url":"https:\/\/physioextra.ca\/en\/","name":"PhysioExtra","description":"Cliniques de physioth\u00e9rapie avec \u00e9quipe multidisciplinaire","publisher":{"@id":"https:\/\/physioextra.ca\/en\/#organization"},"potentialAction":[{"@type":"SearchAction","target":{"@type":"EntryPoint","urlTemplate":"https:\/\/physioextra.ca\/en\/?s={search_term_string}"},"query-input":{"@type":"PropertyValueSpecification","valueRequired":true,"valueName":"search_term_string"}}],"inLanguage":"en-CA"},{"@type":"Organization","@id":"https:\/\/physioextra.ca\/en\/#organization","name":"PhysioExtra","alternateName":"PE","url":"https:\/\/physioextra.ca\/en\/","logo":{"@type":"ImageObject","inLanguage":"en-CA","@id":"https:\/\/physioextra.ca\/en\/#\/schema\/logo\/image\/","url":"https:\/\/physioextra.ca\/wp-content\/uploads\/GroupePhysioExtra.jpg","contentUrl":"https:\/\/physioextra.ca\/wp-content\/uploads\/GroupePhysioExtra.jpg","width":696,"height":696,"caption":"PhysioExtra"},"image":{"@id":"https:\/\/physioextra.ca\/en\/#\/schema\/logo\/image\/"},"sameAs":["https:\/\/www.facebook.com\/PhysioExtra"],"description":"PhysioExtra est un r\u00e9seau de cliniques de physioth\u00e9rapie et de r\u00e9adaptation au Qu\u00e9bec offrant des services de physioth\u00e9rapie, massoth\u00e9rapie, ost\u00e9opathie et soins sp\u00e9cialis\u00e9s pour la sant\u00e9 physique.","email":"informationsweb@physioextra.ca","telephone":"1 855 743-9872","legalName":"Groupe PhysioExtra","numberOfEmployees":{"@type":"QuantitativeValue","minValue":"501","maxValue":"1000"}}]}},"_links":{"self":[{"href":"https:\/\/physioextra.ca\/en\/wp-json\/wp\/v2\/pages\/324","targetHints":{"allow":["GET"]}}],"collection":[{"href":"https:\/\/physioextra.ca\/en\/wp-json\/wp\/v2\/pages"}],"about":[{"href":"https:\/\/physioextra.ca\/en\/wp-json\/wp\/v2\/types\/page"}],"author":[{"embeddable":true,"href":"https:\/\/physioextra.ca\/en\/wp-json\/wp\/v2\/users\/1"}],"replies":[{"embeddable":true,"href":"https:\/\/physioextra.ca\/en\/wp-json\/wp\/v2\/comments?post=324"}],"version-history":[{"count":2,"href":"https:\/\/physioextra.ca\/en\/wp-json\/wp\/v2\/pages\/324\/revisions"}],"predecessor-version":[{"id":15028,"href":"https:\/\/physioextra.ca\/en\/wp-json\/wp\/v2\/pages\/324\/revisions\/15028"}],"wp:attachment":[{"href":"https:\/\/physioextra.ca\/en\/wp-json\/wp\/v2\/media?parent=324"}],"curies":[{"name":"wp","href":"https:\/\/api.w.org\/{rel}","templated":true}]}}