{"id":3935,"date":"2022-05-08T19:22:02","date_gmt":"2022-05-08T23:22:02","guid":{"rendered":"https:\/\/physioex.impulsionmedia.com\/?page_id=3935"},"modified":"2022-06-06T17:28:01","modified_gmt":"2022-06-06T21:28:01","slug":"telerehabilitation","status":"publish","type":"page","link":"https:\/\/physioextra.ca\/en\/telerehabilitation\/","title":{"rendered":"Telerehabilitation"},"content":{"rendered":"<h2>What is telerehabilitation<\/h2>\n<p>Telerehabilitation is increasingly popular and is available for physiotherapy, occupational therapy, kinesiology, psychology, psychoeducation and psychotherapy treatments.<\/p>\n<p>Through virtual consultation accessible from the comfort of your home, your therapist is able to remotely assess your condition and discuss an effective treatment plan with you. He or she can also provide advice and exercises to help reduce your symptoms.<\/p>\n<p>It is often possible to combine in-clinic treatment with telerehabilitation, so talk to your health care professional.<\/p>\n<h2>Why consult at a distance?<\/h2>\n<p><strong>\u00a0<\/strong>Telerehabilitation offers many advantages. You can:<\/p>\n<ul>\n<li><strong>Start your rehabilitation quickly<\/strong> based on the advice and exercises recommended by your therapist, without having to wait for the next available in-clinic appointment.<\/li>\n<li><strong>Save time<\/strong> by avoiding travel, which also facilitates follow-ups.<\/li>\n<li><strong>Access rehabilitation care<\/strong> if you cannot travel, if you live in a remote area, if the weather is bad, etc.<\/li>\n<\/ul>\n<p><img loading=\"lazy\" decoding=\"async\" class=\"size-full wp-image-380 aligncenter\" src=\"\/wp-content\/uploads\/Telereadapt-scaled.jpg\" alt=\"\" width=\"2560\" height=\"1280\" srcset=\"https:\/\/physioextra.ca\/wp-content\/uploads\/Telereadapt-scaled.jpg 2560w, https:\/\/physioextra.ca\/wp-content\/uploads\/Telereadapt-150x75.jpg 150w, https:\/\/physioextra.ca\/wp-content\/uploads\/Telereadapt-768x384.jpg 768w, https:\/\/physioextra.ca\/wp-content\/uploads\/Telereadapt-1536x768.jpg 1536w, https:\/\/physioextra.ca\/wp-content\/uploads\/Telereadapt-2048x1024.jpg 2048w\" sizes=\"auto, (max-width: 2560px) 100vw, 2560px\" \/><\/p>\n<h2>How does a physiotherapy telerehabilitation session work?<\/h2>\n<p>Before your first appointment, you will receive an email with all the information you need to connect.<\/p>\n<p>As in a clinic, your therapist will first ask you questions in order to understand your health issue and your symptoms. Then, he or she will ask you to move in front of the camera in order to evaluate, for example, the amplitude and quality of your movements, your motor control, your muscular endurance, your posture, etc.<\/p>\n<p>After this assessment, your therapist will explain the source of the problem and the cause of your symptoms, and then teach you techniques and exercises to help you reduce these symptoms. He or she will discuss a treatment plan with you, either remotely or in-clinic, depending on your physical condition and preferences.<\/p>\n<h2>What can't your therapist do remotely?<\/h2>\n<p>Some physical tests cannot be done remotely. However, the assessment mostly remains the same whether it is done in a clinic or remotely, since the camera allows your therapist to properly assess your movements.<\/p>\n<p>Where face-to-face testing is required to complete your assessment, your therapist will recommend in-clinic follow-ups.<\/p>\n<h2>What do you need for your telerehabilitation session?<\/h2>\n<ul>\n<li><strong>\u00a0<\/strong>A stable internet connection<\/li>\n<li>A device (computer or tablet) with a video camera and microphone. You can use your mobile phone, but the screen size is less suitable for this type of consultation.<\/li>\n<\/ul>\n<p>Important! You must be able to move the device around, adjust the camera angle and put it down to free your hands so that your therapist can properly assess your movements.<\/p>\n<ul>\n<li>Space to move whether standing, sitting in a chair or lying down (on the floor, on a bed or in a chair, depending on your ability)<\/li>\n<li>Clothing that clears the area to be assessed (for example, shorts for a knee or a camisole for a shoulder)<\/li>\n<\/ul>\n<p>Sit in a quiet environment and, if possible, limit distractions so that you are fully available for the duration of your session.<\/p>\n<p>Make sure that the lighting will allow your therapist to see you clearly and avoid strong backlighting (when the light source is behind you) as much as possible.<\/p>\n<p>Consider being accompanied if you need help to move around.<\/p>\n<h2>Is telerehabilitation safe?<\/h2>\n<p>We use digital collaboration platforms that ensure the security of user data.<\/p>\n<p>Payment of fees, if applicable, is made through a secure payment platform or by phone, depending on your preference.<\/p>\n<div class=\"readaptation\"><span class=\"readaptation-img\"><img loading=\"lazy\" decoding=\"async\" src=\"\/wp-content\/uploads\/icn-telereadaptation.png\" alt=\"T\u00e9l\u00e9r\u00e9adaptation\" width=\"82\" height=\"71\" \/><\/span><span class=\"readaptation-text\">Make an appointment by dialing <strong><a href=\"tel:18557439872\">1 855 743.9872<\/a><\/strong>.<\/span><\/div>\n","protected":false},"excerpt":{"rendered":"<p>What is telerehabilitation Telerehabilitation is increasingly popular and is available for physiotherapy, occupational therapy, kinesiology, psychology, psychoeducation and psychotherapy treatments. Through virtual consultation accessible from the comfort of your home, your therapist is able to [&hellip;]<\/p>\n","protected":false},"author":1,"featured_media":0,"parent":0,"menu_order":0,"comment_status":"closed","ping_status":"closed","template":"normal-2-col-bleu.php","meta":{"_acf_changed":false,"footnotes":""},"class_list":["post-3935","page","type-page","status-publish","hentry"],"acf":[],"yoast_head":"<!-- This site is optimized with the Yoast SEO Premium plugin v27.3 (Yoast SEO v27.3) - https:\/\/yoast.com\/product\/yoast-seo-premium-wordpress\/ -->\n<title>Telerehabilitation | PhysioExtra<\/title>\n<meta name=\"description\" content=\"Telerehabilitation allows you to consult one of our health professionals remotely. It&#039;s easy, convenient and saves you travel!\" \/>\n<meta name=\"robots\" content=\"index, follow, max-snippet:-1, max-image-preview:large, max-video-preview:-1\" \/>\n<link rel=\"canonical\" href=\"https:\/\/physioextra.ca\/en\/telerehabilitation\/\" \/>\n<meta property=\"og:locale\" content=\"en_US\" \/>\n<meta property=\"og:type\" content=\"article\" \/>\n<meta property=\"og:title\" content=\"Telerehabilitation | PhysioExtra\" \/>\n<meta property=\"og:description\" content=\"Telerehabilitation allows you to consult one of our health professionals remotely. It&#039;s easy, convenient and saves you travel!\" \/>\n<meta property=\"og:url\" content=\"https:\/\/physioextra.ca\/en\/telerehabilitation\/\" \/>\n<meta property=\"og:site_name\" content=\"PhysioExtra\" \/>\n<meta property=\"article:publisher\" content=\"https:\/\/www.facebook.com\/PhysioExtra\" \/>\n<meta property=\"article:modified_time\" content=\"2022-06-06T21:28:01+00:00\" \/>\n<meta property=\"og:image\" content=\"https:\/\/physioextra.ca\/wp-content\/uploads\/image-preview-social.png\" \/>\n\t<meta property=\"og:image:width\" content=\"1200\" \/>\n\t<meta property=\"og:image:height\" content=\"675\" \/>\n\t<meta property=\"og:image:type\" content=\"image\/png\" \/>\n<meta name=\"twitter:card\" content=\"summary_large_image\" \/>\n<script type=\"application\/ld+json\" class=\"yoast-schema-graph\">{\"@context\":\"https:\\\/\\\/schema.org\",\"@graph\":[{\"@type\":\"WebPage\",\"@id\":\"https:\\\/\\\/physioextra.ca\\\/en\\\/telerehabilitation\\\/\",\"url\":\"https:\\\/\\\/physioextra.ca\\\/en\\\/telerehabilitation\\\/\",\"name\":\"Telerehabilitation | PhysioExtra\",\"isPartOf\":{\"@id\":\"https:\\\/\\\/physioextra.ca\\\/en\\\/#website\"},\"datePublished\":\"2022-05-08T23:22:02+00:00\",\"dateModified\":\"2022-06-06T21:28:01+00:00\",\"description\":\"Telerehabilitation allows you to consult one of our health professionals remotely. It's easy, convenient and saves you travel!\",\"breadcrumb\":{\"@id\":\"https:\\\/\\\/physioextra.ca\\\/en\\\/telerehabilitation\\\/#breadcrumb\"},\"inLanguage\":\"en-CA\",\"potentialAction\":[{\"@type\":\"ReadAction\",\"target\":[\"https:\\\/\\\/physioextra.ca\\\/en\\\/telerehabilitation\\\/\"]}]},{\"@type\":\"BreadcrumbList\",\"@id\":\"https:\\\/\\\/physioextra.ca\\\/en\\\/telerehabilitation\\\/#breadcrumb\",\"itemListElement\":[{\"@type\":\"ListItem\",\"position\":1,\"name\":\"Home\",\"item\":\"https:\\\/\\\/physioextra.ca\\\/en\\\/\"},{\"@type\":\"ListItem\",\"position\":2,\"name\":\"Telerehabilitation\"}]},{\"@type\":\"WebSite\",\"@id\":\"https:\\\/\\\/physioextra.ca\\\/en\\\/#website\",\"url\":\"https:\\\/\\\/physioextra.ca\\\/en\\\/\",\"name\":\"PhysioExtra\",\"description\":\"Cliniques de physioth\u00e9rapie avec \u00e9quipe multidisciplinaire\",\"publisher\":{\"@id\":\"https:\\\/\\\/physioextra.ca\\\/en\\\/#organization\"},\"potentialAction\":[{\"@type\":\"SearchAction\",\"target\":{\"@type\":\"EntryPoint\",\"urlTemplate\":\"https:\\\/\\\/physioextra.ca\\\/en\\\/?s={search_term_string}\"},\"query-input\":{\"@type\":\"PropertyValueSpecification\",\"valueRequired\":true,\"valueName\":\"search_term_string\"}}],\"inLanguage\":\"en-CA\"},{\"@type\":\"Organization\",\"@id\":\"https:\\\/\\\/physioextra.ca\\\/en\\\/#organization\",\"name\":\"PhysioExtra\",\"alternateName\":\"PE\",\"url\":\"https:\\\/\\\/physioextra.ca\\\/en\\\/\",\"logo\":{\"@type\":\"ImageObject\",\"inLanguage\":\"en-CA\",\"@id\":\"https:\\\/\\\/physioextra.ca\\\/en\\\/#\\\/schema\\\/logo\\\/image\\\/\",\"url\":\"https:\\\/\\\/physioextra.ca\\\/wp-content\\\/uploads\\\/GroupePhysioExtra.jpg\",\"contentUrl\":\"https:\\\/\\\/physioextra.ca\\\/wp-content\\\/uploads\\\/GroupePhysioExtra.jpg\",\"width\":696,\"height\":696,\"caption\":\"PhysioExtra\"},\"image\":{\"@id\":\"https:\\\/\\\/physioextra.ca\\\/en\\\/#\\\/schema\\\/logo\\\/image\\\/\"},\"sameAs\":[\"https:\\\/\\\/www.facebook.com\\\/PhysioExtra\"],\"description\":\"PhysioExtra est un r\u00e9seau de cliniques de physioth\u00e9rapie et de r\u00e9adaptation au Qu\u00e9bec offrant des services de physioth\u00e9rapie, massoth\u00e9rapie, ost\u00e9opathie et soins sp\u00e9cialis\u00e9s pour la sant\u00e9 physique.\",\"email\":\"informationsweb@physioextra.ca\",\"telephone\":\"1 855 743-9872\",\"legalName\":\"Groupe PhysioExtra\",\"numberOfEmployees\":{\"@type\":\"QuantitativeValue\",\"minValue\":\"501\",\"maxValue\":\"1000\"}}]}<\/script>\n<!-- \/ Yoast SEO Premium plugin. -->","yoast_head_json":{"title":"Telerehabilitation | PhysioExtra","description":"Telerehabilitation allows you to consult one of our health professionals remotely. It's easy, convenient and saves you travel!","robots":{"index":"index","follow":"follow","max-snippet":"max-snippet:-1","max-image-preview":"max-image-preview:large","max-video-preview":"max-video-preview:-1"},"canonical":"https:\/\/physioextra.ca\/en\/telerehabilitation\/","og_locale":"en_US","og_type":"article","og_title":"Telerehabilitation | PhysioExtra","og_description":"Telerehabilitation allows you to consult one of our health professionals remotely. It's easy, convenient and saves you travel!","og_url":"https:\/\/physioextra.ca\/en\/telerehabilitation\/","og_site_name":"PhysioExtra","article_publisher":"https:\/\/www.facebook.com\/PhysioExtra","article_modified_time":"2022-06-06T21:28:01+00:00","og_image":[{"width":1200,"height":675,"url":"https:\/\/physioextra.ca\/wp-content\/uploads\/image-preview-social.png","type":"image\/png"}],"twitter_card":"summary_large_image","schema":{"@context":"https:\/\/schema.org","@graph":[{"@type":"WebPage","@id":"https:\/\/physioextra.ca\/en\/telerehabilitation\/","url":"https:\/\/physioextra.ca\/en\/telerehabilitation\/","name":"Telerehabilitation | PhysioExtra","isPartOf":{"@id":"https:\/\/physioextra.ca\/en\/#website"},"datePublished":"2022-05-08T23:22:02+00:00","dateModified":"2022-06-06T21:28:01+00:00","description":"Telerehabilitation allows you to consult one of our health professionals remotely. It's easy, convenient and saves you travel!","breadcrumb":{"@id":"https:\/\/physioextra.ca\/en\/telerehabilitation\/#breadcrumb"},"inLanguage":"en-CA","potentialAction":[{"@type":"ReadAction","target":["https:\/\/physioextra.ca\/en\/telerehabilitation\/"]}]},{"@type":"BreadcrumbList","@id":"https:\/\/physioextra.ca\/en\/telerehabilitation\/#breadcrumb","itemListElement":[{"@type":"ListItem","position":1,"name":"Home","item":"https:\/\/physioextra.ca\/en\/"},{"@type":"ListItem","position":2,"name":"Telerehabilitation"}]},{"@type":"WebSite","@id":"https:\/\/physioextra.ca\/en\/#website","url":"https:\/\/physioextra.ca\/en\/","name":"PhysioExtra","description":"Cliniques de physioth\u00e9rapie avec \u00e9quipe multidisciplinaire","publisher":{"@id":"https:\/\/physioextra.ca\/en\/#organization"},"potentialAction":[{"@type":"SearchAction","target":{"@type":"EntryPoint","urlTemplate":"https:\/\/physioextra.ca\/en\/?s={search_term_string}"},"query-input":{"@type":"PropertyValueSpecification","valueRequired":true,"valueName":"search_term_string"}}],"inLanguage":"en-CA"},{"@type":"Organization","@id":"https:\/\/physioextra.ca\/en\/#organization","name":"PhysioExtra","alternateName":"PE","url":"https:\/\/physioextra.ca\/en\/","logo":{"@type":"ImageObject","inLanguage":"en-CA","@id":"https:\/\/physioextra.ca\/en\/#\/schema\/logo\/image\/","url":"https:\/\/physioextra.ca\/wp-content\/uploads\/GroupePhysioExtra.jpg","contentUrl":"https:\/\/physioextra.ca\/wp-content\/uploads\/GroupePhysioExtra.jpg","width":696,"height":696,"caption":"PhysioExtra"},"image":{"@id":"https:\/\/physioextra.ca\/en\/#\/schema\/logo\/image\/"},"sameAs":["https:\/\/www.facebook.com\/PhysioExtra"],"description":"PhysioExtra est un r\u00e9seau de cliniques de physioth\u00e9rapie et de r\u00e9adaptation au Qu\u00e9bec offrant des services de physioth\u00e9rapie, massoth\u00e9rapie, ost\u00e9opathie et soins sp\u00e9cialis\u00e9s pour la sant\u00e9 physique.","email":"informationsweb@physioextra.ca","telephone":"1 855 743-9872","legalName":"Groupe PhysioExtra","numberOfEmployees":{"@type":"QuantitativeValue","minValue":"501","maxValue":"1000"}}]}},"_links":{"self":[{"href":"https:\/\/physioextra.ca\/en\/wp-json\/wp\/v2\/pages\/3935","targetHints":{"allow":["GET"]}}],"collection":[{"href":"https:\/\/physioextra.ca\/en\/wp-json\/wp\/v2\/pages"}],"about":[{"href":"https:\/\/physioextra.ca\/en\/wp-json\/wp\/v2\/types\/page"}],"author":[{"embeddable":true,"href":"https:\/\/physioextra.ca\/en\/wp-json\/wp\/v2\/users\/1"}],"replies":[{"embeddable":true,"href":"https:\/\/physioextra.ca\/en\/wp-json\/wp\/v2\/comments?post=3935"}],"version-history":[{"count":0,"href":"https:\/\/physioextra.ca\/en\/wp-json\/wp\/v2\/pages\/3935\/revisions"}],"wp:attachment":[{"href":"https:\/\/physioextra.ca\/en\/wp-json\/wp\/v2\/media?parent=3935"}],"curies":[{"name":"wp","href":"https:\/\/api.w.org\/{rel}","templated":true}]}}