{"id":3995,"date":"2022-05-08T22:47:04","date_gmt":"2022-05-09T02:47:04","guid":{"rendered":"https:\/\/physioex.impulsionmedia.com\/?page_id=3995"},"modified":"2025-10-21T03:28:23","modified_gmt":"2025-10-21T07:28:23","slug":"find-a-clinic","status":"publish","type":"page","link":"https:\/\/physioextra.ca\/en\/find-a-clinic\/","title":{"rendered":"Find a clinic"},"content":{"rendered":"<style>\r\n\t#wpsl-stores .wpsl-store-thumb {height:45px !important; width:45px !important;}\r\n\t#wpsl-stores, #wpsl-direction-details, #wpsl-gmap {height:550px !important;}\r\n\t#wpsl-gmap .wpsl-info-window {max-width:225px !important;}\r\n\t.wpsl-input label, #wpsl-radius label, #wpsl-category label {width:150px;}\r\n\t#wpsl-search-input  {width:179px;}\r\n<\/style>\r\n<div id=\"wpsl-wrap\">\r\n\t<div class=\"wpsl-search wpsl-clearfix \">\r\n\t\t<div id=\"wpsl-search-wrap\">\r\n\t\t\t<form autocomplete=\"off\">\r\n\t\t\t<div class=\"wpsl-input\">\r\n\t\t\t\t<div><label for=\"wpsl-search-input\">City or postal code<\/label><\/div>\r\n\t\t\t\t<input id=\"wpsl-search-input\" type=\"text\" value=\"\" name=\"wpsl-search-input\" placeholder=\"\" aria-required=\"true\" \/>\r\n\t\t\t<\/div>\r\n\t\t\t<div class=\"wpsl-select-wrap\">\r\n\t\t\t\t<div id=\"wpsl-radius\">\r\n\t\t\t\t\t<label for=\"wpsl-radius-dropdown\">Distance<\/label>\r\n\t\t\t\t\t<select id=\"wpsl-radius-dropdown\" class=\"wpsl-dropdown\" name=\"wpsl-radius\">\r\n\t\t\t\t\t\t<option value=\"10\">10 km<\/option><option value=\"25\">25 km<\/option><option value=\"50\">50 km<\/option><option value=\"100\">100 km<\/option><option value=\"200\">200 km<\/option><option selected=\"selected\" value=\"500\">500 km<\/option>\r\n\t\t\t\t\t<\/select>\r\n\t\t\t\t<\/div>\r\n\t\t\t\t<div id=\"wpsl-results\">\r\n\t\t\t\t\t<label for=\"wpsl-results-dropdown\">Results<\/label>\r\n\t\t\t\t\t<select id=\"wpsl-results-dropdown\" class=\"wpsl-dropdown\" name=\"wpsl-results\">\r\n\t\t\t\t\t\t<option value=\"10\">10<\/option><option value=\"15\">15<\/option><option value=\"25\">25<\/option><option selected=\"selected\" value=\"50\">50<\/option>\r\n\t\t\t\t\t<\/select>\r\n\t\t\t\t<\/div>\r\n\t\t\t<\/div>\r\n\t\t\t\t<div class=\"wpsl-search-btn-wrap\"><input id=\"wpsl-search-btn\" type=\"submit\" value=\"Search\"><\/div>\r\n\t\t<\/form>\r\n\t\t<\/div>\r\n\t<\/div>\r\n\t<div id=\"wpsl-gmap\" class=\"wpsl-gmap-canvas\"><\/div>\r\n\t<div id=\"wpsl-result-list\">\r\n\t\t<div id=\"wpsl-stores\" >\r\n\t\t\t<ul><\/ul>\r\n\t\t<\/div>\r\n\t\t<div id=\"wpsl-direction-details\">\r\n\t\t\t<ul><\/ul>\r\n\t\t<\/div>\r\n\t<\/div>\r\n<\/div>\r\n\n","protected":false},"excerpt":{"rendered":"","protected":false},"author":1,"featured_media":0,"parent":0,"menu_order":0,"comment_status":"closed","ping_status":"closed","template":"fullwidth-plain.php","meta":{"_acf_changed":false,"footnotes":""},"class_list":["post-3995","page","type-page","status-publish","hentry"],"acf":[],"yoast_head":"<!-- This site is optimized with the Yoast SEO Premium plugin v27.3 (Yoast SEO v27.3) - https:\/\/yoast.com\/product\/yoast-seo-premium-wordpress\/ -->\n<title>Find a clinic | PhysioExtra<\/title>\n<meta name=\"robots\" content=\"index, follow, max-snippet:-1, max-image-preview:large, max-video-preview:-1\" \/>\n<link rel=\"canonical\" href=\"https:\/\/physioextra.ca\/en\/find-a-clinic\/\" \/>\n<meta property=\"og:locale\" content=\"en_US\" \/>\n<meta property=\"og:type\" content=\"article\" \/>\n<meta property=\"og:title\" content=\"Find a clinic | PhysioExtra\" \/>\n<meta property=\"og:url\" content=\"https:\/\/physioextra.ca\/en\/find-a-clinic\/\" \/>\n<meta property=\"og:site_name\" content=\"PhysioExtra\" \/>\n<meta property=\"article:publisher\" content=\"https:\/\/www.facebook.com\/PhysioExtra\" \/>\n<meta property=\"article:modified_time\" content=\"2025-10-21T07:28:23+00:00\" \/>\n<meta property=\"og:image\" content=\"https:\/\/physioextra.ca\/wp-content\/uploads\/image-preview-social.png\" \/>\n\t<meta property=\"og:image:width\" content=\"1200\" \/>\n\t<meta property=\"og:image:height\" content=\"675\" \/>\n\t<meta property=\"og:image:type\" content=\"image\/png\" \/>\n<meta name=\"twitter:card\" content=\"summary_large_image\" \/>\n<script type=\"application\/ld+json\" class=\"yoast-schema-graph\">{\"@context\":\"https:\\\/\\\/schema.org\",\"@graph\":[{\"@type\":\"WebPage\",\"@id\":\"https:\\\/\\\/physioextra.ca\\\/en\\\/find-a-clinic\\\/\",\"url\":\"https:\\\/\\\/physioextra.ca\\\/en\\\/find-a-clinic\\\/\",\"name\":\"Find a clinic | PhysioExtra\",\"isPartOf\":{\"@id\":\"https:\\\/\\\/physioextra.ca\\\/en\\\/#website\"},\"datePublished\":\"2022-05-09T02:47:04+00:00\",\"dateModified\":\"2025-10-21T07:28:23+00:00\",\"breadcrumb\":{\"@id\":\"https:\\\/\\\/physioextra.ca\\\/en\\\/find-a-clinic\\\/#breadcrumb\"},\"inLanguage\":\"en-CA\",\"potentialAction\":[{\"@type\":\"ReadAction\",\"target\":[\"https:\\\/\\\/physioextra.ca\\\/en\\\/find-a-clinic\\\/\"]}]},{\"@type\":\"BreadcrumbList\",\"@id\":\"https:\\\/\\\/physioextra.ca\\\/en\\\/find-a-clinic\\\/#breadcrumb\",\"itemListElement\":[{\"@type\":\"ListItem\",\"position\":1,\"name\":\"Home\",\"item\":\"https:\\\/\\\/physioextra.ca\\\/en\\\/\"},{\"@type\":\"ListItem\",\"position\":2,\"name\":\"Find a clinic\"}]},{\"@type\":\"WebSite\",\"@id\":\"https:\\\/\\\/physioextra.ca\\\/en\\\/#website\",\"url\":\"https:\\\/\\\/physioextra.ca\\\/en\\\/\",\"name\":\"PhysioExtra\",\"description\":\"Cliniques de physioth\u00e9rapie avec \u00e9quipe multidisciplinaire\",\"publisher\":{\"@id\":\"https:\\\/\\\/physioextra.ca\\\/en\\\/#organization\"},\"potentialAction\":[{\"@type\":\"SearchAction\",\"target\":{\"@type\":\"EntryPoint\",\"urlTemplate\":\"https:\\\/\\\/physioextra.ca\\\/en\\\/?s={search_term_string}\"},\"query-input\":{\"@type\":\"PropertyValueSpecification\",\"valueRequired\":true,\"valueName\":\"search_term_string\"}}],\"inLanguage\":\"en-CA\"},{\"@type\":\"Organization\",\"@id\":\"https:\\\/\\\/physioextra.ca\\\/en\\\/#organization\",\"name\":\"PhysioExtra\",\"alternateName\":\"PE\",\"url\":\"https:\\\/\\\/physioextra.ca\\\/en\\\/\",\"logo\":{\"@type\":\"ImageObject\",\"inLanguage\":\"en-CA\",\"@id\":\"https:\\\/\\\/physioextra.ca\\\/en\\\/#\\\/schema\\\/logo\\\/image\\\/\",\"url\":\"https:\\\/\\\/physioextra.ca\\\/wp-content\\\/uploads\\\/GroupePhysioExtra.jpg\",\"contentUrl\":\"https:\\\/\\\/physioextra.ca\\\/wp-content\\\/uploads\\\/GroupePhysioExtra.jpg\",\"width\":696,\"height\":696,\"caption\":\"PhysioExtra\"},\"image\":{\"@id\":\"https:\\\/\\\/physioextra.ca\\\/en\\\/#\\\/schema\\\/logo\\\/image\\\/\"},\"sameAs\":[\"https:\\\/\\\/www.facebook.com\\\/PhysioExtra\"],\"description\":\"PhysioExtra est un r\u00e9seau de cliniques de physioth\u00e9rapie et de r\u00e9adaptation au Qu\u00e9bec offrant des services de physioth\u00e9rapie, massoth\u00e9rapie, ost\u00e9opathie et soins sp\u00e9cialis\u00e9s pour la sant\u00e9 physique.\",\"email\":\"informationsweb@physioextra.ca\",\"telephone\":\"1 855 743-9872\",\"legalName\":\"Groupe PhysioExtra\",\"numberOfEmployees\":{\"@type\":\"QuantitativeValue\",\"minValue\":\"501\",\"maxValue\":\"1000\"}}]}<\/script>\n<!-- \/ Yoast SEO Premium plugin. -->","yoast_head_json":{"title":"Find a clinic | PhysioExtra","robots":{"index":"index","follow":"follow","max-snippet":"max-snippet:-1","max-image-preview":"max-image-preview:large","max-video-preview":"max-video-preview:-1"},"canonical":"https:\/\/physioextra.ca\/en\/find-a-clinic\/","og_locale":"en_US","og_type":"article","og_title":"Find a clinic | PhysioExtra","og_url":"https:\/\/physioextra.ca\/en\/find-a-clinic\/","og_site_name":"PhysioExtra","article_publisher":"https:\/\/www.facebook.com\/PhysioExtra","article_modified_time":"2025-10-21T07:28:23+00:00","og_image":[{"width":1200,"height":675,"url":"https:\/\/physioextra.ca\/wp-content\/uploads\/image-preview-social.png","type":"image\/png"}],"twitter_card":"summary_large_image","schema":{"@context":"https:\/\/schema.org","@graph":[{"@type":"WebPage","@id":"https:\/\/physioextra.ca\/en\/find-a-clinic\/","url":"https:\/\/physioextra.ca\/en\/find-a-clinic\/","name":"Find a clinic | PhysioExtra","isPartOf":{"@id":"https:\/\/physioextra.ca\/en\/#website"},"datePublished":"2022-05-09T02:47:04+00:00","dateModified":"2025-10-21T07:28:23+00:00","breadcrumb":{"@id":"https:\/\/physioextra.ca\/en\/find-a-clinic\/#breadcrumb"},"inLanguage":"en-CA","potentialAction":[{"@type":"ReadAction","target":["https:\/\/physioextra.ca\/en\/find-a-clinic\/"]}]},{"@type":"BreadcrumbList","@id":"https:\/\/physioextra.ca\/en\/find-a-clinic\/#breadcrumb","itemListElement":[{"@type":"ListItem","position":1,"name":"Home","item":"https:\/\/physioextra.ca\/en\/"},{"@type":"ListItem","position":2,"name":"Find a clinic"}]},{"@type":"WebSite","@id":"https:\/\/physioextra.ca\/en\/#website","url":"https:\/\/physioextra.ca\/en\/","name":"PhysioExtra","description":"Cliniques de physioth\u00e9rapie avec \u00e9quipe multidisciplinaire","publisher":{"@id":"https:\/\/physioextra.ca\/en\/#organization"},"potentialAction":[{"@type":"SearchAction","target":{"@type":"EntryPoint","urlTemplate":"https:\/\/physioextra.ca\/en\/?s={search_term_string}"},"query-input":{"@type":"PropertyValueSpecification","valueRequired":true,"valueName":"search_term_string"}}],"inLanguage":"en-CA"},{"@type":"Organization","@id":"https:\/\/physioextra.ca\/en\/#organization","name":"PhysioExtra","alternateName":"PE","url":"https:\/\/physioextra.ca\/en\/","logo":{"@type":"ImageObject","inLanguage":"en-CA","@id":"https:\/\/physioextra.ca\/en\/#\/schema\/logo\/image\/","url":"https:\/\/physioextra.ca\/wp-content\/uploads\/GroupePhysioExtra.jpg","contentUrl":"https:\/\/physioextra.ca\/wp-content\/uploads\/GroupePhysioExtra.jpg","width":696,"height":696,"caption":"PhysioExtra"},"image":{"@id":"https:\/\/physioextra.ca\/en\/#\/schema\/logo\/image\/"},"sameAs":["https:\/\/www.facebook.com\/PhysioExtra"],"description":"PhysioExtra est un r\u00e9seau de cliniques de physioth\u00e9rapie et de r\u00e9adaptation au Qu\u00e9bec offrant des services de physioth\u00e9rapie, massoth\u00e9rapie, ost\u00e9opathie et soins sp\u00e9cialis\u00e9s pour la sant\u00e9 physique.","email":"informationsweb@physioextra.ca","telephone":"1 855 743-9872","legalName":"Groupe PhysioExtra","numberOfEmployees":{"@type":"QuantitativeValue","minValue":"501","maxValue":"1000"}}]}},"_links":{"self":[{"href":"https:\/\/physioextra.ca\/en\/wp-json\/wp\/v2\/pages\/3995","targetHints":{"allow":["GET"]}}],"collection":[{"href":"https:\/\/physioextra.ca\/en\/wp-json\/wp\/v2\/pages"}],"about":[{"href":"https:\/\/physioextra.ca\/en\/wp-json\/wp\/v2\/types\/page"}],"author":[{"embeddable":true,"href":"https:\/\/physioextra.ca\/en\/wp-json\/wp\/v2\/users\/1"}],"replies":[{"embeddable":true,"href":"https:\/\/physioextra.ca\/en\/wp-json\/wp\/v2\/comments?post=3995"}],"version-history":[{"count":1,"href":"https:\/\/physioextra.ca\/en\/wp-json\/wp\/v2\/pages\/3995\/revisions"}],"predecessor-version":[{"id":12816,"href":"https:\/\/physioextra.ca\/en\/wp-json\/wp\/v2\/pages\/3995\/revisions\/12816"}],"wp:attachment":[{"href":"https:\/\/physioextra.ca\/en\/wp-json\/wp\/v2\/media?parent=3995"}],"curies":[{"name":"wp","href":"https:\/\/api.w.org\/{rel}","templated":true}]}}