{"id":4081,"date":"2022-05-09T00:19:31","date_gmt":"2022-05-09T04:19:31","guid":{"rendered":"https:\/\/physioex.impulsionmedia.com\/?page_id=4081"},"modified":"2026-01-05T20:29:17","modified_gmt":"2026-01-06T01:29:17","slug":"contact-us","status":"publish","type":"page","link":"https:\/\/physioextra.ca\/en\/contact-us\/","title":{"rendered":"Contact us"},"content":{"rendered":"<h2 class=\"widgettitle\">Our contact information<\/h2>\n<p>Toll free: <a class=\"tel\" href=\"tel:18557439872\">1 855 743.9872<\/a><br \/>\nFax: 514 383.1735<\/p>\n<p><strong>Head office<\/strong><br \/>\n8560, rue Saint-Hubert, # 400<br \/>\nMontr\u00e9al (Qu\u00e9bec) H2P 1Z7<\/p>\n<h2 class=\"widgettitle\">Request for information<\/h2>\n\n<div class=\"wpcf7 no-js\" id=\"wpcf7-f14163-o1\" lang=\"en-CA\" dir=\"ltr\" data-wpcf7-id=\"14163\">\n<div class=\"screen-reader-response\"><p role=\"status\" aria-live=\"polite\" aria-atomic=\"true\"><\/p> <ul><\/ul><\/div>\n<form action=\"\/en\/wp-json\/wp\/v2\/pages\/4081#wpcf7-f14163-o1\" method=\"post\" class=\"wpcf7-form init\" aria-label=\"Contact form\" novalidate=\"novalidate\" data-status=\"init\">\n<fieldset class=\"hidden-fields-container\"><input type=\"hidden\" name=\"_wpcf7\" value=\"14163\" \/><input type=\"hidden\" name=\"_wpcf7_version\" value=\"6.1.5\" \/><input type=\"hidden\" name=\"_wpcf7_locale\" value=\"en_CA\" \/><input type=\"hidden\" name=\"_wpcf7_unit_tag\" value=\"wpcf7-f14163-o1\" \/><input type=\"hidden\" name=\"_wpcf7_container_post\" value=\"0\" \/><input type=\"hidden\" name=\"_wpcf7_posted_data_hash\" value=\"\" \/><input type=\"hidden\" name=\"_wpcf7_recaptcha_response\" value=\"\" \/>\n<\/fieldset>\n<div class=\"form-half-first\">\n\t<p><label>First name<span class=\"req\">*<\/span><br \/>\n<span class=\"wpcf7-form-control-wrap\" data-name=\"prenom\"><input size=\"40\" maxlength=\"400\" class=\"wpcf7-form-control wpcf7-text wpcf7-validates-as-required\" aria-required=\"true\" aria-invalid=\"false\" value=\"\" type=\"text\" name=\"prenom\" \/><\/span> <\/label>\n\t<\/p>\n<\/div>\n<div class=\"form-half-second\">\n\t<p><label>Last name <span class=\"req\">*<\/span><br \/>\n<span class=\"wpcf7-form-control-wrap\" data-name=\"Nomdefamille\"><input size=\"40\" maxlength=\"400\" class=\"wpcf7-form-control wpcf7-text wpcf7-validates-as-required\" aria-required=\"true\" aria-invalid=\"false\" value=\"\" type=\"text\" name=\"Nomdefamille\" \/><\/span> <\/label>\n\t<\/p>\n<\/div>\n<div class=\"form-half-first\">\n\t<p><label>E-mail<span class=\"req\">*<\/span><br \/>\n<span class=\"wpcf7-form-control-wrap\" data-name=\"your-email\"><input size=\"40\" maxlength=\"400\" class=\"wpcf7-form-control wpcf7-email wpcf7-validates-as-required wpcf7-text wpcf7-validates-as-email\" aria-required=\"true\" aria-invalid=\"false\" value=\"\" type=\"email\" name=\"your-email\" \/><\/span> <\/label>\n\t<\/p>\n<\/div>\n<div class=\"form-full\">\n\t<p><label>Select a clinic or our head office!<span class=\"req\">*<\/span><br \/>\n<span class=\"wpcf7-form-control-wrap\" data-name=\"clinique-list\"><select class=\"wpcf7-form-control wpcf7-select wpcf7-validates-as-required\" aria-required=\"true\" aria-invalid=\"false\" name=\"clinique-list\"><option value=\"Please select\">Please select<\/option><option value=\"HEAD office - Groupe Physioextra\">HEAD office - Groupe Physioextra<\/option><option value=\"Ahuntsic \u2022 Centre\">Ahuntsic \u2022 Centre<\/option><option value=\"Ahuntsic \u2022 Fleury\">Ahuntsic \u2022 Fleury<\/option><option value=\"Berthierville\">Berthierville<\/option><option value=\"Blainville\">Blainville<\/option><option value=\"Blainville \u2022 Centre\">Blainville \u2022 Centre<\/option><option value=\"Blainville \u2022 Nord\">Blainville \u2022 Nord<\/option><option value=\"Pays-d&#039;en-Haut (Sainte-Ad\u00e8le)\">Pays-d&#039;en-Haut (Sainte-Ad\u00e8le)<\/option><option value=\"Gym du Plateau Mont-Royal\">Gym du Plateau Mont-Royal<\/option><option value=\"Lachenaie\">Lachenaie<\/option><option value=\"Lachute\">Lachute<\/option><option value=\"Laval \u2022 Fabreville\">Laval \u2022 Fabreville<\/option><option value=\"Laval \u2022 Saint-Fran\u00e7ois\">Laval \u2022 Saint-Fran\u00e7ois<\/option><option value=\"Laval \u2022 Sainte-Doroth\u00e9e\">Laval \u2022 Sainte-Doroth\u00e9e<\/option><option value=\"Laval \u2022 Vimont\">Laval \u2022 Vimont<\/option><option value=\"Lavaltrie\">Lavaltrie<\/option><option value=\"Longueuil\">Longueuil<\/option><option value=\"Magog \u2022 Centre\">Magog \u2022 Centre<\/option><option value=\"Magog \u2022 Orford\">Magog \u2022 Orford<\/option><option value=\"Mirabel\">Mirabel<\/option><option value=\"Plateau Mont-Royal\">Plateau Mont-Royal<\/option><option value=\"Plessisville\">Plessisville<\/option><option value=\"Pointe-aux-Trembles\">Pointe-aux-Trembles<\/option><option value=\"Pr\u00e9vost\">Pr\u00e9vost<\/option><option value=\"Repentigny\">Repentigny<\/option><option value=\"Rosemont\">Rosemont<\/option><option value=\"Saint-\u00c9lie-d&#039;Orford\">Saint-\u00c9lie-d&#039;Orford<\/option><option value=\"Saint-F\u00e9lix-de-Valois\">Saint-F\u00e9lix-de-Valois<\/option><option value=\"Saint-Henri\">Saint-Henri<\/option><option value=\"Saint-J\u00e9r\u00f4me\">Saint-J\u00e9r\u00f4me<\/option><option value=\"Saint-Joseph-du-Lac\">Saint-Joseph-du-Lac<\/option><option value=\"Saint-Lazare\">Saint-Lazare<\/option><option value=\"Saint-Roch-de-l\u2019Achigan\">Saint-Roch-de-l\u2019Achigan<\/option><option value=\"Sherbrooke \u2022 Cit\u00e9 du Parc\">Sherbrooke \u2022 Cit\u00e9 du Parc<\/option><option value=\"Terrebonne\">Terrebonne<\/option><option value=\"Terrebonne \u2022 Centre\">Terrebonne \u2022 Centre<\/option><option value=\"Town of Mount Royal\">Town of Mount Royal<\/option><option value=\"Vaudreuil-Dorion\">Vaudreuil-Dorion<\/option><option value=\"Victoriaville\">Victoriaville<\/option><option value=\"Villeray\">Villeray<\/option><option value=\"West Island\">West Island<\/option><\/select><\/span> <\/label>\n\t<\/p>\n<\/div>\n<div class=\"form-full\">\n\t<p><label>Message: <span class=\"req\">*<\/span><br \/>\n<span class=\"wpcf7-form-control-wrap\" data-name=\"message\"><textarea cols=\"40\" rows=\"10\" maxlength=\"2000\" class=\"wpcf7-form-control wpcf7-textarea wpcf7-validates-as-required\" aria-required=\"true\" aria-invalid=\"false\" name=\"message\"><\/textarea><\/span> <\/label>\n\t<\/p>\n<\/div>\n<div class=\"form-full\">\n\t<p><span class=\"wpcf7-form-control-wrap\" data-name=\"acceptance-363\"><span class=\"wpcf7-form-control wpcf7-acceptance\"><span class=\"wpcf7-list-item\"><label><input type=\"checkbox\" name=\"acceptance-363\" value=\"1\" aria-invalid=\"false\" \/><span class=\"wpcf7-list-item-label\">I accept that Groupe PhysioExtra communicates with me related to my professional activity in accordance with their <a href=\"\/en\/privacy-policy\/\" data-ps2id-api=\"true\" target=\"_blank\">Privacy Policy<\/a>. <span class=\"req\">*<\/span><\/span><\/label><\/span><\/span><\/span>\n\t<span class=\"wpcf7-form-control-wrap recaptcha\" data-name=\"recaptcha\"><span data-sitekey=\"6LcmfZMoAAAAAO4itdwm9Y1rSSUUADF3UPoqTBur\" class=\"wpcf7-form-control wpcf7-recaptcha g-recaptcha\"><\/span>\r\n<noscript>\r\n\t<div class=\"grecaptcha-noscript\">\r\n\t\t<iframe loading=\"lazy\" src=\"https:\/\/www.google.com\/recaptcha\/api\/fallback?k=6LcmfZMoAAAAAO4itdwm9Y1rSSUUADF3UPoqTBur\" frameborder=\"0\" scrolling=\"no\" width=\"310\" height=\"430\">\r\n\t\t<\/iframe>\r\n\t\t<textarea name=\"g-recaptcha-response\" rows=\"3\" cols=\"40\" placeholder=\"reCaptcha Response Here\">\r\n\t\t<\/textarea>\r\n\t<\/div>\r\n<\/noscript>\r\n<\/span>\n\t<\/p>\n<\/div>\n<p><span id=\"wpcf7-69ff153eac1b1-wrapper\" class=\"wpcf7-form-control-wrap miel-66-wrap\" ><label for=\"wpcf7-69ff153eac1b1-field\" class=\"hp-message\">Please leave this field empty.<\/label><input id=\"wpcf7-69ff153eac1b1-field\"  class=\"wpcf7-form-control wpcf7-text\" type=\"text\" name=\"miel-66\" value=\"\" size=\"40\" tabindex=\"-1\" autocomplete=\"new-password\" \/><\/span><br \/>\n<input class=\"wpcf7-form-control wpcf7-submit has-spinner\" type=\"submit\" value=\"Send\" \/>\n<\/p><input type='hidden' class='wpcf7-pum' value='{\"closepopup\":false,\"closedelay\":0,\"openpopup\":false,\"openpopup_id\":0}' \/><div class=\"wpcf7-response-output\" aria-hidden=\"true\"><\/div>\n<\/form>\n<\/div>\n\n","protected":false},"excerpt":{"rendered":"<p>Our contact information Toll free: 1 855 743.9872 Fax: 514 383.1735 Head office 8560, rue Saint-Hubert, # 400 Montr\u00e9al (Qu\u00e9bec) H2P 1Z7 Request for information<\/p>\n","protected":false},"author":1,"featured_media":0,"parent":0,"menu_order":0,"comment_status":"closed","ping_status":"closed","template":"normal-pourquoi-physioextra.php","meta":{"_acf_changed":false,"footnotes":""},"class_list":["post-4081","page","type-page","status-publish","hentry"],"acf":[],"yoast_head":"<!-- This site is optimized with the Yoast SEO Premium plugin v27.4 (Yoast SEO v27.5) - https:\/\/yoast.com\/product\/yoast-seo-premium-wordpress\/ -->\n<title>Contact us | PhysioExtra<\/title>\n<meta name=\"robots\" content=\"index, follow, max-snippet:-1, max-image-preview:large, max-video-preview:-1\" \/>\n<link rel=\"canonical\" href=\"https:\/\/physioextra.ca\/en\/contact-us\/\" \/>\n<meta property=\"og:locale\" content=\"en_US\" \/>\n<meta property=\"og:type\" content=\"article\" \/>\n<meta property=\"og:title\" content=\"Contact us | PhysioExtra\" \/>\n<meta property=\"og:description\" content=\"Our contact information Toll free: 1 855 743.9872 Fax: 514 383.1735 Head office 8560, rue Saint-Hubert, # 400 Montr\u00e9al (Qu\u00e9bec) H2P 1Z7 Request for information\" \/>\n<meta property=\"og:url\" content=\"https:\/\/physioextra.ca\/en\/contact-us\/\" \/>\n<meta property=\"og:site_name\" content=\"PhysioExtra\" \/>\n<meta property=\"article:publisher\" content=\"https:\/\/www.facebook.com\/PhysioExtra\" \/>\n<meta property=\"article:modified_time\" content=\"2026-01-06T01:29:17+00:00\" \/>\n<meta property=\"og:image\" content=\"https:\/\/physioextra.ca\/wp-content\/uploads\/image-preview-social.png\" \/>\n\t<meta property=\"og:image:width\" content=\"1200\" \/>\n\t<meta property=\"og:image:height\" content=\"675\" \/>\n\t<meta property=\"og:image:type\" content=\"image\/png\" \/>\n<meta name=\"twitter:card\" content=\"summary_large_image\" \/>\n<script type=\"application\/ld+json\" class=\"yoast-schema-graph\">{\"@context\":\"https:\\\/\\\/schema.org\",\"@graph\":[{\"@type\":\"WebPage\",\"@id\":\"https:\\\/\\\/physioextra.ca\\\/en\\\/contact-us\\\/\",\"url\":\"https:\\\/\\\/physioextra.ca\\\/en\\\/contact-us\\\/\",\"name\":\"Contact us | PhysioExtra\",\"isPartOf\":{\"@id\":\"https:\\\/\\\/physioextra.ca\\\/en\\\/#website\"},\"datePublished\":\"2022-05-09T04:19:31+00:00\",\"dateModified\":\"2026-01-06T01:29:17+00:00\",\"breadcrumb\":{\"@id\":\"https:\\\/\\\/physioextra.ca\\\/en\\\/contact-us\\\/#breadcrumb\"},\"inLanguage\":\"en-CA\",\"potentialAction\":[{\"@type\":\"ReadAction\",\"target\":[\"https:\\\/\\\/physioextra.ca\\\/en\\\/contact-us\\\/\"]}]},{\"@type\":\"BreadcrumbList\",\"@id\":\"https:\\\/\\\/physioextra.ca\\\/en\\\/contact-us\\\/#breadcrumb\",\"itemListElement\":[{\"@type\":\"ListItem\",\"position\":1,\"name\":\"Home\",\"item\":\"https:\\\/\\\/physioextra.ca\\\/en\\\/\"},{\"@type\":\"ListItem\",\"position\":2,\"name\":\"Contact us\"}]},{\"@type\":\"WebSite\",\"@id\":\"https:\\\/\\\/physioextra.ca\\\/en\\\/#website\",\"url\":\"https:\\\/\\\/physioextra.ca\\\/en\\\/\",\"name\":\"PhysioExtra\",\"description\":\"Cliniques de physioth\u00e9rapie avec \u00e9quipe multidisciplinaire\",\"publisher\":{\"@id\":\"https:\\\/\\\/physioextra.ca\\\/en\\\/#organization\"},\"potentialAction\":[{\"@type\":\"SearchAction\",\"target\":{\"@type\":\"EntryPoint\",\"urlTemplate\":\"https:\\\/\\\/physioextra.ca\\\/en\\\/?s={search_term_string}\"},\"query-input\":{\"@type\":\"PropertyValueSpecification\",\"valueRequired\":true,\"valueName\":\"search_term_string\"}}],\"inLanguage\":\"en-CA\"},{\"@type\":\"Organization\",\"@id\":\"https:\\\/\\\/physioextra.ca\\\/en\\\/#organization\",\"name\":\"PhysioExtra\",\"alternateName\":\"PE\",\"url\":\"https:\\\/\\\/physioextra.ca\\\/en\\\/\",\"logo\":{\"@type\":\"ImageObject\",\"inLanguage\":\"en-CA\",\"@id\":\"https:\\\/\\\/physioextra.ca\\\/en\\\/#\\\/schema\\\/logo\\\/image\\\/\",\"url\":\"https:\\\/\\\/physioextra.ca\\\/wp-content\\\/uploads\\\/GroupePhysioExtra.jpg\",\"contentUrl\":\"https:\\\/\\\/physioextra.ca\\\/wp-content\\\/uploads\\\/GroupePhysioExtra.jpg\",\"width\":696,\"height\":696,\"caption\":\"PhysioExtra\"},\"image\":{\"@id\":\"https:\\\/\\\/physioextra.ca\\\/en\\\/#\\\/schema\\\/logo\\\/image\\\/\"},\"sameAs\":[\"https:\\\/\\\/www.facebook.com\\\/PhysioExtra\"],\"description\":\"PhysioExtra est un r\u00e9seau de cliniques de physioth\u00e9rapie et de r\u00e9adaptation au Qu\u00e9bec offrant des services de physioth\u00e9rapie, massoth\u00e9rapie, ost\u00e9opathie et soins sp\u00e9cialis\u00e9s pour la sant\u00e9 physique.\",\"email\":\"informationsweb@physioextra.ca\",\"telephone\":\"1 855 743-9872\",\"legalName\":\"Groupe PhysioExtra\",\"numberOfEmployees\":{\"@type\":\"QuantitativeValue\",\"minValue\":\"501\",\"maxValue\":\"1000\"}}]}<\/script>\n<!-- \/ Yoast SEO Premium plugin. -->","yoast_head_json":{"title":"Contact us | PhysioExtra","robots":{"index":"index","follow":"follow","max-snippet":"max-snippet:-1","max-image-preview":"max-image-preview:large","max-video-preview":"max-video-preview:-1"},"canonical":"https:\/\/physioextra.ca\/en\/contact-us\/","og_locale":"en_US","og_type":"article","og_title":"Contact us | PhysioExtra","og_description":"Our contact information Toll free: 1 855 743.9872 Fax: 514 383.1735 Head office 8560, rue Saint-Hubert, # 400 Montr\u00e9al (Qu\u00e9bec) H2P 1Z7 Request for information","og_url":"https:\/\/physioextra.ca\/en\/contact-us\/","og_site_name":"PhysioExtra","article_publisher":"https:\/\/www.facebook.com\/PhysioExtra","article_modified_time":"2026-01-06T01:29:17+00:00","og_image":[{"width":1200,"height":675,"url":"https:\/\/physioextra.ca\/wp-content\/uploads\/image-preview-social.png","type":"image\/png"}],"twitter_card":"summary_large_image","schema":{"@context":"https:\/\/schema.org","@graph":[{"@type":"WebPage","@id":"https:\/\/physioextra.ca\/en\/contact-us\/","url":"https:\/\/physioextra.ca\/en\/contact-us\/","name":"Contact us | PhysioExtra","isPartOf":{"@id":"https:\/\/physioextra.ca\/en\/#website"},"datePublished":"2022-05-09T04:19:31+00:00","dateModified":"2026-01-06T01:29:17+00:00","breadcrumb":{"@id":"https:\/\/physioextra.ca\/en\/contact-us\/#breadcrumb"},"inLanguage":"en-CA","potentialAction":[{"@type":"ReadAction","target":["https:\/\/physioextra.ca\/en\/contact-us\/"]}]},{"@type":"BreadcrumbList","@id":"https:\/\/physioextra.ca\/en\/contact-us\/#breadcrumb","itemListElement":[{"@type":"ListItem","position":1,"name":"Home","item":"https:\/\/physioextra.ca\/en\/"},{"@type":"ListItem","position":2,"name":"Contact us"}]},{"@type":"WebSite","@id":"https:\/\/physioextra.ca\/en\/#website","url":"https:\/\/physioextra.ca\/en\/","name":"PhysioExtra","description":"Cliniques de physioth\u00e9rapie avec \u00e9quipe multidisciplinaire","publisher":{"@id":"https:\/\/physioextra.ca\/en\/#organization"},"potentialAction":[{"@type":"SearchAction","target":{"@type":"EntryPoint","urlTemplate":"https:\/\/physioextra.ca\/en\/?s={search_term_string}"},"query-input":{"@type":"PropertyValueSpecification","valueRequired":true,"valueName":"search_term_string"}}],"inLanguage":"en-CA"},{"@type":"Organization","@id":"https:\/\/physioextra.ca\/en\/#organization","name":"PhysioExtra","alternateName":"PE","url":"https:\/\/physioextra.ca\/en\/","logo":{"@type":"ImageObject","inLanguage":"en-CA","@id":"https:\/\/physioextra.ca\/en\/#\/schema\/logo\/image\/","url":"https:\/\/physioextra.ca\/wp-content\/uploads\/GroupePhysioExtra.jpg","contentUrl":"https:\/\/physioextra.ca\/wp-content\/uploads\/GroupePhysioExtra.jpg","width":696,"height":696,"caption":"PhysioExtra"},"image":{"@id":"https:\/\/physioextra.ca\/en\/#\/schema\/logo\/image\/"},"sameAs":["https:\/\/www.facebook.com\/PhysioExtra"],"description":"PhysioExtra est un r\u00e9seau de cliniques de physioth\u00e9rapie et de r\u00e9adaptation au Qu\u00e9bec offrant des services de physioth\u00e9rapie, massoth\u00e9rapie, ost\u00e9opathie et soins sp\u00e9cialis\u00e9s pour la sant\u00e9 physique.","email":"informationsweb@physioextra.ca","telephone":"1 855 743-9872","legalName":"Groupe PhysioExtra","numberOfEmployees":{"@type":"QuantitativeValue","minValue":"501","maxValue":"1000"}}]}},"_links":{"self":[{"href":"https:\/\/physioextra.ca\/en\/wp-json\/wp\/v2\/pages\/4081","targetHints":{"allow":["GET"]}}],"collection":[{"href":"https:\/\/physioextra.ca\/en\/wp-json\/wp\/v2\/pages"}],"about":[{"href":"https:\/\/physioextra.ca\/en\/wp-json\/wp\/v2\/types\/page"}],"author":[{"embeddable":true,"href":"https:\/\/physioextra.ca\/en\/wp-json\/wp\/v2\/users\/1"}],"replies":[{"embeddable":true,"href":"https:\/\/physioextra.ca\/en\/wp-json\/wp\/v2\/comments?post=4081"}],"version-history":[{"count":1,"href":"https:\/\/physioextra.ca\/en\/wp-json\/wp\/v2\/pages\/4081\/revisions"}],"predecessor-version":[{"id":14164,"href":"https:\/\/physioextra.ca\/en\/wp-json\/wp\/v2\/pages\/4081\/revisions\/14164"}],"wp:attachment":[{"href":"https:\/\/physioextra.ca\/en\/wp-json\/wp\/v2\/media?parent=4081"}],"curies":[{"name":"wp","href":"https:\/\/api.w.org\/{rel}","templated":true}]}}