{"id":4134,"date":"2022-05-09T20:37:33","date_gmt":"2022-05-10T00:37:33","guid":{"rendered":"https:\/\/physioex.impulsionmedia.com\/?page_id=4134"},"modified":"2025-09-12T14:10:24","modified_gmt":"2025-09-12T18:10:24","slug":"member-area-login","status":"publish","type":"page","link":"https:\/\/physioextra.ca\/en\/member-area-login\/","title":{"rendered":"Client login \u2022 Your online exercise programs"},"content":{"rendered":"<h2>LOGIN<\/h2>\n<p><strong>Welcome to your client space !<\/strong><\/p>\n<p>Here, you can securely access the <strong>personalized exercise programs prepared for you by your therapist<\/strong>. This dedicated space allows you to easily follow your rehabilitation plan and stay on track with your progress. Your information remains private and accessible only to you.<\/p>\n<p>To log in, simply enter your username and password. Please note that your username might not be your email address, but rather a string of characters. You should have received an email from your therapist with these details. If you have any questions, feel free to call us at <strong>1-855-743-9872<\/strong> and we\u2019ll be happy to assist you.<\/p>\n<p>PhysioExtra team<\/p>\n","protected":false},"excerpt":{"rendered":"<p>LOGIN Welcome to your client space ! Here, you can securely access the personalized exercise programs prepared for you by your therapist. This dedicated space allows you to easily follow your rehabilitation plan and stay [&hellip;]<\/p>\n","protected":false},"author":1,"featured_media":0,"parent":0,"menu_order":0,"comment_status":"closed","ping_status":"closed","template":"normal-programme-connexion.php","meta":{"_acf_changed":false,"footnotes":""},"class_list":["post-4134","page","type-page","status-publish","hentry"],"acf":[],"yoast_head":"<!-- This site is optimized with the Yoast SEO Premium plugin v27.2 (Yoast SEO v27.2) - https:\/\/yoast.com\/product\/yoast-seo-premium-wordpress\/ -->\n<title>Client login \u2022 Your online exercise programs | PhysioExtra<\/title>\n<meta name=\"robots\" content=\"index, follow, max-snippet:-1, max-image-preview:large, max-video-preview:-1\" \/>\n<link rel=\"canonical\" href=\"https:\/\/physioextra.ca\/en\/member-area-login\/\" \/>\n<meta property=\"og:locale\" content=\"en_US\" \/>\n<meta property=\"og:type\" content=\"article\" \/>\n<meta property=\"og:title\" content=\"Client login \u2022 Your online exercise programs | PhysioExtra\" \/>\n<meta property=\"og:description\" content=\"LOGIN Welcome to your client space ! Here, you can securely access the personalized exercise programs prepared for you by your therapist. This dedicated space allows you to easily follow your rehabilitation plan and stay [&hellip;]\" \/>\n<meta property=\"og:url\" content=\"https:\/\/physioextra.ca\/en\/member-area-login\/\" \/>\n<meta property=\"og:site_name\" content=\"PhysioExtra\" \/>\n<meta property=\"article:publisher\" content=\"https:\/\/www.facebook.com\/PhysioExtra\" \/>\n<meta property=\"article:modified_time\" content=\"2025-09-12T18:10:24+00:00\" \/>\n<meta property=\"og:image\" content=\"https:\/\/physioextra.ca\/wp-content\/uploads\/image-preview-social.png\" \/>\n\t<meta property=\"og:image:width\" content=\"1200\" \/>\n\t<meta property=\"og:image:height\" content=\"675\" \/>\n\t<meta property=\"og:image:type\" content=\"image\/png\" \/>\n<meta name=\"twitter:card\" content=\"summary_large_image\" \/>\n<script type=\"application\/ld+json\" class=\"yoast-schema-graph\">{\"@context\":\"https:\/\/schema.org\",\"@graph\":[{\"@type\":\"WebPage\",\"@id\":\"https:\/\/physioextra.ca\/en\/member-area-login\/\",\"url\":\"https:\/\/physioextra.ca\/en\/member-area-login\/\",\"name\":\"Client login \u2022 Your online exercise programs | PhysioExtra\",\"isPartOf\":{\"@id\":\"https:\/\/physioextra.ca\/en\/#website\"},\"datePublished\":\"2022-05-10T00:37:33+00:00\",\"dateModified\":\"2025-09-12T18:10:24+00:00\",\"breadcrumb\":{\"@id\":\"https:\/\/physioextra.ca\/en\/member-area-login\/#breadcrumb\"},\"inLanguage\":\"en-CA\",\"potentialAction\":[{\"@type\":\"ReadAction\",\"target\":[\"https:\/\/physioextra.ca\/en\/member-area-login\/\"]}]},{\"@type\":\"BreadcrumbList\",\"@id\":\"https:\/\/physioextra.ca\/en\/member-area-login\/#breadcrumb\",\"itemListElement\":[{\"@type\":\"ListItem\",\"position\":1,\"name\":\"Home\",\"item\":\"https:\/\/physioextra.ca\/en\/\"},{\"@type\":\"ListItem\",\"position\":2,\"name\":\"Client login \u2022 Your online exercise programs\"}]},{\"@type\":\"WebSite\",\"@id\":\"https:\/\/physioextra.ca\/en\/#website\",\"url\":\"https:\/\/physioextra.ca\/en\/\",\"name\":\"PhysioExtra\",\"description\":\"Cliniques de physioth\u00e9rapie avec \u00e9quipe multidisciplinaire\",\"publisher\":{\"@id\":\"https:\/\/physioextra.ca\/en\/#organization\"},\"potentialAction\":[{\"@type\":\"SearchAction\",\"target\":{\"@type\":\"EntryPoint\",\"urlTemplate\":\"https:\/\/physioextra.ca\/en\/?s={search_term_string}\"},\"query-input\":{\"@type\":\"PropertyValueSpecification\",\"valueRequired\":true,\"valueName\":\"search_term_string\"}}],\"inLanguage\":\"en-CA\"},{\"@type\":\"Organization\",\"@id\":\"https:\/\/physioextra.ca\/en\/#organization\",\"name\":\"PhysioExtra\",\"alternateName\":\"PE\",\"url\":\"https:\/\/physioextra.ca\/en\/\",\"logo\":{\"@type\":\"ImageObject\",\"inLanguage\":\"en-CA\",\"@id\":\"https:\/\/physioextra.ca\/en\/#\/schema\/logo\/image\/\",\"url\":\"https:\/\/physioextra.ca\/wp-content\/uploads\/GroupePhysioExtra.jpg\",\"contentUrl\":\"https:\/\/physioextra.ca\/wp-content\/uploads\/GroupePhysioExtra.jpg\",\"width\":696,\"height\":696,\"caption\":\"PhysioExtra\"},\"image\":{\"@id\":\"https:\/\/physioextra.ca\/en\/#\/schema\/logo\/image\/\"},\"sameAs\":[\"https:\/\/www.facebook.com\/PhysioExtra\"],\"description\":\"PhysioExtra est un r\u00e9seau de cliniques de physioth\u00e9rapie et de r\u00e9adaptation au Qu\u00e9bec offrant des services de physioth\u00e9rapie, massoth\u00e9rapie, ost\u00e9opathie et soins sp\u00e9cialis\u00e9s pour la sant\u00e9 physique.\",\"email\":\"informationsweb@physioextra.ca\",\"telephone\":\"1 855 743-9872\",\"legalName\":\"Groupe PhysioExtra\",\"numberOfEmployees\":{\"@type\":\"QuantitativeValue\",\"minValue\":\"501\",\"maxValue\":\"1000\"}}]}<\/script>\n<!-- \/ Yoast SEO Premium plugin. -->","yoast_head_json":{"title":"Client login \u2022 Your online exercise programs | PhysioExtra","robots":{"index":"index","follow":"follow","max-snippet":"max-snippet:-1","max-image-preview":"max-image-preview:large","max-video-preview":"max-video-preview:-1"},"canonical":"https:\/\/physioextra.ca\/en\/member-area-login\/","og_locale":"en_US","og_type":"article","og_title":"Client login \u2022 Your online exercise programs | PhysioExtra","og_description":"LOGIN Welcome to your client space ! Here, you can securely access the personalized exercise programs prepared for you by your therapist. This dedicated space allows you to easily follow your rehabilitation plan and stay [&hellip;]","og_url":"https:\/\/physioextra.ca\/en\/member-area-login\/","og_site_name":"PhysioExtra","article_publisher":"https:\/\/www.facebook.com\/PhysioExtra","article_modified_time":"2025-09-12T18:10:24+00:00","og_image":[{"width":1200,"height":675,"url":"https:\/\/physioextra.ca\/wp-content\/uploads\/image-preview-social.png","type":"image\/png"}],"twitter_card":"summary_large_image","schema":{"@context":"https:\/\/schema.org","@graph":[{"@type":"WebPage","@id":"https:\/\/physioextra.ca\/en\/member-area-login\/","url":"https:\/\/physioextra.ca\/en\/member-area-login\/","name":"Client login \u2022 Your online exercise programs | PhysioExtra","isPartOf":{"@id":"https:\/\/physioextra.ca\/en\/#website"},"datePublished":"2022-05-10T00:37:33+00:00","dateModified":"2025-09-12T18:10:24+00:00","breadcrumb":{"@id":"https:\/\/physioextra.ca\/en\/member-area-login\/#breadcrumb"},"inLanguage":"en-CA","potentialAction":[{"@type":"ReadAction","target":["https:\/\/physioextra.ca\/en\/member-area-login\/"]}]},{"@type":"BreadcrumbList","@id":"https:\/\/physioextra.ca\/en\/member-area-login\/#breadcrumb","itemListElement":[{"@type":"ListItem","position":1,"name":"Home","item":"https:\/\/physioextra.ca\/en\/"},{"@type":"ListItem","position":2,"name":"Client login \u2022 Your online exercise programs"}]},{"@type":"WebSite","@id":"https:\/\/physioextra.ca\/en\/#website","url":"https:\/\/physioextra.ca\/en\/","name":"PhysioExtra","description":"Cliniques de physioth\u00e9rapie avec \u00e9quipe multidisciplinaire","publisher":{"@id":"https:\/\/physioextra.ca\/en\/#organization"},"potentialAction":[{"@type":"SearchAction","target":{"@type":"EntryPoint","urlTemplate":"https:\/\/physioextra.ca\/en\/?s={search_term_string}"},"query-input":{"@type":"PropertyValueSpecification","valueRequired":true,"valueName":"search_term_string"}}],"inLanguage":"en-CA"},{"@type":"Organization","@id":"https:\/\/physioextra.ca\/en\/#organization","name":"PhysioExtra","alternateName":"PE","url":"https:\/\/physioextra.ca\/en\/","logo":{"@type":"ImageObject","inLanguage":"en-CA","@id":"https:\/\/physioextra.ca\/en\/#\/schema\/logo\/image\/","url":"https:\/\/physioextra.ca\/wp-content\/uploads\/GroupePhysioExtra.jpg","contentUrl":"https:\/\/physioextra.ca\/wp-content\/uploads\/GroupePhysioExtra.jpg","width":696,"height":696,"caption":"PhysioExtra"},"image":{"@id":"https:\/\/physioextra.ca\/en\/#\/schema\/logo\/image\/"},"sameAs":["https:\/\/www.facebook.com\/PhysioExtra"],"description":"PhysioExtra est un r\u00e9seau de cliniques de physioth\u00e9rapie et de r\u00e9adaptation au Qu\u00e9bec offrant des services de physioth\u00e9rapie, massoth\u00e9rapie, ost\u00e9opathie et soins sp\u00e9cialis\u00e9s pour la sant\u00e9 physique.","email":"informationsweb@physioextra.ca","telephone":"1 855 743-9872","legalName":"Groupe PhysioExtra","numberOfEmployees":{"@type":"QuantitativeValue","minValue":"501","maxValue":"1000"}}]}},"_links":{"self":[{"href":"https:\/\/physioextra.ca\/en\/wp-json\/wp\/v2\/pages\/4134","targetHints":{"allow":["GET"]}}],"collection":[{"href":"https:\/\/physioextra.ca\/en\/wp-json\/wp\/v2\/pages"}],"about":[{"href":"https:\/\/physioextra.ca\/en\/wp-json\/wp\/v2\/types\/page"}],"author":[{"embeddable":true,"href":"https:\/\/physioextra.ca\/en\/wp-json\/wp\/v2\/users\/1"}],"replies":[{"embeddable":true,"href":"https:\/\/physioextra.ca\/en\/wp-json\/wp\/v2\/comments?post=4134"}],"version-history":[{"count":3,"href":"https:\/\/physioextra.ca\/en\/wp-json\/wp\/v2\/pages\/4134\/revisions"}],"predecessor-version":[{"id":11143,"href":"https:\/\/physioextra.ca\/en\/wp-json\/wp\/v2\/pages\/4134\/revisions\/11143"}],"wp:attachment":[{"href":"https:\/\/physioextra.ca\/en\/wp-json\/wp\/v2\/media?parent=4134"}],"curies":[{"name":"wp","href":"https:\/\/api.w.org\/{rel}","templated":true}]}}