{"id":4151,"date":"2022-05-09T22:22:44","date_gmt":"2022-05-10T02:22:44","guid":{"rendered":"https:\/\/physioex.impulsionmedia.com\/?page_id=4151"},"modified":"2022-05-09T22:22:44","modified_gmt":"2022-05-10T02:22:44","slug":"discover-all-our-experts","status":"publish","type":"page","link":"https:\/\/physioextra.ca\/en\/discover-all-our-experts\/","title":{"rendered":"Discover all our experts"},"content":{"rendered":"<div class='asp_shortcodes_container'><div style='flex-basis: 30%;' class='asp_shortcode_column'><div class=\"asp_w_container asp_w_container_2 asp_w_container_2_1\" data-id=\"2\" data-instance=\"1\"><div class='asp_w asp_m asp_m_2 asp_m_2_1 wpdreams_asp_sc wpdreams_asp_sc-2 ajaxsearchpro asp_main_container asp_non_compact' data-id=\"2\" data-name=\"Trouvez un professionniel\" data-instance=\"1\" id='ajaxsearchpro2_1'><div class=\"probox\"><div class='prosettings' style='display:none;' data-opened=0><div class='innericon'><svg xmlns=\"http:\/\/www.w3.org\/2000\/svg\" width=\"22\" height=\"22\" viewBox=\"0 0 512 512\"><polygon transform=\"rotate(90 256 256)\" points=\"142.332,104.886 197.48,50 402.5,256 197.48,462 142.332,407.113 292.727,256\"\/><\/svg><\/div><\/div><div class='proinput'><form role=\"search\" action='#' autocomplete=\"off\" aria-label=\"Search form\"><input type='search' class='orig' placeholder='Name...' name='phrase' value='' aria-label=\"Search input\" autocomplete=\"off\"\/><input type='text' class='autocomplete' name='phrase' value='' aria-label=\"Search autocomplete input\" aria-hidden=\"true\" tabindex=\"-1\" autocomplete=\"off\" disabled\/><\/form><\/div><button class='promagnifier' aria-label=\"Search magnifier button\"><span class='asp_text_button hiddend'> Search <\/span><span class='innericon'><svg xmlns=\"http:\/\/www.w3.org\/2000\/svg\" width=\"22\" height=\"22\" viewBox=\"0 0 512 512\"><path d=\"M460.475 408.443L351.4 299.37c15.95-25.137 25.2-54.923 25.2-86.833C376.6 122.914 303.687 50 214.062 50 124.44 50 51.525 122.914 51.525 212.537s72.914 162.537 162.537 162.537c30.326 0 58.733-8.356 83.055-22.876L406.917 462l53.558-53.557zM112.117 212.537c0-56.213 45.732-101.946 101.945-101.946 56.213 0 101.947 45.734 101.947 101.947S270.275 314.482 214.06 314.482c-56.213 0-101.945-45.732-101.945-101.945z\"\/><\/svg><\/span><span class=\"asp_clear\"><\/span><\/button><div class='proloading'><div class=\"asp_loader\"><div class=\"asp_loader-inner asp_simple-circle\"><\/div><\/div><\/div><\/div><\/div><div class='asp_data_container' style=\"display:none !important;\"><div class=\"asp_init_data\" style=\"display:none !important;\" id=\"asp_init_id_2_1\" data-asp-id=\"2\" data-asp-instance=\"1\" data-settings=\"{&quot;animations&quot;:{&quot;pc&quot;:{&quot;settings&quot;:{&quot;anim&quot;:&quot;fadedrop&quot;,&quot;dur&quot;:300},&quot;results&quot;:{&quot;anim&quot;:&quot;fadedrop&quot;,&quot;dur&quot;:300},&quot;items&quot;:&quot;fadeInDown&quot;},&quot;mob&quot;:{&quot;settings&quot;:{&quot;anim&quot;:&quot;fadedrop&quot;,&quot;dur&quot;:&quot;300&quot;},&quot;results&quot;:{&quot;anim&quot;:&quot;fadedrop&quot;,&quot;dur&quot;:&quot;300&quot;},&quot;items&quot;:&quot;voidanim&quot;}},&quot;autocomplete&quot;:{&quot;enabled&quot;:0,&quot;trigger_charcount&quot;:0,&quot;googleOnly&quot;:0,&quot;lang&quot;:&quot;en&quot;,&quot;mobile&quot;:0},&quot;autop&quot;:{&quot;state&quot;:&quot;phrase&quot;,&quot;phrase&quot;:&quot;&quot;,&quot;count&quot;:300},&quot;charcount&quot;:0,&quot;closeOnDocClick&quot;:0,&quot;compact&quot;:{&quot;enabled&quot;:0,&quot;focus&quot;:1,&quot;width&quot;:&quot;100%&quot;,&quot;width_tablet&quot;:&quot;480px&quot;,&quot;width_phone&quot;:&quot;320px&quot;,&quot;closeOnMagnifier&quot;:1,&quot;closeOnDocument&quot;:0,&quot;position&quot;:&quot;static&quot;,&quot;overlay&quot;:0},&quot;cptArchive&quot;:{&quot;useAjax&quot;:0,&quot;selector&quot;:&quot;#main&quot;,&quot;url&quot;:&quot;&quot;},&quot;detectVisibility&quot;:0,&quot;divi&quot;:{&quot;bodycommerce&quot;:0},&quot;focusOnPageload&quot;:0,&quot;fss_layout&quot;:&quot;flex&quot;,&quot;highlight&quot;:0,&quot;highlightWholewords&quot;:1,&quot;homeurl&quot;:&quot;https:\\\/\\\/physioextra.ca\\\/en\\\/&quot;,&quot;is_results_page&quot;:0,&quot;isotopic&quot;:{&quot;itemWidth&quot;:&quot;16.6666%&quot;,&quot;itemWidthTablet&quot;:&quot;25%&quot;,&quot;itemWidthPhone&quot;:&quot;100%&quot;,&quot;itemHeight&quot;:&quot;260px&quot;,&quot;itemHeightTablet&quot;:&quot;320px&quot;,&quot;itemHeightPhone&quot;:&quot;320px&quot;,&quot;pagination&quot;:1,&quot;rows&quot;:3,&quot;gutter&quot;:5,&quot;showOverlay&quot;:0,&quot;blurOverlay&quot;:0,&quot;hideContent&quot;:0},&quot;itemscount&quot;:4,&quot;loaderLocation&quot;:&quot;auto&quot;,&quot;mobile&quot;:{&quot;trigger_on_type&quot;:1,&quot;click_action&quot;:&quot;ajax_search&quot;,&quot;return_action&quot;:&quot;ajax_search&quot;,&quot;click_action_location&quot;:&quot;same&quot;,&quot;return_action_location&quot;:&quot;same&quot;,&quot;redirect_url&quot;:&quot;?s={phrase}&quot;,&quot;elementor_url&quot;:&quot;https:\\\/\\\/physioextra.ca\\\/en\\\/?asp_ls={phrase}&quot;,&quot;menu_selector&quot;:&quot;#menu-toggle&quot;,&quot;hide_keyboard&quot;:0,&quot;force_res_hover&quot;:0,&quot;force_sett_hover&quot;:0,&quot;force_sett_state&quot;:&quot;none&quot;},&quot;override_method&quot;:&quot;get&quot;,&quot;overridewpdefault&quot;:1,&quot;prescontainerheight&quot;:&quot;400px&quot;,&quot;preventBodyScroll&quot;:0,&quot;preventEvents&quot;:0,&quot;rb&quot;:{&quot;action&quot;:&quot;live&quot;},&quot;resPage&quot;:{&quot;useAjax&quot;:0,&quot;selector&quot;:&quot;#main&quot;,&quot;trigger_type&quot;:1,&quot;trigger_facet&quot;:1,&quot;trigger_magnifier&quot;:0,&quot;trigger_return&quot;:0},&quot;results&quot;:{&quot;width&quot;:&quot;auto&quot;,&quot;width_tablet&quot;:&quot;auto&quot;,&quot;width_phone&quot;:&quot;auto&quot;,&quot;disableClick&quot;:false},&quot;resultsSnapTo&quot;:&quot;left&quot;,&quot;resultsposition&quot;:&quot;hover&quot;,&quot;resultstype&quot;:&quot;isotopic&quot;,&quot;sb&quot;:{&quot;redirect_action&quot;:&quot;ajax_search&quot;,&quot;redirect_location&quot;:&quot;same&quot;,&quot;redirect_url&quot;:&quot;?s={phrase}&quot;,&quot;elementor_url&quot;:&quot;https:\\\/\\\/physioextra.ca\\\/en\\\/?asp_ls={phrase}&quot;},&quot;scrollBar&quot;:{&quot;horizontal&quot;:{&quot;enabled&quot;:1}},&quot;scrollToResults&quot;:{&quot;enabled&quot;:0,&quot;offset&quot;:0},&quot;select2&quot;:{&quot;nores&quot;:&quot;No results match&quot;},&quot;settings&quot;:{&quot;unselectChildren&quot;:1,&quot;unselectParent&quot;:0,&quot;hideChildren&quot;:0},&quot;settingsHideOnRes&quot;:0,&quot;settingsimagepos&quot;:&quot;right&quot;,&quot;settingsVisible&quot;:1,&quot;show_more&quot;:{&quot;enabled&quot;:0,&quot;url&quot;:&quot;?s={phrase}&quot;,&quot;elementor_url&quot;:&quot;https:\\\/\\\/physioextra.ca\\\/en\\\/?asp_ls={phrase}&quot;,&quot;action&quot;:&quot;ajax&quot;,&quot;location&quot;:&quot;same&quot;,&quot;infinite&quot;:1},&quot;singleHighlight&quot;:0,&quot;taxArchive&quot;:{&quot;useAjax&quot;:0,&quot;selector&quot;:&quot;#main&quot;,&quot;url&quot;:&quot;&quot;},&quot;lightbox&quot;:{&quot;overlay&quot;:true,&quot;overlayOpacity&quot;:0.7,&quot;overlayColor&quot;:&quot;#FFFFFF&quot;,&quot;nav&quot;:true,&quot;disableRightClick&quot;:true,&quot;close&quot;:true,&quot;animationSpeed&quot;:250,&quot;docClose&quot;:true,&quot;disableScroll&quot;:true,&quot;enableKeyboard&quot;:true},&quot;trigger&quot;:{&quot;delay&quot;:300,&quot;autocomplete_delay&quot;:310,&quot;update_href&quot;:0,&quot;facet&quot;:1,&quot;type&quot;:0,&quot;click&quot;:&quot;ajax_search&quot;,&quot;click_location&quot;:&quot;same&quot;,&quot;return&quot;:&quot;ajax_search&quot;,&quot;return_location&quot;:&quot;same&quot;,&quot;redirect_url&quot;:&quot;?s={phrase}&quot;,&quot;elementor_url&quot;:&quot;https:\\\/\\\/physioextra.ca\\\/en\\\/?asp_ls={phrase}&quot;,&quot;minWordLength&quot;:2,&quot;charcount_magnifier_enter&quot;:0,&quot;charcount&quot;:0},&quot;close_icon&quot;:{&quot;action&quot;:&quot;clear&quot;,&quot;close_results&quot;:true},&quot;wooShop&quot;:{&quot;useAjax&quot;:0,&quot;selector&quot;:&quot;#main&quot;,&quot;url&quot;:&quot;&quot;}}\"><\/div><div class='asp_hidden_data' style=\"display:none !important;\"><div class='asp_item_overlay'><div class='asp_item_inner'><svg xmlns=\"http:\/\/www.w3.org\/2000\/svg\" width=\"22\" height=\"22\" viewBox=\"0 0 512 512\"><path d=\"M448.225 394.243l-85.387-85.385c16.55-26.08 26.146-56.986 26.146-90.094 0-92.99-75.652-168.64-168.643-168.64-92.988 0-168.64 75.65-168.64 168.64s75.65 168.64 168.64 168.64c31.466 0 60.94-8.67 86.176-23.734l86.14 86.142c36.755 36.754 92.355-18.783 55.57-55.57zm-344.233-175.48c0-64.155 52.192-116.35 116.35-116.35s116.353 52.194 116.353 116.35S284.5 335.117 220.342 335.117s-116.35-52.196-116.35-116.352zm34.463-30.26c34.057-78.9 148.668-69.75 170.248 12.863-43.482-51.037-119.984-56.532-170.248-12.862z\"\/><\/svg><\/div><\/div><\/div><\/div><div id='__original__ajaxsearchprores2_1' class='asp_w asp_r asp_r_2 asp_r_2_1 isotopic ajaxsearchpro wpdreams_asp_sc wpdreams_asp_sc-2' data-id=\"2\" data-instance=\"1\"><nav class=\"asp_navigation\"><a class=\"asp_prev\" role=\"button\"><svg xmlns=\"http:\/\/www.w3.org\/2000\/svg\" width=\"22\" height=\"22\" viewBox=\"0 0 512 512\"><polygon points=\"142.332,104.886 197.48,50 402.5,256 197.48,462 142.332,407.113 292.727,256\"\/><\/svg><\/a><a class=\"asp_next\" role=\"button\"><svg xmlns=\"http:\/\/www.w3.org\/2000\/svg\" width=\"22\" height=\"22\" viewBox=\"0 0 512 512\"><polygon points=\"142.332,104.886 197.48,50 402.5,256 197.48,462 142.332,407.113 292.727,256\"\/><\/svg><\/a><ul><\/ul><div class=\"clear\"><\/div><\/nav><div class=\"results\"><div class=\"resdrg\"><\/div><\/div><nav class=\"asp_navigation\"><a class=\"asp_prev\" role=\"button\"><svg xmlns=\"http:\/\/www.w3.org\/2000\/svg\" width=\"22\" height=\"22\" viewBox=\"0 0 512 512\"><polygon points=\"142.332,104.886 197.48,50 402.5,256 197.48,462 142.332,407.113 292.727,256\"\/><\/svg><\/a><ul><\/ul><a class=\"asp_next\" role=\"button\"><svg xmlns=\"http:\/\/www.w3.org\/2000\/svg\" width=\"22\" height=\"22\" viewBox=\"0 0 512 512\"><polygon points=\"142.332,104.886 197.48,50 402.5,256 197.48,462 142.332,407.113 292.727,256\"\/><\/svg><\/a><div class=\"clear\"><\/div><\/nav><div class=\"asp_res_loader hiddend\"><div class=\"asp_loader\"><div class=\"asp_loader-inner asp_simple-circle\"><\/div><\/div><\/div><\/div><div id='__original__ajaxsearchprobsettings2_1' class=\"asp_w asp_ss asp_ss_2 asp_sb asp_sb_2 asp_sb_2_1 asp_sb wpdreams_asp_sc wpdreams_asp_sc-2 ajaxsearchpro searchsettings\" data-id=\"2\" data-instance=\"1\"><form name='options' class=\"asp-fss-flex\" aria-label=\"Search settings form\" autocomplete = 'off'><input type=\"hidden\" name=\"current_page_id\" value=\"4151\"><input type='hidden' name='qtranslate_lang' value='0'\/><input type='hidden' name='wpml_lang' value='en'\/><input type=\"hidden\" name=\"filters_changed\" value=\"0\"><input type=\"hidden\" name=\"filters_initial\" value=\"1\"><input type=\"hidden\" name=\"device\" value=\"1\"><fieldset data-asp_invalid_msg=\"This field is required!\" class=\"asp_filter_tax asp_filter_tax_titre_expertise asp_dropdown_filter_box asp_filter_id_1 asp_filter_n_0\"><legend><\/legend><div class='titre_expertise_filter_box categoryfilter'><div class='asp_select_label asp_select_single'><select aria-label=\"Taxonomy select for titre_expertise\" class='asp_nochosen asp_noselect2' name=\"termset[titre_expertise][]\" ><option value=\"-1\" class=\"asp_option_cat asp_option_cat_level-0\" data-origvalue=\"1\" selected='selected'> All categories <\/option><option class=\"asp_option_cat asp_option_cat_level-0\" asp_cat_parent=\"0\" value=\"50\" > Acupuncturist <\/option><option class=\"asp_option_cat asp_option_cat_level-0\" asp_cat_parent=\"0\" value=\"235\" > Athletic therapist <\/option><option class=\"asp_option_cat asp_option_cat_level-0\" asp_cat_parent=\"0\" value=\"282\" > Certified Ergonomist (CCPE) <\/option><option class=\"asp_option_cat asp_option_cat_level-0\" asp_cat_parent=\"0\" value=\"264\" > Ergonomist <\/option><option class=\"asp_option_cat asp_option_cat_level-0\" asp_cat_parent=\"0\" value=\"122\" > Kinesiologist <\/option><option class=\"asp_option_cat asp_option_cat_level-0\" asp_cat_parent=\"0\" value=\"123\" > Massage therapist <\/option><option class=\"asp_option_cat asp_option_cat_level-0\" asp_cat_parent=\"0\" value=\"52\" > Occupational Therapist <\/option><option class=\"asp_option_cat asp_option_cat_level-0\" asp_cat_parent=\"0\" value=\"125\" > Osteopath <\/option><option class=\"asp_option_cat asp_option_cat_level-0\" asp_cat_parent=\"0\" value=\"126\" > Physiotherapist <\/option><option class=\"asp_option_cat asp_option_cat_level-0\" asp_cat_parent=\"0\" value=\"51\" > Physiotherapy technologist <\/option><option class=\"asp_option_cat asp_option_cat_level-0\" asp_cat_parent=\"0\" value=\"258\" > Podiatrist <\/option><option class=\"asp_option_cat asp_option_cat_level-0\" asp_cat_parent=\"0\" value=\"129\" > Psychoeducator <\/option><option class=\"asp_option_cat asp_option_cat_level-0\" asp_cat_parent=\"0\" value=\"127\" > Psychologist <\/option><option class=\"asp_option_cat asp_option_cat_level-0\" asp_cat_parent=\"0\" value=\"190\" > Psychotherapist <\/option><option class=\"asp_option_cat asp_option_cat_level-0\" asp_cat_parent=\"0\" value=\"124\" > Sports physician <\/option><option class=\"asp_option_cat asp_option_cat_level-0\" asp_cat_parent=\"0\" value=\"291\" > Th\u00e9rapeute du sport <\/option><option class=\"asp_option_cat asp_option_cat_level-0\" asp_cat_parent=\"0\" value=\"130\" > Third party payers rep. <\/option><option class=\"asp_option_cat asp_option_cat_level-0\" asp_cat_parent=\"0\" value=\"210\" > Trainer <\/option><option class=\"asp_option_cat asp_option_cat_level-0\" asp_cat_parent=\"0\" value=\"281\" > Zootherapy <\/option><\/select><\/div><\/div><\/fieldset><fieldset class=\"asp_s_btn_container\"><div class=\"asp_sr_btn_flex\"><div class=\"asp_r_btn_div\"><button type=\"button\" class=\"asp_reset_btn asp_r_btn\">Clear<\/button><\/div><\/div><\/fieldset><div style=\"clear:both;\"><\/div><\/form><\/div><\/div><\/div><div style='flex-basis: 70%;' class='asp_shortcode_column'><div id='wpdreams_asp_settings_2'><\/div><\/div><div style='flex-basis: 100%;' class='asp_shortcode_column'><div id='wpdreams_asp_results_2'><\/div><\/div><\/div>\n","protected":false},"excerpt":{"rendered":"","protected":false},"author":1,"featured_media":0,"parent":0,"menu_order":0,"comment_status":"closed","ping_status":"closed","template":"fullwidth-trouvez-expert.php","meta":{"_acf_changed":false,"footnotes":""},"class_list":["post-4151","page","type-page","status-publish","hentry"],"acf":[],"yoast_head":"<!-- This site is optimized with the Yoast SEO Premium plugin v27.3 (Yoast SEO v27.3) - https:\/\/yoast.com\/product\/yoast-seo-premium-wordpress\/ -->\n<title>Discover all our experts | PhysioExtra<\/title>\n<meta name=\"robots\" content=\"index, follow, max-snippet:-1, max-image-preview:large, max-video-preview:-1\" \/>\n<link rel=\"canonical\" href=\"https:\/\/physioextra.ca\/en\/discover-all-our-experts\/\" \/>\n<meta property=\"og:locale\" content=\"en_US\" \/>\n<meta property=\"og:type\" content=\"article\" \/>\n<meta property=\"og:title\" content=\"Discover all our experts | PhysioExtra\" \/>\n<meta property=\"og:url\" content=\"https:\/\/physioextra.ca\/en\/discover-all-our-experts\/\" \/>\n<meta property=\"og:site_name\" content=\"PhysioExtra\" \/>\n<meta property=\"article:publisher\" content=\"https:\/\/www.facebook.com\/PhysioExtra\" \/>\n<meta property=\"og:image\" content=\"https:\/\/physioextra.ca\/wp-content\/uploads\/image-preview-social.png\" \/>\n\t<meta property=\"og:image:width\" content=\"1200\" \/>\n\t<meta property=\"og:image:height\" content=\"675\" \/>\n\t<meta property=\"og:image:type\" content=\"image\/png\" \/>\n<meta name=\"twitter:card\" content=\"summary_large_image\" \/>\n<script type=\"application\/ld+json\" class=\"yoast-schema-graph\">{\"@context\":\"https:\\\/\\\/schema.org\",\"@graph\":[{\"@type\":\"WebPage\",\"@id\":\"https:\\\/\\\/physioextra.ca\\\/en\\\/discover-all-our-experts\\\/\",\"url\":\"https:\\\/\\\/physioextra.ca\\\/en\\\/discover-all-our-experts\\\/\",\"name\":\"Discover all our experts | PhysioExtra\",\"isPartOf\":{\"@id\":\"https:\\\/\\\/physioextra.ca\\\/en\\\/#website\"},\"datePublished\":\"2022-05-10T02:22:44+00:00\",\"breadcrumb\":{\"@id\":\"https:\\\/\\\/physioextra.ca\\\/en\\\/discover-all-our-experts\\\/#breadcrumb\"},\"inLanguage\":\"en-CA\",\"potentialAction\":[{\"@type\":\"ReadAction\",\"target\":[\"https:\\\/\\\/physioextra.ca\\\/en\\\/discover-all-our-experts\\\/\"]}]},{\"@type\":\"BreadcrumbList\",\"@id\":\"https:\\\/\\\/physioextra.ca\\\/en\\\/discover-all-our-experts\\\/#breadcrumb\",\"itemListElement\":[{\"@type\":\"ListItem\",\"position\":1,\"name\":\"Home\",\"item\":\"https:\\\/\\\/physioextra.ca\\\/en\\\/\"},{\"@type\":\"ListItem\",\"position\":2,\"name\":\"Discover all our experts\"}]},{\"@type\":\"WebSite\",\"@id\":\"https:\\\/\\\/physioextra.ca\\\/en\\\/#website\",\"url\":\"https:\\\/\\\/physioextra.ca\\\/en\\\/\",\"name\":\"PhysioExtra\",\"description\":\"Cliniques de physioth\u00e9rapie avec \u00e9quipe multidisciplinaire\",\"publisher\":{\"@id\":\"https:\\\/\\\/physioextra.ca\\\/en\\\/#organization\"},\"potentialAction\":[{\"@type\":\"SearchAction\",\"target\":{\"@type\":\"EntryPoint\",\"urlTemplate\":\"https:\\\/\\\/physioextra.ca\\\/en\\\/?s={search_term_string}\"},\"query-input\":{\"@type\":\"PropertyValueSpecification\",\"valueRequired\":true,\"valueName\":\"search_term_string\"}}],\"inLanguage\":\"en-CA\"},{\"@type\":\"Organization\",\"@id\":\"https:\\\/\\\/physioextra.ca\\\/en\\\/#organization\",\"name\":\"PhysioExtra\",\"alternateName\":\"PE\",\"url\":\"https:\\\/\\\/physioextra.ca\\\/en\\\/\",\"logo\":{\"@type\":\"ImageObject\",\"inLanguage\":\"en-CA\",\"@id\":\"https:\\\/\\\/physioextra.ca\\\/en\\\/#\\\/schema\\\/logo\\\/image\\\/\",\"url\":\"https:\\\/\\\/physioextra.ca\\\/wp-content\\\/uploads\\\/GroupePhysioExtra.jpg\",\"contentUrl\":\"https:\\\/\\\/physioextra.ca\\\/wp-content\\\/uploads\\\/GroupePhysioExtra.jpg\",\"width\":696,\"height\":696,\"caption\":\"PhysioExtra\"},\"image\":{\"@id\":\"https:\\\/\\\/physioextra.ca\\\/en\\\/#\\\/schema\\\/logo\\\/image\\\/\"},\"sameAs\":[\"https:\\\/\\\/www.facebook.com\\\/PhysioExtra\"],\"description\":\"PhysioExtra est un r\u00e9seau de cliniques de physioth\u00e9rapie et de r\u00e9adaptation au Qu\u00e9bec offrant des services de physioth\u00e9rapie, massoth\u00e9rapie, ost\u00e9opathie et soins sp\u00e9cialis\u00e9s pour la sant\u00e9 physique.\",\"email\":\"informationsweb@physioextra.ca\",\"telephone\":\"1 855 743-9872\",\"legalName\":\"Groupe PhysioExtra\",\"numberOfEmployees\":{\"@type\":\"QuantitativeValue\",\"minValue\":\"501\",\"maxValue\":\"1000\"}}]}<\/script>\n<!-- \/ Yoast SEO Premium plugin. -->","yoast_head_json":{"title":"Discover all our experts | PhysioExtra","robots":{"index":"index","follow":"follow","max-snippet":"max-snippet:-1","max-image-preview":"max-image-preview:large","max-video-preview":"max-video-preview:-1"},"canonical":"https:\/\/physioextra.ca\/en\/discover-all-our-experts\/","og_locale":"en_US","og_type":"article","og_title":"Discover all our experts | PhysioExtra","og_url":"https:\/\/physioextra.ca\/en\/discover-all-our-experts\/","og_site_name":"PhysioExtra","article_publisher":"https:\/\/www.facebook.com\/PhysioExtra","og_image":[{"width":1200,"height":675,"url":"https:\/\/physioextra.ca\/wp-content\/uploads\/image-preview-social.png","type":"image\/png"}],"twitter_card":"summary_large_image","schema":{"@context":"https:\/\/schema.org","@graph":[{"@type":"WebPage","@id":"https:\/\/physioextra.ca\/en\/discover-all-our-experts\/","url":"https:\/\/physioextra.ca\/en\/discover-all-our-experts\/","name":"Discover all our experts | PhysioExtra","isPartOf":{"@id":"https:\/\/physioextra.ca\/en\/#website"},"datePublished":"2022-05-10T02:22:44+00:00","breadcrumb":{"@id":"https:\/\/physioextra.ca\/en\/discover-all-our-experts\/#breadcrumb"},"inLanguage":"en-CA","potentialAction":[{"@type":"ReadAction","target":["https:\/\/physioextra.ca\/en\/discover-all-our-experts\/"]}]},{"@type":"BreadcrumbList","@id":"https:\/\/physioextra.ca\/en\/discover-all-our-experts\/#breadcrumb","itemListElement":[{"@type":"ListItem","position":1,"name":"Home","item":"https:\/\/physioextra.ca\/en\/"},{"@type":"ListItem","position":2,"name":"Discover all our experts"}]},{"@type":"WebSite","@id":"https:\/\/physioextra.ca\/en\/#website","url":"https:\/\/physioextra.ca\/en\/","name":"PhysioExtra","description":"Cliniques de physioth\u00e9rapie avec \u00e9quipe multidisciplinaire","publisher":{"@id":"https:\/\/physioextra.ca\/en\/#organization"},"potentialAction":[{"@type":"SearchAction","target":{"@type":"EntryPoint","urlTemplate":"https:\/\/physioextra.ca\/en\/?s={search_term_string}"},"query-input":{"@type":"PropertyValueSpecification","valueRequired":true,"valueName":"search_term_string"}}],"inLanguage":"en-CA"},{"@type":"Organization","@id":"https:\/\/physioextra.ca\/en\/#organization","name":"PhysioExtra","alternateName":"PE","url":"https:\/\/physioextra.ca\/en\/","logo":{"@type":"ImageObject","inLanguage":"en-CA","@id":"https:\/\/physioextra.ca\/en\/#\/schema\/logo\/image\/","url":"https:\/\/physioextra.ca\/wp-content\/uploads\/GroupePhysioExtra.jpg","contentUrl":"https:\/\/physioextra.ca\/wp-content\/uploads\/GroupePhysioExtra.jpg","width":696,"height":696,"caption":"PhysioExtra"},"image":{"@id":"https:\/\/physioextra.ca\/en\/#\/schema\/logo\/image\/"},"sameAs":["https:\/\/www.facebook.com\/PhysioExtra"],"description":"PhysioExtra est un r\u00e9seau de cliniques de physioth\u00e9rapie et de r\u00e9adaptation au Qu\u00e9bec offrant des services de physioth\u00e9rapie, massoth\u00e9rapie, ost\u00e9opathie et soins sp\u00e9cialis\u00e9s pour la sant\u00e9 physique.","email":"informationsweb@physioextra.ca","telephone":"1 855 743-9872","legalName":"Groupe PhysioExtra","numberOfEmployees":{"@type":"QuantitativeValue","minValue":"501","maxValue":"1000"}}]}},"_links":{"self":[{"href":"https:\/\/physioextra.ca\/en\/wp-json\/wp\/v2\/pages\/4151","targetHints":{"allow":["GET"]}}],"collection":[{"href":"https:\/\/physioextra.ca\/en\/wp-json\/wp\/v2\/pages"}],"about":[{"href":"https:\/\/physioextra.ca\/en\/wp-json\/wp\/v2\/types\/page"}],"author":[{"embeddable":true,"href":"https:\/\/physioextra.ca\/en\/wp-json\/wp\/v2\/users\/1"}],"replies":[{"embeddable":true,"href":"https:\/\/physioextra.ca\/en\/wp-json\/wp\/v2\/comments?post=4151"}],"version-history":[{"count":0,"href":"https:\/\/physioextra.ca\/en\/wp-json\/wp\/v2\/pages\/4151\/revisions"}],"wp:attachment":[{"href":"https:\/\/physioextra.ca\/en\/wp-json\/wp\/v2\/media?parent=4151"}],"curies":[{"name":"wp","href":"https:\/\/api.w.org\/{rel}","templated":true}]}}