{"id":4154,"date":"2022-05-09T23:14:35","date_gmt":"2022-05-10T03:14:35","guid":{"rendered":"https:\/\/physioex.impulsionmedia.com\/?page_id=4154"},"modified":"2026-01-05T20:40:26","modified_gmt":"2026-01-06T01:40:26","slug":"our-services-to-insurers","status":"publish","type":"page","link":"https:\/\/physioextra.ca\/en\/our-services-to-insurers\/","title":{"rendered":"Our services to insurers"},"content":{"rendered":"<p>Since 2003, PhysioExtra has treated more than 10,000 workers, becoming the benchmark for return-to-work programs. We accept mandates from the CNESST, the SAAQ, private insurers and private employers. Find out how our high return-to-work success rate can save you time and money!<\/p>\n<h2>What services are offered?<\/h2>\n<p>With nearly 20 years of expertise in return-to-work programs and more than 10,000 workers having benefited from our services, PhysioExtra has become a strategic partner for government agencies, insurers and employers as well as a key resource for patients on sick leave.<\/p>\n<p>Our action based on the latest evidence, our deep understanding of the issues experienced by rehabilitation counsellors and the expertise of our professionals translates into a high success rate in returns to work.<\/p>\n<p>We can intervene at all stages of a return-to-work process including:<\/p>\n<ul>\n<li><a href=\"https:\/\/physioextra.ca\/en\/functional-capacity-development-program\/\"><strong>Functional Capacity<\/strong> Development Program<\/a><\/li>\n<li><a href=\"https:\/\/physioextra.ca\/en\/expertise\/ergonomics-workstation-assessment\/\">Workstation assessment and adaptation<\/a><\/li>\n<li><strong>Physical and mental health<\/strong> intervention<\/li>\n<li>Assessment of <strong>functional capabilities<\/strong><\/li>\n<li>Accompanying workers as they <strong>head back to the job<\/strong><\/li>\n<li>Counselling services to advisors in the <strong>management of disability<\/strong><\/li>\n<li><a href=\"https:\/\/physioextra.ca\/en\/functional-capacity-development-program\/#covid-link\"><strong>Post-COVID-19 Syndrome<\/strong> Program<\/a><\/li>\n<\/ul>\n<h2>A comprehensive and integrated treatment approach<\/h2>\n<p>Our approach combines both rehabilitation services and support in the workplace or at home, whether virtual or in person. We are able to put in place the skills and tools necessary for a rapid and successful intervention:<\/p>\n<ul>\n<li><strong>Specialized and trained teams<\/strong> in persistent disability<\/li>\n<li><strong>Demedicalized<\/strong> rehabilitation facilities<\/li>\n<li>Over <strong>30 educational and activation workshop topics available<\/strong> based on participants' interests and needs<\/li>\n<li>Weekly interdisciplinary <strong>team meetings<\/strong><\/li>\n<li><strong>Meetings and team interventions<\/strong> with the participant<\/li>\n<\/ul>\n<h2>A simplified path for advisors<\/h2>\n<p>Our services to insurers also provide a <strong>simplified path for advisors<\/strong>, allowing them to manage actions and optimize investments:<\/p>\n<ul>\n<li>Accurate, detailed and easy-to-read <strong>reports<\/strong><\/li>\n<li><strong>Enumeration of disability maintenance factors<\/strong> by importance<\/li>\n<li><strong>Frequent follow-ups<\/strong> with rehabilitation counsellors.<\/li>\n<li><strong>Efficient telephone appointment scheduling system<\/strong>, which allows rehabilitation counsellors to reduce management time.<\/li>\n<\/ul>\n<h2>Contact us<\/h2>\n<h3>For more information, contact our various rehabilitation services coordinators in the network<\/h3>\n<p>Several clinics in the regions listed below have specialized on-site offerings, but procedures may be held at other network clinics or remotely via teleconsultation.<\/p>\n","protected":false},"excerpt":{"rendered":"<p>Since 2003, PhysioExtra has treated more than 10,000 workers, becoming the benchmark for return-to-work programs. We accept mandates from the CNESST, the SAAQ, private insurers and private employers. Find out how our high return-to-work success [&hellip;]<\/p>\n","protected":false},"author":1,"featured_media":0,"parent":0,"menu_order":0,"comment_status":"closed","ping_status":"closed","template":"normal-avec-rtp.php","meta":{"_acf_changed":false,"footnotes":""},"class_list":["post-4154","page","type-page","status-publish","hentry"],"acf":[],"yoast_head":"<!-- This site is optimized with the Yoast SEO Premium plugin v27.4 (Yoast SEO v27.4) - https:\/\/yoast.com\/product\/yoast-seo-premium-wordpress\/ -->\n<title>Our services to insurers | PhysioExtra<\/title>\n<meta name=\"description\" content=\"PhysioExtra, a strategic partner for government agencies, insurers and employers as well as a key resource for patients on sick leave.\" \/>\n<meta name=\"robots\" content=\"index, follow, max-snippet:-1, max-image-preview:large, max-video-preview:-1\" \/>\n<link rel=\"canonical\" href=\"https:\/\/physioextra.ca\/en\/our-services-to-insurers\/\" \/>\n<meta property=\"og:locale\" content=\"en_US\" \/>\n<meta property=\"og:type\" content=\"article\" \/>\n<meta property=\"og:title\" content=\"Our services to insurers | PhysioExtra\" \/>\n<meta property=\"og:description\" content=\"PhysioExtra, a strategic partner for government agencies, insurers and employers as well as a key resource for patients on sick leave.\" \/>\n<meta property=\"og:url\" content=\"https:\/\/physioextra.ca\/en\/our-services-to-insurers\/\" \/>\n<meta property=\"og:site_name\" content=\"PhysioExtra\" \/>\n<meta property=\"article:publisher\" content=\"https:\/\/www.facebook.com\/PhysioExtra\" \/>\n<meta property=\"article:modified_time\" content=\"2026-01-06T01:40:26+00:00\" \/>\n<meta property=\"og:image\" content=\"https:\/\/physioextra.ca\/wp-content\/uploads\/image-preview-social.png\" \/>\n\t<meta property=\"og:image:width\" content=\"1200\" \/>\n\t<meta property=\"og:image:height\" content=\"675\" \/>\n\t<meta property=\"og:image:type\" content=\"image\/png\" \/>\n<meta name=\"twitter:card\" content=\"summary_large_image\" \/>\n<script type=\"application\/ld+json\" class=\"yoast-schema-graph\">{\"@context\":\"https:\\\/\\\/schema.org\",\"@graph\":[{\"@type\":\"WebPage\",\"@id\":\"https:\\\/\\\/physioextra.ca\\\/en\\\/our-services-to-insurers\\\/\",\"url\":\"https:\\\/\\\/physioextra.ca\\\/en\\\/our-services-to-insurers\\\/\",\"name\":\"Our services to insurers | PhysioExtra\",\"isPartOf\":{\"@id\":\"https:\\\/\\\/physioextra.ca\\\/en\\\/#website\"},\"datePublished\":\"2022-05-10T03:14:35+00:00\",\"dateModified\":\"2026-01-06T01:40:26+00:00\",\"description\":\"PhysioExtra, a strategic partner for government agencies, insurers and employers as well as a key resource for patients on sick leave.\",\"breadcrumb\":{\"@id\":\"https:\\\/\\\/physioextra.ca\\\/en\\\/our-services-to-insurers\\\/#breadcrumb\"},\"inLanguage\":\"en-CA\",\"potentialAction\":[{\"@type\":\"ReadAction\",\"target\":[\"https:\\\/\\\/physioextra.ca\\\/en\\\/our-services-to-insurers\\\/\"]}]},{\"@type\":\"BreadcrumbList\",\"@id\":\"https:\\\/\\\/physioextra.ca\\\/en\\\/our-services-to-insurers\\\/#breadcrumb\",\"itemListElement\":[{\"@type\":\"ListItem\",\"position\":1,\"name\":\"Home\",\"item\":\"https:\\\/\\\/physioextra.ca\\\/en\\\/\"},{\"@type\":\"ListItem\",\"position\":2,\"name\":\"Our services to insurers\"}]},{\"@type\":\"WebSite\",\"@id\":\"https:\\\/\\\/physioextra.ca\\\/en\\\/#website\",\"url\":\"https:\\\/\\\/physioextra.ca\\\/en\\\/\",\"name\":\"PhysioExtra\",\"description\":\"Cliniques de physioth\u00e9rapie avec \u00e9quipe multidisciplinaire\",\"publisher\":{\"@id\":\"https:\\\/\\\/physioextra.ca\\\/en\\\/#organization\"},\"potentialAction\":[{\"@type\":\"SearchAction\",\"target\":{\"@type\":\"EntryPoint\",\"urlTemplate\":\"https:\\\/\\\/physioextra.ca\\\/en\\\/?s={search_term_string}\"},\"query-input\":{\"@type\":\"PropertyValueSpecification\",\"valueRequired\":true,\"valueName\":\"search_term_string\"}}],\"inLanguage\":\"en-CA\"},{\"@type\":\"Organization\",\"@id\":\"https:\\\/\\\/physioextra.ca\\\/en\\\/#organization\",\"name\":\"PhysioExtra\",\"alternateName\":\"PE\",\"url\":\"https:\\\/\\\/physioextra.ca\\\/en\\\/\",\"logo\":{\"@type\":\"ImageObject\",\"inLanguage\":\"en-CA\",\"@id\":\"https:\\\/\\\/physioextra.ca\\\/en\\\/#\\\/schema\\\/logo\\\/image\\\/\",\"url\":\"https:\\\/\\\/physioextra.ca\\\/wp-content\\\/uploads\\\/GroupePhysioExtra.jpg\",\"contentUrl\":\"https:\\\/\\\/physioextra.ca\\\/wp-content\\\/uploads\\\/GroupePhysioExtra.jpg\",\"width\":696,\"height\":696,\"caption\":\"PhysioExtra\"},\"image\":{\"@id\":\"https:\\\/\\\/physioextra.ca\\\/en\\\/#\\\/schema\\\/logo\\\/image\\\/\"},\"sameAs\":[\"https:\\\/\\\/www.facebook.com\\\/PhysioExtra\"],\"description\":\"PhysioExtra est un r\u00e9seau de cliniques de physioth\u00e9rapie et de r\u00e9adaptation au Qu\u00e9bec offrant des services de physioth\u00e9rapie, massoth\u00e9rapie, ost\u00e9opathie et soins sp\u00e9cialis\u00e9s pour la sant\u00e9 physique.\",\"email\":\"informationsweb@physioextra.ca\",\"telephone\":\"1 855 743-9872\",\"legalName\":\"Groupe PhysioExtra\",\"numberOfEmployees\":{\"@type\":\"QuantitativeValue\",\"minValue\":\"501\",\"maxValue\":\"1000\"}}]}<\/script>\n<!-- \/ Yoast SEO Premium plugin. -->","yoast_head_json":{"title":"Our services to insurers | PhysioExtra","description":"PhysioExtra, a strategic partner for government agencies, insurers and employers as well as a key resource for patients on sick leave.","robots":{"index":"index","follow":"follow","max-snippet":"max-snippet:-1","max-image-preview":"max-image-preview:large","max-video-preview":"max-video-preview:-1"},"canonical":"https:\/\/physioextra.ca\/en\/our-services-to-insurers\/","og_locale":"en_US","og_type":"article","og_title":"Our services to insurers | PhysioExtra","og_description":"PhysioExtra, a strategic partner for government agencies, insurers and employers as well as a key resource for patients on sick leave.","og_url":"https:\/\/physioextra.ca\/en\/our-services-to-insurers\/","og_site_name":"PhysioExtra","article_publisher":"https:\/\/www.facebook.com\/PhysioExtra","article_modified_time":"2026-01-06T01:40:26+00:00","og_image":[{"width":1200,"height":675,"url":"https:\/\/physioextra.ca\/wp-content\/uploads\/image-preview-social.png","type":"image\/png"}],"twitter_card":"summary_large_image","schema":{"@context":"https:\/\/schema.org","@graph":[{"@type":"WebPage","@id":"https:\/\/physioextra.ca\/en\/our-services-to-insurers\/","url":"https:\/\/physioextra.ca\/en\/our-services-to-insurers\/","name":"Our services to insurers | PhysioExtra","isPartOf":{"@id":"https:\/\/physioextra.ca\/en\/#website"},"datePublished":"2022-05-10T03:14:35+00:00","dateModified":"2026-01-06T01:40:26+00:00","description":"PhysioExtra, a strategic partner for government agencies, insurers and employers as well as a key resource for patients on sick leave.","breadcrumb":{"@id":"https:\/\/physioextra.ca\/en\/our-services-to-insurers\/#breadcrumb"},"inLanguage":"en-CA","potentialAction":[{"@type":"ReadAction","target":["https:\/\/physioextra.ca\/en\/our-services-to-insurers\/"]}]},{"@type":"BreadcrumbList","@id":"https:\/\/physioextra.ca\/en\/our-services-to-insurers\/#breadcrumb","itemListElement":[{"@type":"ListItem","position":1,"name":"Home","item":"https:\/\/physioextra.ca\/en\/"},{"@type":"ListItem","position":2,"name":"Our services to insurers"}]},{"@type":"WebSite","@id":"https:\/\/physioextra.ca\/en\/#website","url":"https:\/\/physioextra.ca\/en\/","name":"PhysioExtra","description":"Cliniques de physioth\u00e9rapie avec \u00e9quipe multidisciplinaire","publisher":{"@id":"https:\/\/physioextra.ca\/en\/#organization"},"potentialAction":[{"@type":"SearchAction","target":{"@type":"EntryPoint","urlTemplate":"https:\/\/physioextra.ca\/en\/?s={search_term_string}"},"query-input":{"@type":"PropertyValueSpecification","valueRequired":true,"valueName":"search_term_string"}}],"inLanguage":"en-CA"},{"@type":"Organization","@id":"https:\/\/physioextra.ca\/en\/#organization","name":"PhysioExtra","alternateName":"PE","url":"https:\/\/physioextra.ca\/en\/","logo":{"@type":"ImageObject","inLanguage":"en-CA","@id":"https:\/\/physioextra.ca\/en\/#\/schema\/logo\/image\/","url":"https:\/\/physioextra.ca\/wp-content\/uploads\/GroupePhysioExtra.jpg","contentUrl":"https:\/\/physioextra.ca\/wp-content\/uploads\/GroupePhysioExtra.jpg","width":696,"height":696,"caption":"PhysioExtra"},"image":{"@id":"https:\/\/physioextra.ca\/en\/#\/schema\/logo\/image\/"},"sameAs":["https:\/\/www.facebook.com\/PhysioExtra"],"description":"PhysioExtra est un r\u00e9seau de cliniques de physioth\u00e9rapie et de r\u00e9adaptation au Qu\u00e9bec offrant des services de physioth\u00e9rapie, massoth\u00e9rapie, ost\u00e9opathie et soins sp\u00e9cialis\u00e9s pour la sant\u00e9 physique.","email":"informationsweb@physioextra.ca","telephone":"1 855 743-9872","legalName":"Groupe PhysioExtra","numberOfEmployees":{"@type":"QuantitativeValue","minValue":"501","maxValue":"1000"}}]}},"_links":{"self":[{"href":"https:\/\/physioextra.ca\/en\/wp-json\/wp\/v2\/pages\/4154","targetHints":{"allow":["GET"]}}],"collection":[{"href":"https:\/\/physioextra.ca\/en\/wp-json\/wp\/v2\/pages"}],"about":[{"href":"https:\/\/physioextra.ca\/en\/wp-json\/wp\/v2\/types\/page"}],"author":[{"embeddable":true,"href":"https:\/\/physioextra.ca\/en\/wp-json\/wp\/v2\/users\/1"}],"replies":[{"embeddable":true,"href":"https:\/\/physioextra.ca\/en\/wp-json\/wp\/v2\/comments?post=4154"}],"version-history":[{"count":3,"href":"https:\/\/physioextra.ca\/en\/wp-json\/wp\/v2\/pages\/4154\/revisions"}],"predecessor-version":[{"id":14170,"href":"https:\/\/physioextra.ca\/en\/wp-json\/wp\/v2\/pages\/4154\/revisions\/14170"}],"wp:attachment":[{"href":"https:\/\/physioextra.ca\/en\/wp-json\/wp\/v2\/media?parent=4154"}],"curies":[{"name":"wp","href":"https:\/\/api.w.org\/{rel}","templated":true}]}}