{"id":4176,"date":"2022-05-09T23:40:11","date_gmt":"2022-05-10T03:40:11","guid":{"rendered":"https:\/\/physioex.impulsionmedia.com\/?page_id=4176"},"modified":"2026-03-10T13:35:48","modified_gmt":"2026-03-10T17:35:48","slug":"our-board-of-directors","status":"publish","type":"page","link":"https:\/\/physioextra.ca\/en\/our-board-of-directors\/","title":{"rendered":"Our board of directors"},"content":{"rendered":"<p>The strength of PhysioExtra Group lies in the professionalism and collaborative spirit between passionate people with deep convictions. Our network can count on a distinguished board of directors composed of 9 internal and external administrators who ensure professional and ethical overviews.<\/p>\n<p><strong>The board of directors of PhysioExtra Group is composed of the following directors:<\/strong><\/p>\n<ul>\n<li>Chairman of the Board<\/li>\n<li>6 internal administrators working full time at PhysioExtra<\/li>\n<li>2 external directors acting as committee chairs<\/li>\n<\/ul>\n<h2>Our chairman<\/h2>\n<p><strong>Michel Clair<\/strong><br \/>\n<img loading=\"lazy\" decoding=\"async\" class=\"alignright ca size-full wp-image-301\" src=\"https:\/\/physioex.impulsionmedia.com\/wp-content\/uploads\/CA-Michel-Clair.jpg\" alt=\"Michel Clair\" width=\"200\" height=\"200\" srcset=\"https:\/\/physioextra.ca\/wp-content\/uploads\/CA-Michel-Clair.jpg 200w, https:\/\/physioextra.ca\/wp-content\/uploads\/CA-Michel-Clair-150x150.jpg 150w\" sizes=\"auto, (max-width: 200px) 100vw, 200px\" \/><br \/>\nThe Chairman of the Board of PhysioExtra Group has distinguished himself during a long career in the field of health and politics in Quebec. From lawyer to legal aid to a Minister with three portfolios within the government of Ren\u00e9 L\u00e9vesque, Michel Clair has also been Deputy Minister, Executive Vice President of Hydro-Qu\u00e9bec and President of numerous committees and commissions, including the famous Clair Commission on Health and Social Services in 2000.<\/p>\n<h2>Our external administrators<\/h2>\n<p><strong>H\u00e9l\u00e8ne Lee-Gosselin<\/strong><img loading=\"lazy\" decoding=\"async\" class=\"alignright ca size-full wp-image-297\" src=\"https:\/\/physioex.impulsionmedia.com\/wp-content\/uploads\/CA-Helene-Lee-Gosselin.jpg\" alt=\"H\u00e9l\u00e8ne Lee-Gosselin\" width=\"200\" height=\"200\" srcset=\"https:\/\/physioextra.ca\/wp-content\/uploads\/CA-Helene-Lee-Gosselin.jpg 200w, https:\/\/physioextra.ca\/wp-content\/uploads\/CA-Helene-Lee-Gosselin-150x150.jpg 150w\" sizes=\"auto, (max-width: 200px) 100vw, 200px\" \/><\/p>\n<ul class=\"ca\">\n<li>Chair of the Human Resources Committee of PhysioExtra Group<\/li>\n<li>Associate Professor, Universit\u00e9 Laval, Department of Management<\/li>\n<li>Trainer and facilitator, College of Corporate Directors<\/li>\n<\/ul>\n<p><strong>Marianne Le Roux<\/strong><img loading=\"lazy\" decoding=\"async\" class=\"alignright ca size-medium wp-image-299\" src=\"https:\/\/physioex.impulsionmedia.com\/wp-content\/uploads\/CA-Marianne-le-roux.jpg\" alt=\"Marianne Le Roux\" width=\"200\" height=\"200\" srcset=\"https:\/\/physioextra.ca\/wp-content\/uploads\/CA-Marianne-le-roux.jpg 200w, https:\/\/physioextra.ca\/wp-content\/uploads\/CA-Marianne-le-roux-150x150.jpg 150w\" sizes=\"auto, (max-width: 200px) 100vw, 200px\" \/><\/p>\n<ul class=\"ca\">\n<li>Chair of the Financial Audit and Risk Management Committee of PhysioExtra Group<\/li>\n<li>Director of Development, GBSI<\/li>\n<li>Director, CIUSSS du Nord-de-l'\u00cele-de-Montr\u00e9al<\/li>\n<li>President, Virtus Consulting Inc.<\/li>\n<\/ul>\n<h2>Internal administrators<\/h2>\n<p><strong>Pascal Gagnon<\/strong><br \/>\nPresident and CEO<\/p>\n<p><strong>Marco Raffis<\/strong><br \/>\nMarketing and Communications Director<\/p>\n<p><strong>Nicolas Canigiani<\/strong><br \/>\nDirector of Corporate Development and Infrastructure<\/p>\n<p><strong>Nicolas Dargis<\/strong><br \/>\nDirector of Administration and Finance<\/p>\n<p><strong>Micka\u00ebl Vachon<\/strong><br \/>\nMedical Director, Health and Innovation and Community of Practice Leader in Rehabilitation<\/p>\n<p><strong>Simon Desrosiers<\/strong><br \/>\nClinical Director<\/p>\n","protected":false},"excerpt":{"rendered":"<p>The strength of PhysioExtra Group lies in the professionalism and collaborative spirit between passionate people with deep convictions. Our network can count on a distinguished board of directors composed of 9 internal and external administrators [&hellip;]<\/p>\n","protected":false},"author":1,"featured_media":0,"parent":0,"menu_order":0,"comment_status":"closed","ping_status":"closed","template":"normal-pourquoi-physioextra.php","meta":{"_acf_changed":false,"footnotes":""},"class_list":["post-4176","page","type-page","status-publish","hentry"],"acf":[],"yoast_head":"<!-- This site is optimized with the Yoast SEO Premium plugin v27.4 (Yoast SEO v27.5) - https:\/\/yoast.com\/product\/yoast-seo-premium-wordpress\/ -->\n<title>Our board of directors | PhysioExtra<\/title>\n<meta name=\"description\" content=\"The strength of PhysioExtra Group lies in the professionalism and collaborative spirit between passionate people with deep convictions.\" \/>\n<meta name=\"robots\" content=\"index, follow, max-snippet:-1, max-image-preview:large, max-video-preview:-1\" \/>\n<link rel=\"canonical\" href=\"https:\/\/physioextra.ca\/en\/our-board-of-directors\/\" \/>\n<meta property=\"og:locale\" content=\"en_US\" \/>\n<meta property=\"og:type\" content=\"article\" \/>\n<meta property=\"og:title\" content=\"Our board of directors | PhysioExtra\" \/>\n<meta property=\"og:description\" content=\"The strength of PhysioExtra Group lies in the professionalism and collaborative spirit between passionate people with deep convictions.\" \/>\n<meta property=\"og:url\" content=\"https:\/\/physioextra.ca\/en\/our-board-of-directors\/\" \/>\n<meta property=\"og:site_name\" content=\"PhysioExtra\" \/>\n<meta property=\"article:publisher\" content=\"https:\/\/www.facebook.com\/PhysioExtra\" \/>\n<meta property=\"article:modified_time\" content=\"2026-03-10T17:35:48+00:00\" \/>\n<meta property=\"og:image\" content=\"https:\/\/physioextra.ca\/wp-content\/uploads\/image-preview-social.png\" \/>\n\t<meta property=\"og:image:width\" content=\"1200\" \/>\n\t<meta property=\"og:image:height\" content=\"675\" \/>\n\t<meta property=\"og:image:type\" content=\"image\/png\" \/>\n<meta name=\"twitter:card\" content=\"summary_large_image\" \/>\n<meta name=\"twitter:image\" content=\"https:\/\/physioextra.ca\/wp-content\/uploads\/image-preview-social.png\" \/>\n<script type=\"application\/ld+json\" class=\"yoast-schema-graph\">{\"@context\":\"https:\\\/\\\/schema.org\",\"@graph\":[{\"@type\":\"WebPage\",\"@id\":\"https:\\\/\\\/physioextra.ca\\\/en\\\/our-board-of-directors\\\/\",\"url\":\"https:\\\/\\\/physioextra.ca\\\/en\\\/our-board-of-directors\\\/\",\"name\":\"Our board of directors | PhysioExtra\",\"isPartOf\":{\"@id\":\"https:\\\/\\\/physioextra.ca\\\/en\\\/#website\"},\"primaryImageOfPage\":{\"@id\":\"https:\\\/\\\/physioextra.ca\\\/en\\\/our-board-of-directors\\\/#primaryimage\"},\"image\":{\"@id\":\"https:\\\/\\\/physioextra.ca\\\/en\\\/our-board-of-directors\\\/#primaryimage\"},\"thumbnailUrl\":\"https:\\\/\\\/physioex.impulsionmedia.com\\\/wp-content\\\/uploads\\\/CA-Michel-Clair.jpg\",\"datePublished\":\"2022-05-10T03:40:11+00:00\",\"dateModified\":\"2026-03-10T17:35:48+00:00\",\"description\":\"The strength of PhysioExtra Group lies in the professionalism and collaborative spirit between passionate people with deep convictions.\",\"breadcrumb\":{\"@id\":\"https:\\\/\\\/physioextra.ca\\\/en\\\/our-board-of-directors\\\/#breadcrumb\"},\"inLanguage\":\"en-CA\",\"potentialAction\":[{\"@type\":\"ReadAction\",\"target\":[\"https:\\\/\\\/physioextra.ca\\\/en\\\/our-board-of-directors\\\/\"]}]},{\"@type\":\"ImageObject\",\"inLanguage\":\"en-CA\",\"@id\":\"https:\\\/\\\/physioextra.ca\\\/en\\\/our-board-of-directors\\\/#primaryimage\",\"url\":\"https:\\\/\\\/physioex.impulsionmedia.com\\\/wp-content\\\/uploads\\\/CA-Michel-Clair.jpg\",\"contentUrl\":\"https:\\\/\\\/physioex.impulsionmedia.com\\\/wp-content\\\/uploads\\\/CA-Michel-Clair.jpg\"},{\"@type\":\"BreadcrumbList\",\"@id\":\"https:\\\/\\\/physioextra.ca\\\/en\\\/our-board-of-directors\\\/#breadcrumb\",\"itemListElement\":[{\"@type\":\"ListItem\",\"position\":1,\"name\":\"Home\",\"item\":\"https:\\\/\\\/physioextra.ca\\\/en\\\/\"},{\"@type\":\"ListItem\",\"position\":2,\"name\":\"Our board of directors\"}]},{\"@type\":\"WebSite\",\"@id\":\"https:\\\/\\\/physioextra.ca\\\/en\\\/#website\",\"url\":\"https:\\\/\\\/physioextra.ca\\\/en\\\/\",\"name\":\"PhysioExtra\",\"description\":\"Cliniques de physioth\u00e9rapie avec \u00e9quipe multidisciplinaire\",\"publisher\":{\"@id\":\"https:\\\/\\\/physioextra.ca\\\/en\\\/#organization\"},\"potentialAction\":[{\"@type\":\"SearchAction\",\"target\":{\"@type\":\"EntryPoint\",\"urlTemplate\":\"https:\\\/\\\/physioextra.ca\\\/en\\\/?s={search_term_string}\"},\"query-input\":{\"@type\":\"PropertyValueSpecification\",\"valueRequired\":true,\"valueName\":\"search_term_string\"}}],\"inLanguage\":\"en-CA\"},{\"@type\":\"Organization\",\"@id\":\"https:\\\/\\\/physioextra.ca\\\/en\\\/#organization\",\"name\":\"PhysioExtra\",\"alternateName\":\"PE\",\"url\":\"https:\\\/\\\/physioextra.ca\\\/en\\\/\",\"logo\":{\"@type\":\"ImageObject\",\"inLanguage\":\"en-CA\",\"@id\":\"https:\\\/\\\/physioextra.ca\\\/en\\\/#\\\/schema\\\/logo\\\/image\\\/\",\"url\":\"https:\\\/\\\/physioextra.ca\\\/wp-content\\\/uploads\\\/GroupePhysioExtra.jpg\",\"contentUrl\":\"https:\\\/\\\/physioextra.ca\\\/wp-content\\\/uploads\\\/GroupePhysioExtra.jpg\",\"width\":696,\"height\":696,\"caption\":\"PhysioExtra\"},\"image\":{\"@id\":\"https:\\\/\\\/physioextra.ca\\\/en\\\/#\\\/schema\\\/logo\\\/image\\\/\"},\"sameAs\":[\"https:\\\/\\\/www.facebook.com\\\/PhysioExtra\"],\"description\":\"PhysioExtra est un r\u00e9seau de cliniques de physioth\u00e9rapie et de r\u00e9adaptation au Qu\u00e9bec offrant des services de physioth\u00e9rapie, massoth\u00e9rapie, ost\u00e9opathie et soins sp\u00e9cialis\u00e9s pour la sant\u00e9 physique.\",\"email\":\"informationsweb@physioextra.ca\",\"telephone\":\"1 855 743-9872\",\"legalName\":\"Groupe PhysioExtra\",\"numberOfEmployees\":{\"@type\":\"QuantitativeValue\",\"minValue\":\"501\",\"maxValue\":\"1000\"}}]}<\/script>\n<!-- \/ Yoast SEO Premium plugin. -->","yoast_head_json":{"title":"Our board of directors | PhysioExtra","description":"The strength of PhysioExtra Group lies in the professionalism and collaborative spirit between passionate people with deep convictions.","robots":{"index":"index","follow":"follow","max-snippet":"max-snippet:-1","max-image-preview":"max-image-preview:large","max-video-preview":"max-video-preview:-1"},"canonical":"https:\/\/physioextra.ca\/en\/our-board-of-directors\/","og_locale":"en_US","og_type":"article","og_title":"Our board of directors | PhysioExtra","og_description":"The strength of PhysioExtra Group lies in the professionalism and collaborative spirit between passionate people with deep convictions.","og_url":"https:\/\/physioextra.ca\/en\/our-board-of-directors\/","og_site_name":"PhysioExtra","article_publisher":"https:\/\/www.facebook.com\/PhysioExtra","article_modified_time":"2026-03-10T17:35:48+00:00","og_image":[{"width":1200,"height":675,"url":"https:\/\/physioextra.ca\/wp-content\/uploads\/image-preview-social.png","type":"image\/png"}],"twitter_card":"summary_large_image","twitter_image":"https:\/\/physioextra.ca\/wp-content\/uploads\/image-preview-social.png","schema":{"@context":"https:\/\/schema.org","@graph":[{"@type":"WebPage","@id":"https:\/\/physioextra.ca\/en\/our-board-of-directors\/","url":"https:\/\/physioextra.ca\/en\/our-board-of-directors\/","name":"Our board of directors | PhysioExtra","isPartOf":{"@id":"https:\/\/physioextra.ca\/en\/#website"},"primaryImageOfPage":{"@id":"https:\/\/physioextra.ca\/en\/our-board-of-directors\/#primaryimage"},"image":{"@id":"https:\/\/physioextra.ca\/en\/our-board-of-directors\/#primaryimage"},"thumbnailUrl":"https:\/\/physioex.impulsionmedia.com\/wp-content\/uploads\/CA-Michel-Clair.jpg","datePublished":"2022-05-10T03:40:11+00:00","dateModified":"2026-03-10T17:35:48+00:00","description":"The strength of PhysioExtra Group lies in the professionalism and collaborative spirit between passionate people with deep convictions.","breadcrumb":{"@id":"https:\/\/physioextra.ca\/en\/our-board-of-directors\/#breadcrumb"},"inLanguage":"en-CA","potentialAction":[{"@type":"ReadAction","target":["https:\/\/physioextra.ca\/en\/our-board-of-directors\/"]}]},{"@type":"ImageObject","inLanguage":"en-CA","@id":"https:\/\/physioextra.ca\/en\/our-board-of-directors\/#primaryimage","url":"https:\/\/physioex.impulsionmedia.com\/wp-content\/uploads\/CA-Michel-Clair.jpg","contentUrl":"https:\/\/physioex.impulsionmedia.com\/wp-content\/uploads\/CA-Michel-Clair.jpg"},{"@type":"BreadcrumbList","@id":"https:\/\/physioextra.ca\/en\/our-board-of-directors\/#breadcrumb","itemListElement":[{"@type":"ListItem","position":1,"name":"Home","item":"https:\/\/physioextra.ca\/en\/"},{"@type":"ListItem","position":2,"name":"Our board of directors"}]},{"@type":"WebSite","@id":"https:\/\/physioextra.ca\/en\/#website","url":"https:\/\/physioextra.ca\/en\/","name":"PhysioExtra","description":"Cliniques de physioth\u00e9rapie avec \u00e9quipe multidisciplinaire","publisher":{"@id":"https:\/\/physioextra.ca\/en\/#organization"},"potentialAction":[{"@type":"SearchAction","target":{"@type":"EntryPoint","urlTemplate":"https:\/\/physioextra.ca\/en\/?s={search_term_string}"},"query-input":{"@type":"PropertyValueSpecification","valueRequired":true,"valueName":"search_term_string"}}],"inLanguage":"en-CA"},{"@type":"Organization","@id":"https:\/\/physioextra.ca\/en\/#organization","name":"PhysioExtra","alternateName":"PE","url":"https:\/\/physioextra.ca\/en\/","logo":{"@type":"ImageObject","inLanguage":"en-CA","@id":"https:\/\/physioextra.ca\/en\/#\/schema\/logo\/image\/","url":"https:\/\/physioextra.ca\/wp-content\/uploads\/GroupePhysioExtra.jpg","contentUrl":"https:\/\/physioextra.ca\/wp-content\/uploads\/GroupePhysioExtra.jpg","width":696,"height":696,"caption":"PhysioExtra"},"image":{"@id":"https:\/\/physioextra.ca\/en\/#\/schema\/logo\/image\/"},"sameAs":["https:\/\/www.facebook.com\/PhysioExtra"],"description":"PhysioExtra est un r\u00e9seau de cliniques de physioth\u00e9rapie et de r\u00e9adaptation au Qu\u00e9bec offrant des services de physioth\u00e9rapie, massoth\u00e9rapie, ost\u00e9opathie et soins sp\u00e9cialis\u00e9s pour la sant\u00e9 physique.","email":"informationsweb@physioextra.ca","telephone":"1 855 743-9872","legalName":"Groupe PhysioExtra","numberOfEmployees":{"@type":"QuantitativeValue","minValue":"501","maxValue":"1000"}}]}},"_links":{"self":[{"href":"https:\/\/physioextra.ca\/en\/wp-json\/wp\/v2\/pages\/4176","targetHints":{"allow":["GET"]}}],"collection":[{"href":"https:\/\/physioextra.ca\/en\/wp-json\/wp\/v2\/pages"}],"about":[{"href":"https:\/\/physioextra.ca\/en\/wp-json\/wp\/v2\/types\/page"}],"author":[{"embeddable":true,"href":"https:\/\/physioextra.ca\/en\/wp-json\/wp\/v2\/users\/1"}],"replies":[{"embeddable":true,"href":"https:\/\/physioextra.ca\/en\/wp-json\/wp\/v2\/comments?post=4176"}],"version-history":[{"count":1,"href":"https:\/\/physioextra.ca\/en\/wp-json\/wp\/v2\/pages\/4176\/revisions"}],"predecessor-version":[{"id":15030,"href":"https:\/\/physioextra.ca\/en\/wp-json\/wp\/v2\/pages\/4176\/revisions\/15030"}],"wp:attachment":[{"href":"https:\/\/physioextra.ca\/en\/wp-json\/wp\/v2\/media?parent=4176"}],"curies":[{"name":"wp","href":"https:\/\/api.w.org\/{rel}","templated":true}]}}