{"id":4178,"date":"2022-05-09T23:45:24","date_gmt":"2022-05-10T03:45:24","guid":{"rendered":"https:\/\/physioex.impulsionmedia.com\/?page_id=4178"},"modified":"2026-03-10T13:18:51","modified_gmt":"2026-03-10T17:18:51","slug":"why-choose-physioextra","status":"publish","type":"page","link":"https:\/\/physioextra.ca\/en\/why-choose-physioextra\/","title":{"rendered":"Why choose PhysioExtra?"},"content":{"rendered":"<p>PhysioExtra was founded with a vision to <strong>improve<\/strong> the rehabilitation treatment model and offer our clients <strong>superior services<\/strong> in prevention, rehabilitation and pain management.<\/p>\n<p>We understand how much discomfort or pain interferes with your daily life. That's why we work with you to help <strong>relieve your pain<\/strong>, <strong>restore your health<\/strong> and <strong>speed up your return to normalcy<\/strong> as efficiently as possible.<\/p>\n<p>&nbsp;<\/p>\n<h2>A network of experts for our customers<\/h2>\n<p>All our clinics benefit from the strength of a <strong>well-connected and experienced network<\/strong>. Driven by a passion for wellness and their profession, our teams of professionals work in an interdisciplinary manner with the same priority at heart: the physical and mental health of each of our patients.<\/p>\n<h2>All professionals under one roof<\/h2>\n<p>From <a href=\"https:\/\/physioex.impulsionmedia.com\/en\/service\/physiotherapie\/\">physiotherapy<\/a>, to psychotherapy, <a href=\"https:\/\/physioex.impulsionmedia.com\/en\/service\/occupational-therapy\/\">occupational therapy<\/a>, <a href=\"https:\/\/physioex.impulsionmedia.com\/en\/service\/kinesiology\/\">kinesiology<\/a>, <a href=\"https:\/\/physioex.impulsionmedia.com\/en\/service\/osteopathy\/\">osteopathy<\/a>, <a href=\"https:\/\/physioex.impulsionmedia.com\/en\/service\/massage-therapy\/\">massage therapy<\/a> and <a href=\"https:\/\/physioex.impulsionmedia.com\/en\/service\/acupuncture\/\">acupuncture<\/a>, our professionals are united in treating your condition and are fully dedicated to your well-being. <a href=\"https:\/\/physioex.impulsionmedia.com\/en\/discover-all-our-experts\/\">Our experts<\/a> are equipped with the best technologies, take advantage of the best knowledge with continuous training, and work with adapted equipment to ensure an outstanding client experience and a quick return to health.<\/p>\n<h2>Teamwork with our customers<\/h2>\n<p>At PhysioExtra, we know that it is essential to make the right diagnosis and explain the optimal strategies for an effective treatment plan. Understanding the issues involved in rehabilitation is crucial, as success also depends on your willingness, positive attitude and consistent effort.<\/p>\n<p>Getting you back on your feet is done with the best professional treatments combined with a human, personalized, listening and empathetic approach, within a simple and pleasant process to maximize your overall health.<\/p>\n<p><strong>Don't hesitate to call on us<\/strong> to discover the many solutions available to help you enjoy life to the fullest!<\/p>\n","protected":false},"excerpt":{"rendered":"<p>PhysioExtra was founded with a vision to improve the rehabilitation treatment model and offer our clients superior services in prevention, rehabilitation and pain management. We understand how much discomfort or pain interferes with your daily [&hellip;]<\/p>\n","protected":false},"author":1,"featured_media":0,"parent":0,"menu_order":0,"comment_status":"closed","ping_status":"closed","template":"normal-pourquoi-physioextra.php","meta":{"_acf_changed":false,"footnotes":""},"class_list":["post-4178","page","type-page","status-publish","hentry"],"acf":[],"yoast_head":"<!-- This site is optimized with the Yoast SEO Premium plugin v27.4 (Yoast SEO v27.4) - https:\/\/yoast.com\/product\/yoast-seo-premium-wordpress\/ -->\n<title>Why choose PhysioExtra? | PhysioExtra<\/title>\n<meta name=\"description\" content=\"PhysioExtra was founded with a vision to improve the rehabilitation treatment model and offer our clients superior services in prevention, rehabilitation and pain management.\" \/>\n<meta name=\"robots\" content=\"index, follow, max-snippet:-1, max-image-preview:large, max-video-preview:-1\" \/>\n<link rel=\"canonical\" href=\"https:\/\/physioextra.ca\/en\/why-choose-physioextra\/\" \/>\n<meta property=\"og:locale\" content=\"en_US\" \/>\n<meta property=\"og:type\" content=\"article\" \/>\n<meta property=\"og:title\" content=\"Why choose PhysioExtra? | PhysioExtra\" \/>\n<meta property=\"og:description\" content=\"PhysioExtra was founded with a vision to improve the rehabilitation treatment model and offer our clients superior services in prevention, rehabilitation and pain management.\" \/>\n<meta property=\"og:url\" content=\"https:\/\/physioextra.ca\/en\/why-choose-physioextra\/\" \/>\n<meta property=\"og:site_name\" content=\"PhysioExtra\" \/>\n<meta property=\"article:publisher\" content=\"https:\/\/www.facebook.com\/PhysioExtra\" \/>\n<meta property=\"article:modified_time\" content=\"2026-03-10T17:18:51+00:00\" \/>\n<meta property=\"og:image\" content=\"https:\/\/physioextra.ca\/wp-content\/uploads\/image-preview-social.png\" \/>\n\t<meta property=\"og:image:width\" content=\"1200\" \/>\n\t<meta property=\"og:image:height\" content=\"675\" \/>\n\t<meta property=\"og:image:type\" content=\"image\/png\" \/>\n<meta name=\"twitter:card\" content=\"summary_large_image\" \/>\n<script type=\"application\/ld+json\" class=\"yoast-schema-graph\">{\"@context\":\"https:\\\/\\\/schema.org\",\"@graph\":[{\"@type\":\"WebPage\",\"@id\":\"https:\\\/\\\/physioextra.ca\\\/en\\\/why-choose-physioextra\\\/\",\"url\":\"https:\\\/\\\/physioextra.ca\\\/en\\\/why-choose-physioextra\\\/\",\"name\":\"Why choose PhysioExtra? | PhysioExtra\",\"isPartOf\":{\"@id\":\"https:\\\/\\\/physioextra.ca\\\/en\\\/#website\"},\"datePublished\":\"2022-05-10T03:45:24+00:00\",\"dateModified\":\"2026-03-10T17:18:51+00:00\",\"description\":\"PhysioExtra was founded with a vision to improve the rehabilitation treatment model and offer our clients superior services in prevention, rehabilitation and pain management.\",\"breadcrumb\":{\"@id\":\"https:\\\/\\\/physioextra.ca\\\/en\\\/why-choose-physioextra\\\/#breadcrumb\"},\"inLanguage\":\"en-CA\",\"potentialAction\":[{\"@type\":\"ReadAction\",\"target\":[\"https:\\\/\\\/physioextra.ca\\\/en\\\/why-choose-physioextra\\\/\"]}]},{\"@type\":\"BreadcrumbList\",\"@id\":\"https:\\\/\\\/physioextra.ca\\\/en\\\/why-choose-physioextra\\\/#breadcrumb\",\"itemListElement\":[{\"@type\":\"ListItem\",\"position\":1,\"name\":\"Home\",\"item\":\"https:\\\/\\\/physioextra.ca\\\/en\\\/\"},{\"@type\":\"ListItem\",\"position\":2,\"name\":\"Why choose PhysioExtra?\"}]},{\"@type\":\"WebSite\",\"@id\":\"https:\\\/\\\/physioextra.ca\\\/en\\\/#website\",\"url\":\"https:\\\/\\\/physioextra.ca\\\/en\\\/\",\"name\":\"PhysioExtra\",\"description\":\"Cliniques de physioth\u00e9rapie avec \u00e9quipe multidisciplinaire\",\"publisher\":{\"@id\":\"https:\\\/\\\/physioextra.ca\\\/en\\\/#organization\"},\"potentialAction\":[{\"@type\":\"SearchAction\",\"target\":{\"@type\":\"EntryPoint\",\"urlTemplate\":\"https:\\\/\\\/physioextra.ca\\\/en\\\/?s={search_term_string}\"},\"query-input\":{\"@type\":\"PropertyValueSpecification\",\"valueRequired\":true,\"valueName\":\"search_term_string\"}}],\"inLanguage\":\"en-CA\"},{\"@type\":\"Organization\",\"@id\":\"https:\\\/\\\/physioextra.ca\\\/en\\\/#organization\",\"name\":\"PhysioExtra\",\"alternateName\":\"PE\",\"url\":\"https:\\\/\\\/physioextra.ca\\\/en\\\/\",\"logo\":{\"@type\":\"ImageObject\",\"inLanguage\":\"en-CA\",\"@id\":\"https:\\\/\\\/physioextra.ca\\\/en\\\/#\\\/schema\\\/logo\\\/image\\\/\",\"url\":\"https:\\\/\\\/physioextra.ca\\\/wp-content\\\/uploads\\\/GroupePhysioExtra.jpg\",\"contentUrl\":\"https:\\\/\\\/physioextra.ca\\\/wp-content\\\/uploads\\\/GroupePhysioExtra.jpg\",\"width\":696,\"height\":696,\"caption\":\"PhysioExtra\"},\"image\":{\"@id\":\"https:\\\/\\\/physioextra.ca\\\/en\\\/#\\\/schema\\\/logo\\\/image\\\/\"},\"sameAs\":[\"https:\\\/\\\/www.facebook.com\\\/PhysioExtra\"],\"description\":\"PhysioExtra est un r\u00e9seau de cliniques de physioth\u00e9rapie et de r\u00e9adaptation au Qu\u00e9bec offrant des services de physioth\u00e9rapie, massoth\u00e9rapie, ost\u00e9opathie et soins sp\u00e9cialis\u00e9s pour la sant\u00e9 physique.\",\"email\":\"informationsweb@physioextra.ca\",\"telephone\":\"1 855 743-9872\",\"legalName\":\"Groupe PhysioExtra\",\"numberOfEmployees\":{\"@type\":\"QuantitativeValue\",\"minValue\":\"501\",\"maxValue\":\"1000\"}}]}<\/script>\n<!-- \/ Yoast SEO Premium plugin. -->","yoast_head_json":{"title":"Why choose PhysioExtra? | PhysioExtra","description":"PhysioExtra was founded with a vision to improve the rehabilitation treatment model and offer our clients superior services in prevention, rehabilitation and pain management.","robots":{"index":"index","follow":"follow","max-snippet":"max-snippet:-1","max-image-preview":"max-image-preview:large","max-video-preview":"max-video-preview:-1"},"canonical":"https:\/\/physioextra.ca\/en\/why-choose-physioextra\/","og_locale":"en_US","og_type":"article","og_title":"Why choose PhysioExtra? | PhysioExtra","og_description":"PhysioExtra was founded with a vision to improve the rehabilitation treatment model and offer our clients superior services in prevention, rehabilitation and pain management.","og_url":"https:\/\/physioextra.ca\/en\/why-choose-physioextra\/","og_site_name":"PhysioExtra","article_publisher":"https:\/\/www.facebook.com\/PhysioExtra","article_modified_time":"2026-03-10T17:18:51+00:00","og_image":[{"width":1200,"height":675,"url":"https:\/\/physioextra.ca\/wp-content\/uploads\/image-preview-social.png","type":"image\/png"}],"twitter_card":"summary_large_image","schema":{"@context":"https:\/\/schema.org","@graph":[{"@type":"WebPage","@id":"https:\/\/physioextra.ca\/en\/why-choose-physioextra\/","url":"https:\/\/physioextra.ca\/en\/why-choose-physioextra\/","name":"Why choose PhysioExtra? | PhysioExtra","isPartOf":{"@id":"https:\/\/physioextra.ca\/en\/#website"},"datePublished":"2022-05-10T03:45:24+00:00","dateModified":"2026-03-10T17:18:51+00:00","description":"PhysioExtra was founded with a vision to improve the rehabilitation treatment model and offer our clients superior services in prevention, rehabilitation and pain management.","breadcrumb":{"@id":"https:\/\/physioextra.ca\/en\/why-choose-physioextra\/#breadcrumb"},"inLanguage":"en-CA","potentialAction":[{"@type":"ReadAction","target":["https:\/\/physioextra.ca\/en\/why-choose-physioextra\/"]}]},{"@type":"BreadcrumbList","@id":"https:\/\/physioextra.ca\/en\/why-choose-physioextra\/#breadcrumb","itemListElement":[{"@type":"ListItem","position":1,"name":"Home","item":"https:\/\/physioextra.ca\/en\/"},{"@type":"ListItem","position":2,"name":"Why choose PhysioExtra?"}]},{"@type":"WebSite","@id":"https:\/\/physioextra.ca\/en\/#website","url":"https:\/\/physioextra.ca\/en\/","name":"PhysioExtra","description":"Cliniques de physioth\u00e9rapie avec \u00e9quipe multidisciplinaire","publisher":{"@id":"https:\/\/physioextra.ca\/en\/#organization"},"potentialAction":[{"@type":"SearchAction","target":{"@type":"EntryPoint","urlTemplate":"https:\/\/physioextra.ca\/en\/?s={search_term_string}"},"query-input":{"@type":"PropertyValueSpecification","valueRequired":true,"valueName":"search_term_string"}}],"inLanguage":"en-CA"},{"@type":"Organization","@id":"https:\/\/physioextra.ca\/en\/#organization","name":"PhysioExtra","alternateName":"PE","url":"https:\/\/physioextra.ca\/en\/","logo":{"@type":"ImageObject","inLanguage":"en-CA","@id":"https:\/\/physioextra.ca\/en\/#\/schema\/logo\/image\/","url":"https:\/\/physioextra.ca\/wp-content\/uploads\/GroupePhysioExtra.jpg","contentUrl":"https:\/\/physioextra.ca\/wp-content\/uploads\/GroupePhysioExtra.jpg","width":696,"height":696,"caption":"PhysioExtra"},"image":{"@id":"https:\/\/physioextra.ca\/en\/#\/schema\/logo\/image\/"},"sameAs":["https:\/\/www.facebook.com\/PhysioExtra"],"description":"PhysioExtra est un r\u00e9seau de cliniques de physioth\u00e9rapie et de r\u00e9adaptation au Qu\u00e9bec offrant des services de physioth\u00e9rapie, massoth\u00e9rapie, ost\u00e9opathie et soins sp\u00e9cialis\u00e9s pour la sant\u00e9 physique.","email":"informationsweb@physioextra.ca","telephone":"1 855 743-9872","legalName":"Groupe PhysioExtra","numberOfEmployees":{"@type":"QuantitativeValue","minValue":"501","maxValue":"1000"}}]}},"_links":{"self":[{"href":"https:\/\/physioextra.ca\/en\/wp-json\/wp\/v2\/pages\/4178","targetHints":{"allow":["GET"]}}],"collection":[{"href":"https:\/\/physioextra.ca\/en\/wp-json\/wp\/v2\/pages"}],"about":[{"href":"https:\/\/physioextra.ca\/en\/wp-json\/wp\/v2\/types\/page"}],"author":[{"embeddable":true,"href":"https:\/\/physioextra.ca\/en\/wp-json\/wp\/v2\/users\/1"}],"replies":[{"embeddable":true,"href":"https:\/\/physioextra.ca\/en\/wp-json\/wp\/v2\/comments?post=4178"}],"version-history":[{"count":1,"href":"https:\/\/physioextra.ca\/en\/wp-json\/wp\/v2\/pages\/4178\/revisions"}],"predecessor-version":[{"id":15021,"href":"https:\/\/physioextra.ca\/en\/wp-json\/wp\/v2\/pages\/4178\/revisions\/15021"}],"wp:attachment":[{"href":"https:\/\/physioextra.ca\/en\/wp-json\/wp\/v2\/media?parent=4178"}],"curies":[{"name":"wp","href":"https:\/\/api.w.org\/{rel}","templated":true}]}}