{"id":4181,"date":"2022-05-09T23:52:39","date_gmt":"2022-05-10T03:52:39","guid":{"rendered":"https:\/\/physioex.impulsionmedia.com\/?page_id=4181"},"modified":"2025-10-23T16:19:48","modified_gmt":"2025-10-23T20:19:48","slug":"all-health-issues","status":"publish","type":"page","link":"https:\/\/physioextra.ca\/en\/all-health-issues\/","title":{"rendered":"All health issues"},"content":{"rendered":"<p><strong>Other conditions:<\/strong><\/p>\n<ol>\n<li>Cluster headaches<\/li>\n<li>Allergies<\/li>\n<li>Anxiety<\/li>\n<li>Arthritis<\/li>\n<li>Osteoarthritis<\/li>\n<li>Blockage in the jaw<\/li>\n<li>Brachycephaly<\/li>\n<li>Bruxism<\/li>\n<li>Bursitis<\/li>\n<li>Bursopathy<\/li>\n<li>Capsulitis<\/li>\n<li>Tension headaches<\/li>\n<li>Cervicobrachialgia<\/li>\n<li>Muscle aches<\/li>\n<li>Coxalgia<\/li>\n<li>Coxarthrosis<\/li>\n<li>Cracking of the jaw (joint noises)<\/li>\n<li>Labral tear or lesion<\/li>\n<li>Meniscus tear or injury<\/li>\n<li>Muscle tear (strain)<\/li>\n<li>Depression<\/li>\n<li>Organ prolapse<\/li>\n<li>Trigger finger<\/li>\n<li>Chronic pain<\/li>\n<li>Pain related to pregnancy or childbirth<\/li>\n<li>Pain during sex<\/li>\n<li>Neuropathic pain<\/li>\n<li>Postoperative pain<\/li>\n<li>Muscle strain<\/li>\n<li>Numbness<\/li>\n<li>Sprain<\/li>\n<li>Epicondylitis (tennis elbow)<\/li>\n<li>Heel spurs<\/li>\n<li>Burnout<\/li>\n<li>Post-traumatic stress disorder (PTSD)<\/li>\n<li>Plantar fasciitis<\/li>\n<li>Fibromyalgia<\/li>\n<li>Fracture<\/li>\n<li>Gonarthrosis<\/li>\n<li>Insomnia<\/li>\n<li>Baker's cyst<\/li>\n<li>Labyrinthitis<\/li>\n<li>Dislocation<\/li>\n<li>Meniere's disease<\/li>\n<li>Parkinson's disease<\/li>\n<li>Post-thrombotic disease<\/li>\n<li>Varicose disease<\/li>\n<li>Migraines<\/li>\n<li>Occipital neuralgia<\/li>\n<li>Vestibular neuritis (neuronitis)<\/li>\n<li>Osgood-Schlatter disease<\/li>\n<li>Osteoporosis<\/li>\n<li>Periostitis<\/li>\n<li>Plagiocephaly<\/li>\n<li>Rehabilitation before or after surgery<\/li>\n<li>Motor development delay<\/li>\n<li>Sciatica (sciatic nerve)<\/li>\n<li>Scoliosis<\/li>\n<li>Spondylolisthesis<\/li>\n<li>Spondylolysis<\/li>\n<li>Spinal stenosis<\/li>\n<li>Stress<\/li>\n<li>Subluxation<\/li>\n<li>Impingement syndrome<\/li>\n<li>Iliotibial band syndrome<\/li>\n<li>Goose foot syndrome<\/li>\n<li>Complex Regional Pain Syndrome (CRPS)<\/li>\n<li>Thoracic Outlet Syndrome<\/li>\n<li>Carpal tunnel syndrome<\/li>\n<li>Facet Syndrome<\/li>\n<li>Patellofemoral syndrome<\/li>\n<li>Tendinitis<\/li>\n<li>Tendinopathy<\/li>\n<li>De Quervain's tenosynovitis<\/li>\n<li>Tendinosis<\/li>\n<li>Muscle strains<\/li>\n<li>Torticollis<\/li>\n<li>Trigger points<\/li>\n<li>Digestive<\/li>\n<li>Benign paroxysmal positional vertigo (BPPV)<\/li>\n<li>Overactive bladder<\/li>\n<li aria-level=\"1\">(coup de fouet, coup du lapin)<\/li>\n<\/ol>\n","protected":false},"excerpt":{"rendered":"<p>Other conditions: Cluster headaches Allergies Anxiety Arthritis Osteoarthritis Blockage in the jaw Brachycephaly Bruxism Bursitis Bursopathy Capsulitis Tension headaches Cervicobrachialgia Muscle aches Coxalgia Coxarthrosis Cracking of the jaw (joint noises) Labral tear or lesion Meniscus [&hellip;]<\/p>\n","protected":false},"author":1,"featured_media":0,"parent":0,"menu_order":0,"comment_status":"closed","ping_status":"closed","template":"normal-2-col-bleu-conditions.php","meta":{"_acf_changed":false,"footnotes":""},"class_list":["post-4181","page","type-page","status-publish","hentry"],"acf":[],"yoast_head":"<!-- This site is optimized with the Yoast SEO Premium plugin v27.2 (Yoast SEO v27.2) - https:\/\/yoast.com\/product\/yoast-seo-premium-wordpress\/ -->\n<title>All health issues | PhysioExtra<\/title>\n<meta name=\"description\" content=\"Our professionals have the expertise to treat many health conditions. Even if you\u2019re unable to find your specific condition on this page, feel free to contact us.\" \/>\n<meta name=\"robots\" content=\"index, follow, max-snippet:-1, max-image-preview:large, max-video-preview:-1\" \/>\n<link rel=\"canonical\" href=\"https:\/\/physioextra.ca\/en\/all-health-issues\/\" \/>\n<meta property=\"og:locale\" content=\"en_US\" \/>\n<meta property=\"og:type\" content=\"article\" \/>\n<meta property=\"og:title\" content=\"All health issues | PhysioExtra\" \/>\n<meta property=\"og:description\" content=\"Our professionals have the expertise to treat many health conditions. Even if you\u2019re unable to find your specific condition on this page, feel free to contact us.\" \/>\n<meta property=\"og:url\" content=\"https:\/\/physioextra.ca\/en\/all-health-issues\/\" \/>\n<meta property=\"og:site_name\" content=\"PhysioExtra\" \/>\n<meta property=\"article:publisher\" content=\"https:\/\/www.facebook.com\/PhysioExtra\" \/>\n<meta property=\"article:modified_time\" content=\"2025-10-23T20:19:48+00:00\" \/>\n<meta property=\"og:image\" content=\"https:\/\/physioextra.ca\/wp-content\/uploads\/image-preview-social.png\" \/>\n\t<meta property=\"og:image:width\" content=\"1200\" \/>\n\t<meta property=\"og:image:height\" content=\"675\" \/>\n\t<meta property=\"og:image:type\" content=\"image\/png\" \/>\n<meta name=\"twitter:card\" content=\"summary_large_image\" \/>\n<script type=\"application\/ld+json\" class=\"yoast-schema-graph\">{\"@context\":\"https:\/\/schema.org\",\"@graph\":[{\"@type\":\"WebPage\",\"@id\":\"https:\/\/physioextra.ca\/en\/all-health-issues\/\",\"url\":\"https:\/\/physioextra.ca\/en\/all-health-issues\/\",\"name\":\"All health issues | PhysioExtra\",\"isPartOf\":{\"@id\":\"https:\/\/physioextra.ca\/en\/#website\"},\"datePublished\":\"2022-05-10T03:52:39+00:00\",\"dateModified\":\"2025-10-23T20:19:48+00:00\",\"description\":\"Our professionals have the expertise to treat many health conditions. Even if you\u2019re unable to find your specific condition on this page, feel free to contact us.\",\"breadcrumb\":{\"@id\":\"https:\/\/physioextra.ca\/en\/all-health-issues\/#breadcrumb\"},\"inLanguage\":\"en-CA\",\"potentialAction\":[{\"@type\":\"ReadAction\",\"target\":[\"https:\/\/physioextra.ca\/en\/all-health-issues\/\"]}]},{\"@type\":\"BreadcrumbList\",\"@id\":\"https:\/\/physioextra.ca\/en\/all-health-issues\/#breadcrumb\",\"itemListElement\":[{\"@type\":\"ListItem\",\"position\":1,\"name\":\"Home\",\"item\":\"https:\/\/physioextra.ca\/en\/\"},{\"@type\":\"ListItem\",\"position\":2,\"name\":\"All health issues\"}]},{\"@type\":\"WebSite\",\"@id\":\"https:\/\/physioextra.ca\/en\/#website\",\"url\":\"https:\/\/physioextra.ca\/en\/\",\"name\":\"PhysioExtra\",\"description\":\"Cliniques de physioth\u00e9rapie avec \u00e9quipe multidisciplinaire\",\"publisher\":{\"@id\":\"https:\/\/physioextra.ca\/en\/#organization\"},\"potentialAction\":[{\"@type\":\"SearchAction\",\"target\":{\"@type\":\"EntryPoint\",\"urlTemplate\":\"https:\/\/physioextra.ca\/en\/?s={search_term_string}\"},\"query-input\":{\"@type\":\"PropertyValueSpecification\",\"valueRequired\":true,\"valueName\":\"search_term_string\"}}],\"inLanguage\":\"en-CA\"},{\"@type\":\"Organization\",\"@id\":\"https:\/\/physioextra.ca\/en\/#organization\",\"name\":\"PhysioExtra\",\"alternateName\":\"PE\",\"url\":\"https:\/\/physioextra.ca\/en\/\",\"logo\":{\"@type\":\"ImageObject\",\"inLanguage\":\"en-CA\",\"@id\":\"https:\/\/physioextra.ca\/en\/#\/schema\/logo\/image\/\",\"url\":\"https:\/\/physioextra.ca\/wp-content\/uploads\/GroupePhysioExtra.jpg\",\"contentUrl\":\"https:\/\/physioextra.ca\/wp-content\/uploads\/GroupePhysioExtra.jpg\",\"width\":696,\"height\":696,\"caption\":\"PhysioExtra\"},\"image\":{\"@id\":\"https:\/\/physioextra.ca\/en\/#\/schema\/logo\/image\/\"},\"sameAs\":[\"https:\/\/www.facebook.com\/PhysioExtra\"],\"description\":\"PhysioExtra est un r\u00e9seau de cliniques de physioth\u00e9rapie et de r\u00e9adaptation au Qu\u00e9bec offrant des services de physioth\u00e9rapie, massoth\u00e9rapie, ost\u00e9opathie et soins sp\u00e9cialis\u00e9s pour la sant\u00e9 physique.\",\"email\":\"informationsweb@physioextra.ca\",\"telephone\":\"1 855 743-9872\",\"legalName\":\"Groupe PhysioExtra\",\"numberOfEmployees\":{\"@type\":\"QuantitativeValue\",\"minValue\":\"501\",\"maxValue\":\"1000\"}}]}<\/script>\n<!-- \/ Yoast SEO Premium plugin. -->","yoast_head_json":{"title":"All health issues | PhysioExtra","description":"Our professionals have the expertise to treat many health conditions. Even if you\u2019re unable to find your specific condition on this page, feel free to contact us.","robots":{"index":"index","follow":"follow","max-snippet":"max-snippet:-1","max-image-preview":"max-image-preview:large","max-video-preview":"max-video-preview:-1"},"canonical":"https:\/\/physioextra.ca\/en\/all-health-issues\/","og_locale":"en_US","og_type":"article","og_title":"All health issues | PhysioExtra","og_description":"Our professionals have the expertise to treat many health conditions. Even if you\u2019re unable to find your specific condition on this page, feel free to contact us.","og_url":"https:\/\/physioextra.ca\/en\/all-health-issues\/","og_site_name":"PhysioExtra","article_publisher":"https:\/\/www.facebook.com\/PhysioExtra","article_modified_time":"2025-10-23T20:19:48+00:00","og_image":[{"width":1200,"height":675,"url":"https:\/\/physioextra.ca\/wp-content\/uploads\/image-preview-social.png","type":"image\/png"}],"twitter_card":"summary_large_image","schema":{"@context":"https:\/\/schema.org","@graph":[{"@type":"WebPage","@id":"https:\/\/physioextra.ca\/en\/all-health-issues\/","url":"https:\/\/physioextra.ca\/en\/all-health-issues\/","name":"All health issues | PhysioExtra","isPartOf":{"@id":"https:\/\/physioextra.ca\/en\/#website"},"datePublished":"2022-05-10T03:52:39+00:00","dateModified":"2025-10-23T20:19:48+00:00","description":"Our professionals have the expertise to treat many health conditions. Even if you\u2019re unable to find your specific condition on this page, feel free to contact us.","breadcrumb":{"@id":"https:\/\/physioextra.ca\/en\/all-health-issues\/#breadcrumb"},"inLanguage":"en-CA","potentialAction":[{"@type":"ReadAction","target":["https:\/\/physioextra.ca\/en\/all-health-issues\/"]}]},{"@type":"BreadcrumbList","@id":"https:\/\/physioextra.ca\/en\/all-health-issues\/#breadcrumb","itemListElement":[{"@type":"ListItem","position":1,"name":"Home","item":"https:\/\/physioextra.ca\/en\/"},{"@type":"ListItem","position":2,"name":"All health issues"}]},{"@type":"WebSite","@id":"https:\/\/physioextra.ca\/en\/#website","url":"https:\/\/physioextra.ca\/en\/","name":"PhysioExtra","description":"Cliniques de physioth\u00e9rapie avec \u00e9quipe multidisciplinaire","publisher":{"@id":"https:\/\/physioextra.ca\/en\/#organization"},"potentialAction":[{"@type":"SearchAction","target":{"@type":"EntryPoint","urlTemplate":"https:\/\/physioextra.ca\/en\/?s={search_term_string}"},"query-input":{"@type":"PropertyValueSpecification","valueRequired":true,"valueName":"search_term_string"}}],"inLanguage":"en-CA"},{"@type":"Organization","@id":"https:\/\/physioextra.ca\/en\/#organization","name":"PhysioExtra","alternateName":"PE","url":"https:\/\/physioextra.ca\/en\/","logo":{"@type":"ImageObject","inLanguage":"en-CA","@id":"https:\/\/physioextra.ca\/en\/#\/schema\/logo\/image\/","url":"https:\/\/physioextra.ca\/wp-content\/uploads\/GroupePhysioExtra.jpg","contentUrl":"https:\/\/physioextra.ca\/wp-content\/uploads\/GroupePhysioExtra.jpg","width":696,"height":696,"caption":"PhysioExtra"},"image":{"@id":"https:\/\/physioextra.ca\/en\/#\/schema\/logo\/image\/"},"sameAs":["https:\/\/www.facebook.com\/PhysioExtra"],"description":"PhysioExtra est un r\u00e9seau de cliniques de physioth\u00e9rapie et de r\u00e9adaptation au Qu\u00e9bec offrant des services de physioth\u00e9rapie, massoth\u00e9rapie, ost\u00e9opathie et soins sp\u00e9cialis\u00e9s pour la sant\u00e9 physique.","email":"informationsweb@physioextra.ca","telephone":"1 855 743-9872","legalName":"Groupe PhysioExtra","numberOfEmployees":{"@type":"QuantitativeValue","minValue":"501","maxValue":"1000"}}]}},"_links":{"self":[{"href":"https:\/\/physioextra.ca\/en\/wp-json\/wp\/v2\/pages\/4181","targetHints":{"allow":["GET"]}}],"collection":[{"href":"https:\/\/physioextra.ca\/en\/wp-json\/wp\/v2\/pages"}],"about":[{"href":"https:\/\/physioextra.ca\/en\/wp-json\/wp\/v2\/types\/page"}],"author":[{"embeddable":true,"href":"https:\/\/physioextra.ca\/en\/wp-json\/wp\/v2\/users\/1"}],"replies":[{"embeddable":true,"href":"https:\/\/physioextra.ca\/en\/wp-json\/wp\/v2\/comments?post=4181"}],"version-history":[{"count":1,"href":"https:\/\/physioextra.ca\/en\/wp-json\/wp\/v2\/pages\/4181\/revisions"}],"predecessor-version":[{"id":13139,"href":"https:\/\/physioextra.ca\/en\/wp-json\/wp\/v2\/pages\/4181\/revisions\/13139"}],"wp:attachment":[{"href":"https:\/\/physioextra.ca\/en\/wp-json\/wp\/v2\/media?parent=4181"}],"curies":[{"name":"wp","href":"https:\/\/api.w.org\/{rel}","templated":true}]}}