{"id":4873,"date":"2022-07-19T20:37:08","date_gmt":"2022-07-20T00:37:08","guid":{"rendered":"https:\/\/www.physioextra.ca\/?page_id=4873"},"modified":"2025-10-16T14:57:13","modified_gmt":"2025-10-16T18:57:13","slug":"careers","status":"publish","type":"page","link":"https:\/\/physioextra.ca\/en\/careers\/","title":{"rendered":"Careers"},"content":{"rendered":"<h2>Working at PhysioExtra<\/h2>\n<p>Choosing PhysioExtra to develop your career means joining a group of interdisciplinary rehabilitation clinics that have been growing steadily since 1997. Here, our corporate culture is based on strong values, and the spirit of family is deeply ingrained in our DNA. By joining our team, you contribute directly to the positive impact on the health and well-being of your patients.<\/p>\n<h3 style=\"font-weight: 400;\">Who we are<\/h3>\n<div class=\"stats-container\">\n<div class=\"stats-holder\">\n<div class=\"stats-number\">1997<\/div>\n<div class=\"stats-text\">Founded in 1997 by Alain Racine, a physiotherapist<\/div>\n<\/div>\n<div class=\"stats-holder\">\n<div class=\"stats-number\">45<\/div>\n<div class=\"stats-text\">A network of 45+ clinics<\/div>\n<\/div>\n<div class=\"stats-holder\">\n<div class=\"stats-number\">500<\/div>\n<div class=\"stats-text\">500+ employees and consultants<\/div>\n<\/div>\n<div class=\"stats-holder\">\n<div class=\"stats-number\">2014<\/div>\n<div class=\"stats-text\">Creation of the PhysioExtra Foundation<\/div>\n<\/div>\n<div class=\"stats-holder\">\n<div class=\"stats-number\">10 000<\/div>\n<div class=\"stats-text\">10,000+ consultations per week<\/div>\n<\/div>\n<\/div>\n<div style=\"clear: both;\"><\/div>\n<div class=\"link-\">\n<p><a href=\"https:\/\/physioextra.ca\/en\/about-mission-history\/\">Learn more about the Groupe PhysioExtra <\/a><\/p>\n<\/div>\n<div style=\"clear: both;\"><\/div>\n<h2>The advantages<\/h2>\n<p>We offer numerous advantages to help you maintain a balanced life while supporting your personal and professional development in a stimulating environment.<\/p>\n<h3 style=\"font-weight: 400;\">Quality of Life<\/h3>\n<div class=\"adn-container carrieres\">\n<div class=\"adn-holder\">\n<div class=\"adn-image\"><img loading=\"lazy\" decoding=\"async\" class=\"aligncenter size-medium wp-image-4602\" src=\"\/wp-content\/uploads\/icn-vacance.png\" alt=\"\" width=\"100\" height=\"100\" \/><\/div>\n<div class=\"adn-text\">Unlimited<br \/>\nvacation<\/div>\n<\/div>\n<div class=\"adn-holder\">\n<div class=\"adn-image\"><img loading=\"lazy\" decoding=\"async\" class=\"aligncenter size-full wp-image-4598\" src=\"\/wp-content\/uploads\/icn-cal-4jours.png\" alt=\"\" width=\"100\" height=\"100\" \/><\/div>\n<div class=\"adn-text\">4-day<br \/>\nwork week<\/div>\n<\/div>\n<div class=\"adn-holder\">\n<div class=\"adn-image\"><img loading=\"lazy\" decoding=\"async\" class=\"aligncenter size-medium wp-image-4600\" src=\"\/wp-content\/uploads\/icn-impact-sante.png\" alt=\"\" width=\"100\" height=\"100\" \/><\/div>\n<div class=\"adn-text\">Bonus health<br \/>\nimpact hours<\/div>\n<\/div>\n<div class=\"adn-holder\">\n<div class=\"adn-image\"><img loading=\"lazy\" decoding=\"async\" class=\"aligncenter size-medium wp-image-4602\" src=\"\/wp-content\/uploads\/icn-budget-sante-2.png\" alt=\"\" width=\"100\" height=\"100\" \/><\/div>\n<div class=\"adn-text\">Health budget \u2013 PhysioExtra<br \/>\nin shape<\/div>\n<\/div>\n<div class=\"adn-holder\">\n<div class=\"adn-image\"><img loading=\"lazy\" decoding=\"async\" class=\"aligncenter size-full wp-image-4598\" src=\"\/wp-content\/uploads\/icn-assurance.png\" alt=\"\" width=\"100\" height=\"100\" \/><\/div>\n<div class=\"adn-text\">Competitive group<br \/>\ninsurance plan<br \/>\nand group RRSP<\/div>\n<\/div>\n<div class=\"adn-holder\">\n<div class=\"adn-image\"><img loading=\"lazy\" decoding=\"async\" class=\"aligncenter size-medium wp-image-4600\" src=\"\/wp-content\/uploads\/icn-4.png\" alt=\"\" width=\"100\" height=\"100\" \/><\/div>\n<div class=\"adn-text\">Up to 4 weeks<br \/>\nof leave starting<br \/>\nfrom the first year<\/div>\n<\/div>\n<\/div>\n<div style=\"clear: both;\"><\/div>\n<h3 style=\"font-weight: 400;\">Professional Advancement<\/h3>\n<div class=\"adn-container carrieres\">\n<div class=\"adn-holder\">\n<div class=\"adn-image\"><img loading=\"lazy\" decoding=\"async\" class=\"aligncenter size-medium wp-image-4602\" src=\"\/wp-content\/uploads\/icn-formation.png\" alt=\"\" width=\"100\" height=\"100\" \/><\/div>\n<div class=\"adn-text\">Unlimited continuing<br \/>\neducation<\/div>\n<\/div>\n<div class=\"adn-holder\">\n<div class=\"adn-image\"><img loading=\"lazy\" decoding=\"async\" class=\"aligncenter size-full wp-image-4598\" src=\"\/wp-content\/uploads\/icn-plancher.png\" alt=\"\" width=\"100\" height=\"100\" \/><\/div>\n<div class=\"adn-text\">Guaranteed salary floor<\/div>\n<\/div>\n<div class=\"adn-holder\">\n<div class=\"adn-image\"><img loading=\"lazy\" decoding=\"async\" class=\"aligncenter size-medium wp-image-4600\" src=\"\/wp-content\/uploads\/icn-echelle.png\" alt=\"\" width=\"100\" height=\"100\" \/><\/div>\n<div class=\"adn-text\">Exclusive salary<br \/>\nscale at PhysioExtra<\/div>\n<\/div>\n<div class=\"adn-holder\">\n<div class=\"adn-image\"><img loading=\"lazy\" decoding=\"async\" class=\"aligncenter size-medium wp-image-4602\" src=\"\/wp-content\/uploads\/icn-mentorat.png\" alt=\"\" width=\"100\" height=\"100\" \/><\/div>\n<div class=\"adn-text\">3 to 6-month<br \/>\nmentorship program<\/div>\n<\/div>\n<div class=\"adn-holder\">\n<div class=\"adn-image\"><img loading=\"lazy\" decoding=\"async\" class=\"aligncenter size-full wp-image-4598\" src=\"\/wp-content\/uploads\/icn-cotisation.png\" alt=\"\" width=\"100\" height=\"100\" \/><\/div>\n<div class=\"adn-text\">Membership fees to your<br \/>\nprofessional order covered<\/div>\n<\/div>\n<div class=\"adn-holder\">\n<div class=\"adn-image\"><img loading=\"lazy\" decoding=\"async\" class=\"aligncenter size-medium wp-image-4600\" src=\"\/wp-content\/uploads\/icn-formation-2.png\" alt=\"\" width=\"100\" height=\"100\" \/><\/div>\n<div class=\"adn-text\">Paid days for<br \/>\ncontinuing education<\/div>\n<\/div>\n<\/div>\n<div style=\"clear: both;\"><\/div>\n<h2>Design your own career path<\/h2>\n<p>Do you want to continuously upskill and gain experience in other fields? You can access management positions, become a professional community coordinator, write articles, participate in research projects, lead training sessions internally or externally, and much more! Come and tell us about it.<\/p>\n<h3 style=\"margin-bottom: 20px; font-weight: 400;\">For our members, working at PhysioExtra means...<\/h3>\n<p><script>\n$('.flip-container').click(function(){\n    $(this).find('.flipper').addClass('hover').mouseleave(function(){\n        $(this).removeClass('hover');\n    });\n    return false;\n});\n<\/script><\/p>\n<div class=\"carrieres-cards\">\n<div class=\"flip-container\">\n<div class=\"flipper\">\n<div class=\"front\"><img loading=\"lazy\" decoding=\"async\" class=\"aligncenter size-full wp-image-4663\" src=\"\/wp-content\/uploads\/section-carriere-marie-en-a.png\" alt=\"\" width=\"375\" height=\"421\" \/><\/div>\n<div class=\"back\"><img loading=\"lazy\" decoding=\"async\" class=\"aligncenter size-full wp-image-4663\" src=\"\/wp-content\/uploads\/section-carriere-marie-en.png\" alt=\"\" width=\"375\" height=\"421\" \/><\/div>\n<\/div>\n<\/div>\n<div class=\"flip-container\">\n<div class=\"flipper\">\n<div class=\"front\"><img loading=\"lazy\" decoding=\"async\" class=\"aligncenter size-full wp-image-4663\" src=\"\/wp-content\/uploads\/section-carriere-ming-en-a.png\" alt=\"\" width=\"375\" height=\"421\" \/><\/div>\n<div class=\"back\"><img loading=\"lazy\" decoding=\"async\" class=\"aligncenter size-full wp-image-4663\" src=\"\/wp-content\/uploads\/section-carriere-ming-en.png\" alt=\"\" width=\"375\" height=\"421\" \/><\/div>\n<\/div>\n<\/div>\n<div class=\"flip-container\">\n<div class=\"flipper\">\n<div class=\"front\"><img loading=\"lazy\" decoding=\"async\" class=\"aligncenter size-full wp-image-4663\" src=\"\/wp-content\/uploads\/section-carriere-dalita-en-a-1.png\" alt=\"\" width=\"375\" height=\"421\" \/><\/div>\n<div class=\"back\"><img loading=\"lazy\" decoding=\"async\" class=\"aligncenter size-full wp-image-4663\" src=\"\/wp-content\/uploads\/section-carriere-dalita-en-1.png\" alt=\"\" width=\"375\" height=\"421\" \/><\/div>\n<\/div>\n<\/div>\n<div class=\"flip-container\">\n<div class=\"flipper\">\n<div class=\"front\"><img loading=\"lazy\" decoding=\"async\" class=\"aligncenter size-full wp-image-4663\" src=\"\/wp-content\/uploads\/section-carriere-simon-en-a.png\" alt=\"\" width=\"375\" height=\"421\" \/><\/div>\n<div class=\"back\"><img loading=\"lazy\" decoding=\"async\" class=\"aligncenter size-full wp-image-4663\" src=\"\/wp-content\/uploads\/section-carriere-simon-en.png\" alt=\"\" width=\"375\" height=\"421\" \/><\/div>\n<\/div>\n<\/div>\n<\/div>\n<h3 style=\"text-align: center; font-weight: 400; margin-bottom: 20px; margin-top: 0;\">Join our dynamic team:<br \/>\nexplore our job offers or send us your spontaneous application<\/h3>\n<div class=\"btn-carrieres\"><a class=\"menu-btn emplois\" href=\"\/en\/physioextra-careers\/jobs\/\">Available jobs<\/a> <a class=\"menu-btn emplois candidature\" href=\"https:\/\/physioextra.ca\/en\/spontaneous-application\/\">spontaneous application<\/a><\/div>\n<p>&nbsp;<\/p>\n<h2>Students and interns<\/h2>\n<p><img loading=\"lazy\" decoding=\"async\" class=\"wp-post-image wp-image-4630 size-full aligncenter\" style=\"margin-top: 10px; margin-bottom: 10px;\" src=\"\/wp-content\/uploads\/etudiant-1.jpg\" alt=\"\" width=\"822\" height=\"383\" \/><\/p>\n<p><strong>Scholarships are available from the beginning of your master's degree.<\/strong> Join us at the end of your bachelor\u2019s degree and we will pay for your studies. No more financial hassles! In addition, you can come and work with us during your holidays and already become part of the team!<\/p>\n<p><strong>Are you interested in a scholarship? <a href=\"mailto:emploi@physioextra.ca\">Contact us now!<\/a><\/strong><\/p>\n<h2>Our Values<\/h2>\n<div class=\"adn-container\">\n<div class=\"adn-holder\">\n<div class=\"adn-image\"><img loading=\"lazy\" decoding=\"async\" class=\"aligncenter size-medium wp-image-4602\" src=\"\/wp-content\/uploads\/icn-rh-grandissons-ensemble.png\" alt=\"\" width=\"100\" height=\"100\" \/><\/div>\n<div class=\"adn-text\">Grow together<\/div>\n<\/div>\n<div class=\"adn-holder\">\n<div class=\"adn-image\"><img loading=\"lazy\" decoding=\"async\" class=\"aligncenter size-full wp-image-4598\" src=\"\/wp-content\/uploads\/icn-rh-devenons-remarquables.png\" alt=\"\" width=\"100\" height=\"100\" \/><\/div>\n<div class=\"adn-text\">Become remarkable<\/div>\n<\/div>\n<div class=\"adn-holder\">\n<div class=\"adn-image\"><img loading=\"lazy\" decoding=\"async\" class=\"aligncenter size-medium wp-image-4600\" src=\"\/wp-content\/uploads\/icn-rh-ecouter.png\" alt=\"\" width=\"100\" height=\"100\" \/><\/div>\n<div class=\"adn-text\">Take the time to listen<\/div>\n<\/div>\n<div class=\"adn-holder\">\n<div class=\"adn-image\"><img loading=\"lazy\" decoding=\"async\" class=\"aligncenter size-medium wp-image-4604\" src=\"\/wp-content\/uploads\/icn-rh-laissons-notre-marque.png\" alt=\"\" width=\"100\" height=\"100\" \/><\/div>\n<div class=\"adn-text\">Leave our mark<\/div>\n<\/div>\n<\/div>\n<div style=\"clear: both;\"><\/div>\n<p>You share our values? You wish to be part of the family? Welcome home!<\/p>\n<h2 style=\"margin-top: 50px;\"><span style=\"text-transform: uppercase;\">OUR <span style=\"color: #00aeef;\">CULTURE<\/span><\/span><\/h2>\n<p><img loading=\"lazy\" decoding=\"async\" class=\"aligncenter size-full wp-image-10495\" src=\"https:\/\/physioextra.ca\/wp-content\/uploads\/photo-1.jpg\" alt=\"\" width=\"1024\" height=\"683\" srcset=\"https:\/\/physioextra.ca\/wp-content\/uploads\/photo-1.jpg 1024w, https:\/\/physioextra.ca\/wp-content\/uploads\/photo-1-150x100.jpg 150w, https:\/\/physioextra.ca\/wp-content\/uploads\/photo-1-768x512.jpg 768w\" sizes=\"auto, (max-width: 1024px) 100vw, 1024px\" \/><\/p>\n<p>Becoming part of PhysioExtra means joining the Team-X adventure: a close-knit family united by strong values and a shared culture. Discover the company culture that brings all members of Team-X together.<\/p>\n<p><a href=\"https:\/\/physioextra.ca\/en\/culture\/\">Learn more about our culture<\/a><\/p>\n","protected":false},"excerpt":{"rendered":"<p>Working at PhysioExtra Choosing PhysioExtra to develop your career means joining a group of interdisciplinary rehabilitation clinics that have been growing steadily since 1997. Here, our corporate culture is based on strong values, and the [&hellip;]<\/p>\n","protected":false},"author":1,"featured_media":0,"parent":0,"menu_order":0,"comment_status":"closed","ping_status":"closed","template":"fullwidth-carrieres.php","meta":{"_acf_changed":false,"footnotes":""},"class_list":["post-4873","page","type-page","status-publish","hentry"],"acf":[],"yoast_head":"<!-- This site is optimized with the Yoast SEO Premium plugin v27.3 (Yoast SEO v27.3) - https:\/\/yoast.com\/product\/yoast-seo-premium-wordpress\/ -->\n<title>Careers | PhysioExtra<\/title>\n<meta name=\"description\" content=\"Choosing PhysioExtra to pursue your career means taking advantage of the strength of a network of 38 clinics that has not stopped growing for 25 years.\" \/>\n<meta name=\"robots\" content=\"index, follow, max-snippet:-1, max-image-preview:large, max-video-preview:-1\" \/>\n<link rel=\"canonical\" href=\"https:\/\/physioextra.ca\/en\/careers\/\" \/>\n<meta property=\"og:locale\" content=\"en_US\" \/>\n<meta property=\"og:type\" content=\"article\" \/>\n<meta property=\"og:title\" content=\"Careers | PhysioExtra\" \/>\n<meta property=\"og:description\" content=\"Choosing PhysioExtra to pursue your career means taking advantage of the strength of a network of 38 clinics that has not stopped growing for 25 years.\" \/>\n<meta property=\"og:url\" content=\"https:\/\/physioextra.ca\/en\/careers\/\" \/>\n<meta property=\"og:site_name\" content=\"PhysioExtra\" \/>\n<meta property=\"article:publisher\" content=\"https:\/\/www.facebook.com\/PhysioExtra\" \/>\n<meta property=\"article:modified_time\" content=\"2025-10-16T18:57:13+00:00\" \/>\n<meta property=\"og:image\" content=\"https:\/\/physioextra.ca\/wp-content\/uploads\/photo-1.jpg\" \/>\n<meta name=\"twitter:card\" content=\"summary_large_image\" \/>\n<meta name=\"twitter:image\" content=\"https:\/\/physioextra.ca\/wp-content\/uploads\/teamx-17-1.jpg\" \/>\n<script type=\"application\/ld+json\" class=\"yoast-schema-graph\">{\"@context\":\"https:\\\/\\\/schema.org\",\"@graph\":[{\"@type\":\"WebPage\",\"@id\":\"https:\\\/\\\/physioextra.ca\\\/en\\\/careers\\\/\",\"url\":\"https:\\\/\\\/physioextra.ca\\\/en\\\/careers\\\/\",\"name\":\"Careers | PhysioExtra\",\"isPartOf\":{\"@id\":\"https:\\\/\\\/physioextra.ca\\\/en\\\/#website\"},\"primaryImageOfPage\":{\"@id\":\"https:\\\/\\\/physioextra.ca\\\/en\\\/careers\\\/#primaryimage\"},\"image\":{\"@id\":\"https:\\\/\\\/physioextra.ca\\\/en\\\/careers\\\/#primaryimage\"},\"thumbnailUrl\":\"https:\\\/\\\/physioextra.ca\\\/wp-content\\\/uploads\\\/photo-1.jpg\",\"datePublished\":\"2022-07-20T00:37:08+00:00\",\"dateModified\":\"2025-10-16T18:57:13+00:00\",\"description\":\"Choosing PhysioExtra to pursue your career means taking advantage of the strength of a network of 38 clinics that has not stopped growing for 25 years.\",\"breadcrumb\":{\"@id\":\"https:\\\/\\\/physioextra.ca\\\/en\\\/careers\\\/#breadcrumb\"},\"inLanguage\":\"en-CA\",\"potentialAction\":[{\"@type\":\"ReadAction\",\"target\":[\"https:\\\/\\\/physioextra.ca\\\/en\\\/careers\\\/\"]}]},{\"@type\":\"ImageObject\",\"inLanguage\":\"en-CA\",\"@id\":\"https:\\\/\\\/physioextra.ca\\\/en\\\/careers\\\/#primaryimage\",\"url\":\"https:\\\/\\\/physioextra.ca\\\/wp-content\\\/uploads\\\/photo-1.jpg\",\"contentUrl\":\"https:\\\/\\\/physioextra.ca\\\/wp-content\\\/uploads\\\/photo-1.jpg\"},{\"@type\":\"BreadcrumbList\",\"@id\":\"https:\\\/\\\/physioextra.ca\\\/en\\\/careers\\\/#breadcrumb\",\"itemListElement\":[{\"@type\":\"ListItem\",\"position\":1,\"name\":\"Home\",\"item\":\"https:\\\/\\\/physioextra.ca\\\/en\\\/\"},{\"@type\":\"ListItem\",\"position\":2,\"name\":\"Careers\"}]},{\"@type\":\"WebSite\",\"@id\":\"https:\\\/\\\/physioextra.ca\\\/en\\\/#website\",\"url\":\"https:\\\/\\\/physioextra.ca\\\/en\\\/\",\"name\":\"PhysioExtra\",\"description\":\"Cliniques de physioth\u00e9rapie avec \u00e9quipe multidisciplinaire\",\"publisher\":{\"@id\":\"https:\\\/\\\/physioextra.ca\\\/en\\\/#organization\"},\"potentialAction\":[{\"@type\":\"SearchAction\",\"target\":{\"@type\":\"EntryPoint\",\"urlTemplate\":\"https:\\\/\\\/physioextra.ca\\\/en\\\/?s={search_term_string}\"},\"query-input\":{\"@type\":\"PropertyValueSpecification\",\"valueRequired\":true,\"valueName\":\"search_term_string\"}}],\"inLanguage\":\"en-CA\"},{\"@type\":\"Organization\",\"@id\":\"https:\\\/\\\/physioextra.ca\\\/en\\\/#organization\",\"name\":\"PhysioExtra\",\"alternateName\":\"PE\",\"url\":\"https:\\\/\\\/physioextra.ca\\\/en\\\/\",\"logo\":{\"@type\":\"ImageObject\",\"inLanguage\":\"en-CA\",\"@id\":\"https:\\\/\\\/physioextra.ca\\\/en\\\/#\\\/schema\\\/logo\\\/image\\\/\",\"url\":\"https:\\\/\\\/physioextra.ca\\\/wp-content\\\/uploads\\\/GroupePhysioExtra.jpg\",\"contentUrl\":\"https:\\\/\\\/physioextra.ca\\\/wp-content\\\/uploads\\\/GroupePhysioExtra.jpg\",\"width\":696,\"height\":696,\"caption\":\"PhysioExtra\"},\"image\":{\"@id\":\"https:\\\/\\\/physioextra.ca\\\/en\\\/#\\\/schema\\\/logo\\\/image\\\/\"},\"sameAs\":[\"https:\\\/\\\/www.facebook.com\\\/PhysioExtra\"],\"description\":\"PhysioExtra est un r\u00e9seau de cliniques de physioth\u00e9rapie et de r\u00e9adaptation au Qu\u00e9bec offrant des services de physioth\u00e9rapie, massoth\u00e9rapie, ost\u00e9opathie et soins sp\u00e9cialis\u00e9s pour la sant\u00e9 physique.\",\"email\":\"informationsweb@physioextra.ca\",\"telephone\":\"1 855 743-9872\",\"legalName\":\"Groupe PhysioExtra\",\"numberOfEmployees\":{\"@type\":\"QuantitativeValue\",\"minValue\":\"501\",\"maxValue\":\"1000\"}}]}<\/script>\n<!-- \/ Yoast SEO Premium plugin. -->","yoast_head_json":{"title":"Careers | PhysioExtra","description":"Choosing PhysioExtra to pursue your career means taking advantage of the strength of a network of 38 clinics that has not stopped growing for 25 years.","robots":{"index":"index","follow":"follow","max-snippet":"max-snippet:-1","max-image-preview":"max-image-preview:large","max-video-preview":"max-video-preview:-1"},"canonical":"https:\/\/physioextra.ca\/en\/careers\/","og_locale":"en_US","og_type":"article","og_title":"Careers | PhysioExtra","og_description":"Choosing PhysioExtra to pursue your career means taking advantage of the strength of a network of 38 clinics that has not stopped growing for 25 years.","og_url":"https:\/\/physioextra.ca\/en\/careers\/","og_site_name":"PhysioExtra","article_publisher":"https:\/\/www.facebook.com\/PhysioExtra","article_modified_time":"2025-10-16T18:57:13+00:00","og_image":[{"url":"https:\/\/physioextra.ca\/wp-content\/uploads\/photo-1.jpg","type":"","width":"","height":""}],"twitter_card":"summary_large_image","twitter_image":"https:\/\/physioextra.ca\/wp-content\/uploads\/teamx-17-1.jpg","schema":{"@context":"https:\/\/schema.org","@graph":[{"@type":"WebPage","@id":"https:\/\/physioextra.ca\/en\/careers\/","url":"https:\/\/physioextra.ca\/en\/careers\/","name":"Careers | PhysioExtra","isPartOf":{"@id":"https:\/\/physioextra.ca\/en\/#website"},"primaryImageOfPage":{"@id":"https:\/\/physioextra.ca\/en\/careers\/#primaryimage"},"image":{"@id":"https:\/\/physioextra.ca\/en\/careers\/#primaryimage"},"thumbnailUrl":"https:\/\/physioextra.ca\/wp-content\/uploads\/photo-1.jpg","datePublished":"2022-07-20T00:37:08+00:00","dateModified":"2025-10-16T18:57:13+00:00","description":"Choosing PhysioExtra to pursue your career means taking advantage of the strength of a network of 38 clinics that has not stopped growing for 25 years.","breadcrumb":{"@id":"https:\/\/physioextra.ca\/en\/careers\/#breadcrumb"},"inLanguage":"en-CA","potentialAction":[{"@type":"ReadAction","target":["https:\/\/physioextra.ca\/en\/careers\/"]}]},{"@type":"ImageObject","inLanguage":"en-CA","@id":"https:\/\/physioextra.ca\/en\/careers\/#primaryimage","url":"https:\/\/physioextra.ca\/wp-content\/uploads\/photo-1.jpg","contentUrl":"https:\/\/physioextra.ca\/wp-content\/uploads\/photo-1.jpg"},{"@type":"BreadcrumbList","@id":"https:\/\/physioextra.ca\/en\/careers\/#breadcrumb","itemListElement":[{"@type":"ListItem","position":1,"name":"Home","item":"https:\/\/physioextra.ca\/en\/"},{"@type":"ListItem","position":2,"name":"Careers"}]},{"@type":"WebSite","@id":"https:\/\/physioextra.ca\/en\/#website","url":"https:\/\/physioextra.ca\/en\/","name":"PhysioExtra","description":"Cliniques de physioth\u00e9rapie avec \u00e9quipe multidisciplinaire","publisher":{"@id":"https:\/\/physioextra.ca\/en\/#organization"},"potentialAction":[{"@type":"SearchAction","target":{"@type":"EntryPoint","urlTemplate":"https:\/\/physioextra.ca\/en\/?s={search_term_string}"},"query-input":{"@type":"PropertyValueSpecification","valueRequired":true,"valueName":"search_term_string"}}],"inLanguage":"en-CA"},{"@type":"Organization","@id":"https:\/\/physioextra.ca\/en\/#organization","name":"PhysioExtra","alternateName":"PE","url":"https:\/\/physioextra.ca\/en\/","logo":{"@type":"ImageObject","inLanguage":"en-CA","@id":"https:\/\/physioextra.ca\/en\/#\/schema\/logo\/image\/","url":"https:\/\/physioextra.ca\/wp-content\/uploads\/GroupePhysioExtra.jpg","contentUrl":"https:\/\/physioextra.ca\/wp-content\/uploads\/GroupePhysioExtra.jpg","width":696,"height":696,"caption":"PhysioExtra"},"image":{"@id":"https:\/\/physioextra.ca\/en\/#\/schema\/logo\/image\/"},"sameAs":["https:\/\/www.facebook.com\/PhysioExtra"],"description":"PhysioExtra est un r\u00e9seau de cliniques de physioth\u00e9rapie et de r\u00e9adaptation au Qu\u00e9bec offrant des services de physioth\u00e9rapie, massoth\u00e9rapie, ost\u00e9opathie et soins sp\u00e9cialis\u00e9s pour la sant\u00e9 physique.","email":"informationsweb@physioextra.ca","telephone":"1 855 743-9872","legalName":"Groupe PhysioExtra","numberOfEmployees":{"@type":"QuantitativeValue","minValue":"501","maxValue":"1000"}}]}},"_links":{"self":[{"href":"https:\/\/physioextra.ca\/en\/wp-json\/wp\/v2\/pages\/4873","targetHints":{"allow":["GET"]}}],"collection":[{"href":"https:\/\/physioextra.ca\/en\/wp-json\/wp\/v2\/pages"}],"about":[{"href":"https:\/\/physioextra.ca\/en\/wp-json\/wp\/v2\/types\/page"}],"author":[{"embeddable":true,"href":"https:\/\/physioextra.ca\/en\/wp-json\/wp\/v2\/users\/1"}],"replies":[{"embeddable":true,"href":"https:\/\/physioextra.ca\/en\/wp-json\/wp\/v2\/comments?post=4873"}],"version-history":[{"count":20,"href":"https:\/\/physioextra.ca\/en\/wp-json\/wp\/v2\/pages\/4873\/revisions"}],"predecessor-version":[{"id":12784,"href":"https:\/\/physioextra.ca\/en\/wp-json\/wp\/v2\/pages\/4873\/revisions\/12784"}],"wp:attachment":[{"href":"https:\/\/physioextra.ca\/en\/wp-json\/wp\/v2\/media?parent=4873"}],"curies":[{"name":"wp","href":"https:\/\/api.w.org\/{rel}","templated":true}]}}