{"id":4881,"date":"2022-07-19T20:59:42","date_gmt":"2022-07-20T00:59:42","guid":{"rendered":"https:\/\/www.physioextra.ca\/?page_id=4881"},"modified":"2025-10-16T15:49:36","modified_gmt":"2025-10-16T19:49:36","slug":"spontaneous-application","status":"publish","type":"page","link":"https:\/\/physioextra.ca\/en\/spontaneous-application\/","title":{"rendered":"Spontaneous application"},"content":{"rendered":"<p>At PhysioExtra, our teams evolve in a friendly and dynamic work environment that puts their talent to good use.<\/p>\n<p>None of the current openings match your profile or your expectations? That\u2019s not a problem! We\u2019re always curious to meet people that show interest in working with us.<\/p>\n<p><strong>Submit your application<\/strong> and, if your skills match an upcoming position, we will contact you as soon as possible.<\/p>\n<p>*Fields marked with an asterisk are required.<br \/>\n\n<div class=\"wpcf7 no-js\" id=\"wpcf7-f12370-o1\" lang=\"en-CA\" dir=\"ltr\" data-wpcf7-id=\"12370\">\n<div class=\"screen-reader-response\"><p role=\"status\" aria-live=\"polite\" aria-atomic=\"true\"><\/p> <ul><\/ul><\/div>\n<form action=\"\/en\/wp-json\/wp\/v2\/pages\/4881#wpcf7-f12370-o1\" method=\"post\" class=\"wpcf7-form init\" aria-label=\"Contact form\" enctype=\"multipart\/form-data\" novalidate=\"novalidate\" data-status=\"init\">\n<fieldset class=\"hidden-fields-container\"><input type=\"hidden\" name=\"_wpcf7\" value=\"12370\" \/><input type=\"hidden\" name=\"_wpcf7_version\" value=\"6.1.5\" \/><input type=\"hidden\" name=\"_wpcf7_locale\" value=\"en_CA\" \/><input type=\"hidden\" name=\"_wpcf7_unit_tag\" value=\"wpcf7-f12370-o1\" \/><input type=\"hidden\" name=\"_wpcf7_container_post\" value=\"0\" \/><input type=\"hidden\" name=\"_wpcf7_posted_data_hash\" value=\"\" \/><input type=\"hidden\" name=\"_wpcf7_recaptcha_response\" value=\"\" \/>\n<\/fieldset>\n<div class=\"form-half-first\">\n\t<p><label>First name<span class=\"req\">*<\/span><span class=\"wpcf7-form-control-wrap\" data-name=\"prenom\"><input size=\"40\" maxlength=\"400\" class=\"wpcf7-form-control wpcf7-text wpcf7-validates-as-required\" aria-required=\"true\" aria-invalid=\"false\" value=\"\" type=\"text\" name=\"prenom\" \/><\/span><\/label>\n\t<\/p>\n<\/div>\n<div class=\"form-half-second\">\n\t<p><label>Last name<span class=\"req\">*<\/span><span class=\"wpcf7-form-control-wrap\" data-name=\"nom\"><input size=\"40\" maxlength=\"400\" class=\"wpcf7-form-control wpcf7-text wpcf7-validates-as-required\" aria-required=\"true\" aria-invalid=\"false\" value=\"\" type=\"text\" name=\"nom\" \/><\/span><\/label>\n\t<\/p>\n<\/div>\n<div class=\"form-half-first\">\n\t<p><label>E-mail<span class=\"req\">*<\/span><span class=\"wpcf7-form-control-wrap\" data-name=\"courriel\"><input size=\"40\" maxlength=\"400\" class=\"wpcf7-form-control wpcf7-email wpcf7-validates-as-required wpcf7-text wpcf7-validates-as-email\" aria-required=\"true\" aria-invalid=\"false\" value=\"\" type=\"email\" name=\"courriel\" \/><\/span><\/label>\n\t<\/p>\n<\/div>\n<div class=\"form-half-second\">\n\t<p><label>Telephone<span class=\"req\">*<\/span><span class=\"wpcf7-form-control-wrap\" data-name=\"telephone\"><input size=\"40\" maxlength=\"400\" class=\"wpcf7-form-control wpcf7-text wpcf7-validates-as-required\" aria-required=\"true\" aria-invalid=\"false\" value=\"\" type=\"text\" name=\"telephone\" \/><\/span><\/label>\n\t<\/p>\n<\/div>\n<div class=\"form-full\">\n\t<p><label>City<span class=\"req\">*<\/span><span class=\"wpcf7-form-control-wrap\" data-name=\"ville\"><input size=\"40\" maxlength=\"400\" class=\"wpcf7-form-control wpcf7-text wpcf7-validates-as-required\" aria-required=\"true\" aria-invalid=\"false\" value=\"\" type=\"text\" name=\"ville\" \/><\/span><\/label>\n\t<\/p>\n<\/div>\n<div class=\"form-full\">\n\t<p><label>How did you hear about us?<span class=\"req\">*<\/span><select name='source'class=\"wpcf7-form-control wpcf7-atsg_application_sources wpcf7-validates-as-required\" aria-required=\"true\" aria-invalid=\"false\"'><option value=''>Choose\u2026<\/option><option value=\"15\">Recherche internet (ex. Google)<\/option><option value=\"16\">R\u00e9f\u00e9rence employ\u00e9\u00b7e<\/option><option value=\"17\">M\u00e9dias sociaux (ex. Instagram, Facebook)<\/option><option value=\"18\">Ancien\u00b7ne stagiaire<\/option><option value=\"19\">\u00c9v\u00e8nement (ex. Foire d'emplois)<\/option><option value=\"20\">En passant devant la clinique<\/option><option value=\"21\">Site sp\u00e9cialis\u00e9 (ordre professionnel)<\/option><option value=\"22\">Ancien\u00b7ne employ\u00e9\u00b7e\/consultant\u00b7e<\/option><option value=\"23\">Autre<\/option><option value=\"25\">adeterminer<\/option><option value=\"26\">Jobillico<\/option><\/select><\/label>\n\t<\/p>\n<\/div>\n<div class=\"form-full\">\n\t<p><label class=\"attachez\">Attach your resume<span class=\"req\">*<\/span><span class=\"wpcf7-form-control-wrap\" data-name=\"cv\"><input size=\"40\" class=\"wpcf7-form-control wpcf7-file wpcf7-validates-as-required\" accept=\".pdf,.doc,.docx\" aria-required=\"true\" aria-invalid=\"false\" type=\"file\" name=\"cv\" \/><\/span><\/label>\n\t<\/p>\n\t<p class=\"cf7md-help-text\">Type of files accepted: .doc, .docx or .pdf. Maximum file size: 4MB.\n\t<\/p>\n<\/div>\n<div class=\"form-full\">\n\t<p><span class=\"wpcf7-form-control-wrap\" data-name=\"acceptance-363\"><span class=\"wpcf7-form-control wpcf7-acceptance\"><span class=\"wpcf7-list-item\"><label><input type=\"checkbox\" name=\"acceptance-363\" value=\"1\" aria-invalid=\"false\" \/><span class=\"wpcf7-list-item-label\">I accept that Groupe PhysioExtra communicates with me, sends me the latest job offers and informs me of career opportunities and events related to my professional activity in accordance with their <a href=\"\/en\/privacy-policy\/\" data-ps2id-api=\"true\">Privacy Policy<\/a>. <span class=\"req\">*<\/span><\/span><\/label><\/span><\/span><\/span>\n\t<\/p>\n<\/div>\n<p><input class=\"wpcf7-form-control wpcf7-submit has-spinner\" type=\"submit\" value=\"Send\" \/>\n<\/p><input type='hidden' class='wpcf7-pum' value='{\"closepopup\":false,\"closedelay\":0,\"openpopup\":false,\"openpopup_id\":0}' \/><div class=\"wpcf7-response-output\" aria-hidden=\"true\"><\/div>\n<\/form>\n<\/div>\n\n","protected":false},"excerpt":{"rendered":"<p>At PhysioExtra, our teams evolve in a friendly and dynamic work environment that puts their talent to good use. None of the current openings match your profile or your expectations? That\u2019s not a problem! We\u2019re [&hellip;]<\/p>\n","protected":false},"author":1,"featured_media":0,"parent":0,"menu_order":0,"comment_status":"closed","ping_status":"closed","template":"normal-candidature-spont.php","meta":{"_acf_changed":false,"footnotes":""},"class_list":["post-4881","page","type-page","status-publish","hentry"],"acf":[],"yoast_head":"<!-- This site is optimized with the Yoast SEO Premium plugin v27.2 (Yoast SEO v27.2) - https:\/\/yoast.com\/product\/yoast-seo-premium-wordpress\/ -->\n<title>Spontaneous application | PhysioExtra<\/title>\n<meta name=\"robots\" content=\"index, follow, max-snippet:-1, max-image-preview:large, max-video-preview:-1\" \/>\n<link rel=\"canonical\" href=\"https:\/\/physioextra.ca\/en\/spontaneous-application\/\" \/>\n<meta property=\"og:locale\" content=\"en_US\" \/>\n<meta property=\"og:type\" content=\"article\" \/>\n<meta property=\"og:title\" content=\"Spontaneous application | PhysioExtra\" \/>\n<meta property=\"og:description\" content=\"At PhysioExtra, our teams evolve in a friendly and dynamic work environment that puts their talent to good use. None of the current openings match your profile or your expectations? That\u2019s not a problem! We\u2019re [&hellip;]\" \/>\n<meta property=\"og:url\" content=\"https:\/\/physioextra.ca\/en\/spontaneous-application\/\" \/>\n<meta property=\"og:site_name\" content=\"PhysioExtra\" \/>\n<meta property=\"article:publisher\" content=\"https:\/\/www.facebook.com\/PhysioExtra\" \/>\n<meta property=\"article:modified_time\" content=\"2025-10-16T19:49:36+00:00\" \/>\n<meta property=\"og:image\" content=\"https:\/\/physioextra.ca\/wp-content\/uploads\/image-preview-social.png\" \/>\n\t<meta property=\"og:image:width\" content=\"1200\" \/>\n\t<meta property=\"og:image:height\" content=\"675\" \/>\n\t<meta property=\"og:image:type\" content=\"image\/png\" \/>\n<meta name=\"twitter:card\" content=\"summary_large_image\" \/>\n<script type=\"application\/ld+json\" class=\"yoast-schema-graph\">{\"@context\":\"https:\/\/schema.org\",\"@graph\":[{\"@type\":\"WebPage\",\"@id\":\"https:\/\/physioextra.ca\/en\/spontaneous-application\/\",\"url\":\"https:\/\/physioextra.ca\/en\/spontaneous-application\/\",\"name\":\"Spontaneous application | PhysioExtra\",\"isPartOf\":{\"@id\":\"https:\/\/physioextra.ca\/en\/#website\"},\"datePublished\":\"2022-07-20T00:59:42+00:00\",\"dateModified\":\"2025-10-16T19:49:36+00:00\",\"breadcrumb\":{\"@id\":\"https:\/\/physioextra.ca\/en\/spontaneous-application\/#breadcrumb\"},\"inLanguage\":\"en-CA\",\"potentialAction\":[{\"@type\":\"ReadAction\",\"target\":[\"https:\/\/physioextra.ca\/en\/spontaneous-application\/\"]}]},{\"@type\":\"BreadcrumbList\",\"@id\":\"https:\/\/physioextra.ca\/en\/spontaneous-application\/#breadcrumb\",\"itemListElement\":[{\"@type\":\"ListItem\",\"position\":1,\"name\":\"Home\",\"item\":\"https:\/\/physioextra.ca\/en\/\"},{\"@type\":\"ListItem\",\"position\":2,\"name\":\"Spontaneous application\"}]},{\"@type\":\"WebSite\",\"@id\":\"https:\/\/physioextra.ca\/en\/#website\",\"url\":\"https:\/\/physioextra.ca\/en\/\",\"name\":\"PhysioExtra\",\"description\":\"Cliniques de physioth\u00e9rapie avec \u00e9quipe multidisciplinaire\",\"publisher\":{\"@id\":\"https:\/\/physioextra.ca\/en\/#organization\"},\"potentialAction\":[{\"@type\":\"SearchAction\",\"target\":{\"@type\":\"EntryPoint\",\"urlTemplate\":\"https:\/\/physioextra.ca\/en\/?s={search_term_string}\"},\"query-input\":{\"@type\":\"PropertyValueSpecification\",\"valueRequired\":true,\"valueName\":\"search_term_string\"}}],\"inLanguage\":\"en-CA\"},{\"@type\":\"Organization\",\"@id\":\"https:\/\/physioextra.ca\/en\/#organization\",\"name\":\"PhysioExtra\",\"alternateName\":\"PE\",\"url\":\"https:\/\/physioextra.ca\/en\/\",\"logo\":{\"@type\":\"ImageObject\",\"inLanguage\":\"en-CA\",\"@id\":\"https:\/\/physioextra.ca\/en\/#\/schema\/logo\/image\/\",\"url\":\"https:\/\/physioextra.ca\/wp-content\/uploads\/GroupePhysioExtra.jpg\",\"contentUrl\":\"https:\/\/physioextra.ca\/wp-content\/uploads\/GroupePhysioExtra.jpg\",\"width\":696,\"height\":696,\"caption\":\"PhysioExtra\"},\"image\":{\"@id\":\"https:\/\/physioextra.ca\/en\/#\/schema\/logo\/image\/\"},\"sameAs\":[\"https:\/\/www.facebook.com\/PhysioExtra\"],\"description\":\"PhysioExtra est un r\u00e9seau de cliniques de physioth\u00e9rapie et de r\u00e9adaptation au Qu\u00e9bec offrant des services de physioth\u00e9rapie, massoth\u00e9rapie, ost\u00e9opathie et soins sp\u00e9cialis\u00e9s pour la sant\u00e9 physique.\",\"email\":\"informationsweb@physioextra.ca\",\"telephone\":\"1 855 743-9872\",\"legalName\":\"Groupe PhysioExtra\",\"numberOfEmployees\":{\"@type\":\"QuantitativeValue\",\"minValue\":\"501\",\"maxValue\":\"1000\"}}]}<\/script>\n<!-- \/ Yoast SEO Premium plugin. -->","yoast_head_json":{"title":"Spontaneous application | PhysioExtra","robots":{"index":"index","follow":"follow","max-snippet":"max-snippet:-1","max-image-preview":"max-image-preview:large","max-video-preview":"max-video-preview:-1"},"canonical":"https:\/\/physioextra.ca\/en\/spontaneous-application\/","og_locale":"en_US","og_type":"article","og_title":"Spontaneous application | PhysioExtra","og_description":"At PhysioExtra, our teams evolve in a friendly and dynamic work environment that puts their talent to good use. None of the current openings match your profile or your expectations? That\u2019s not a problem! We\u2019re [&hellip;]","og_url":"https:\/\/physioextra.ca\/en\/spontaneous-application\/","og_site_name":"PhysioExtra","article_publisher":"https:\/\/www.facebook.com\/PhysioExtra","article_modified_time":"2025-10-16T19:49:36+00:00","og_image":[{"width":1200,"height":675,"url":"https:\/\/physioextra.ca\/wp-content\/uploads\/image-preview-social.png","type":"image\/png"}],"twitter_card":"summary_large_image","schema":{"@context":"https:\/\/schema.org","@graph":[{"@type":"WebPage","@id":"https:\/\/physioextra.ca\/en\/spontaneous-application\/","url":"https:\/\/physioextra.ca\/en\/spontaneous-application\/","name":"Spontaneous application | PhysioExtra","isPartOf":{"@id":"https:\/\/physioextra.ca\/en\/#website"},"datePublished":"2022-07-20T00:59:42+00:00","dateModified":"2025-10-16T19:49:36+00:00","breadcrumb":{"@id":"https:\/\/physioextra.ca\/en\/spontaneous-application\/#breadcrumb"},"inLanguage":"en-CA","potentialAction":[{"@type":"ReadAction","target":["https:\/\/physioextra.ca\/en\/spontaneous-application\/"]}]},{"@type":"BreadcrumbList","@id":"https:\/\/physioextra.ca\/en\/spontaneous-application\/#breadcrumb","itemListElement":[{"@type":"ListItem","position":1,"name":"Home","item":"https:\/\/physioextra.ca\/en\/"},{"@type":"ListItem","position":2,"name":"Spontaneous application"}]},{"@type":"WebSite","@id":"https:\/\/physioextra.ca\/en\/#website","url":"https:\/\/physioextra.ca\/en\/","name":"PhysioExtra","description":"Cliniques de physioth\u00e9rapie avec \u00e9quipe multidisciplinaire","publisher":{"@id":"https:\/\/physioextra.ca\/en\/#organization"},"potentialAction":[{"@type":"SearchAction","target":{"@type":"EntryPoint","urlTemplate":"https:\/\/physioextra.ca\/en\/?s={search_term_string}"},"query-input":{"@type":"PropertyValueSpecification","valueRequired":true,"valueName":"search_term_string"}}],"inLanguage":"en-CA"},{"@type":"Organization","@id":"https:\/\/physioextra.ca\/en\/#organization","name":"PhysioExtra","alternateName":"PE","url":"https:\/\/physioextra.ca\/en\/","logo":{"@type":"ImageObject","inLanguage":"en-CA","@id":"https:\/\/physioextra.ca\/en\/#\/schema\/logo\/image\/","url":"https:\/\/physioextra.ca\/wp-content\/uploads\/GroupePhysioExtra.jpg","contentUrl":"https:\/\/physioextra.ca\/wp-content\/uploads\/GroupePhysioExtra.jpg","width":696,"height":696,"caption":"PhysioExtra"},"image":{"@id":"https:\/\/physioextra.ca\/en\/#\/schema\/logo\/image\/"},"sameAs":["https:\/\/www.facebook.com\/PhysioExtra"],"description":"PhysioExtra est un r\u00e9seau de cliniques de physioth\u00e9rapie et de r\u00e9adaptation au Qu\u00e9bec offrant des services de physioth\u00e9rapie, massoth\u00e9rapie, ost\u00e9opathie et soins sp\u00e9cialis\u00e9s pour la sant\u00e9 physique.","email":"informationsweb@physioextra.ca","telephone":"1 855 743-9872","legalName":"Groupe PhysioExtra","numberOfEmployees":{"@type":"QuantitativeValue","minValue":"501","maxValue":"1000"}}]}},"_links":{"self":[{"href":"https:\/\/physioextra.ca\/en\/wp-json\/wp\/v2\/pages\/4881","targetHints":{"allow":["GET"]}}],"collection":[{"href":"https:\/\/physioextra.ca\/en\/wp-json\/wp\/v2\/pages"}],"about":[{"href":"https:\/\/physioextra.ca\/en\/wp-json\/wp\/v2\/types\/page"}],"author":[{"embeddable":true,"href":"https:\/\/physioextra.ca\/en\/wp-json\/wp\/v2\/users\/1"}],"replies":[{"embeddable":true,"href":"https:\/\/physioextra.ca\/en\/wp-json\/wp\/v2\/comments?post=4881"}],"version-history":[{"count":2,"href":"https:\/\/physioextra.ca\/en\/wp-json\/wp\/v2\/pages\/4881\/revisions"}],"predecessor-version":[{"id":12788,"href":"https:\/\/physioextra.ca\/en\/wp-json\/wp\/v2\/pages\/4881\/revisions\/12788"}],"wp:attachment":[{"href":"https:\/\/physioextra.ca\/en\/wp-json\/wp\/v2\/media?parent=4881"}],"curies":[{"name":"wp","href":"https:\/\/api.w.org\/{rel}","templated":true}]}}