{"id":5348,"date":"2022-11-27T15:24:10","date_gmt":"2022-11-27T20:24:10","guid":{"rendered":"https:\/\/physioextra.ca\/?page_id=5348"},"modified":"2026-01-05T20:32:27","modified_gmt":"2026-01-06T01:32:27","slug":"functional-capacity-development-program","status":"publish","type":"page","link":"https:\/\/physioextra.ca\/en\/functional-capacity-development-program\/","title":{"rendered":"Functional capacity development program"},"content":{"rendered":"<p><strong>Our functional capacity development program<\/strong> (FCDP), or second-line return-to-work program, is designed to help you regain your functional capacities (leisure activities, activities of daily living, and work) under the supervision of an interdisciplinary team of qualified professionals. FCDP participants are followed by a kinesiologist, an occupational therapist, and a physiotherapist. The team is trained to address issues related to physical health, mental health, and long COVID. When needed, psychoeducation or psychology services may also be provided.<\/p>\n<div class=\"link-assureur\" style=\"padding-bottom:20px;\"><a href=\"https:\/\/physioextra.ca\/en\/our-services-to-insurers\/\">See our other services to insurers<\/a><\/div>\n<p data-wp-editing=\"1\"><img loading=\"lazy\" decoding=\"async\" class=\"aligncenter size-full wp-image-540\" src=\"\/wp-content\/uploads\/entete-developpement-capacites-fonctionnelles.jpg\" alt=\"Programme de d\u00e9veloppement des capacit\u00e9s fonctionnelles\" width=\"822\" height=\"383\" \/><\/p>\n<h2>What makes us different<\/h2>\n<p>One of the strengths of PhysioExtra\u2019s FCDP is that the interdisciplinary team isn\u2019t limited to the three professions listed above. The team members emphasize innovation, quality of care, and medical research to make sure our FCDP is always based on best practices and the latest scientific literature.<\/p>\n<h2>The program<\/h2>\n<p>The program begins with a functional capacity evaluation \u00a0 an assessment of rehabilitation potential at one of our six clinics. After that, the program usually runs from 3 to 6 hours a day, for up to 5 days a week (depending on your needs), over an average of 4 to 7 weeks. It includes a wide range of tools from general activation exercises to graduated work simulations, as well as mandatory workshops on topics related to persistent pain.<\/p>\n<p>The program is open to all clients and is covered by most public and private insurers (some conditions apply).<\/p>\n<h2 id=\"covid-link\" class=\"accordeon-entete\"><span style=\"color: #00aeef;\">LONG COVID<\/span><br \/>\nprogram<\/h2>\n<p>Faced with a growing need for services by clients with long COVID, Groupe PhysioExtra trained its professionals to offer an <strong>interdisciplinary functional rehabilitation program<\/strong> for this condition.<\/p>\n<p><img loading=\"lazy\" decoding=\"async\" class=\"aligncenter size-full wp-image-540\" src=\"\/wp-content\/uploads\/entete-programme-syndrome-post-covid-19.jpg\" alt=\"Programme du syndrome post-covid-19\" width=\"822\" height=\"383\" \/><\/p>\n<p>Did you know that according to the scientific literature:<\/p>\n<ul>\n<li>Between 10 and 46% of patients who still have symptoms after seven months had reduced their work hours, and 19 to 22% still had not returned to work;<\/li>\n<li>Between 30 and 50% of patients with COVID-19 will develop long COVID, based on current data;<\/li>\n<li>Long COVID patients can suffer from a combination of up to 200 different symptoms, affecting their health and quality of life;<\/li>\n<li>62% of patients reported moderate-to-severe problems with their daily activities after 6 months;<\/li>\n<li>Most patients live with financial insecurity and dismissal of their condition by insurers, family members, and health professionals.<\/li>\n<\/ul>\n<p>Designed for all patients, this new program is offered both in person and online. The treatment plan will be adjusted based on the patient\u2019s symptoms, functional capacities, and goals. Because the spectrum of symptoms is broad, the first step is an initial assessment of the patient\u2019s problems. The interdisciplinary team will then either schedule a series of one-on-one meetings with patients who have serious limitations, or enroll patients who are considering a return to work in a rehabilitation program.<\/p>\n<h3>For more information, contact our various rehabilitation services coordinators in the network<\/h3>\n","protected":false},"excerpt":{"rendered":"<p>Our functional capacity development program (FCDP), or second-line return-to-work program, is designed to help you regain your functional capacities (leisure activities, activities of daily living, and work) under the supervision of an interdisciplinary team of [&hellip;]<\/p>\n","protected":false},"author":1,"featured_media":0,"parent":0,"menu_order":0,"comment_status":"closed","ping_status":"closed","template":"normal-avec-rtp-capacite.php","meta":{"_acf_changed":false,"footnotes":""},"class_list":["post-5348","page","type-page","status-publish","hentry"],"acf":[],"yoast_head":"<!-- This site is optimized with the Yoast SEO Premium plugin v27.4 (Yoast SEO v27.4) - https:\/\/yoast.com\/product\/yoast-seo-premium-wordpress\/ -->\n<title>Functional capacity development program | PhysioExtra<\/title>\n<meta name=\"description\" content=\"PhysioExtra est en mesure de prendre en charge des enjeux de sant\u00e9 physique, sant\u00e9 mentale, ainsi que la COVID longue. Contactez-nous!\" \/>\n<meta name=\"robots\" content=\"index, follow, max-snippet:-1, max-image-preview:large, max-video-preview:-1\" \/>\n<link rel=\"canonical\" href=\"https:\/\/physioextra.ca\/en\/functional-capacity-development-program\/\" \/>\n<meta property=\"og:locale\" content=\"en_US\" \/>\n<meta property=\"og:type\" content=\"article\" \/>\n<meta property=\"og:title\" content=\"Functional capacity development program | PhysioExtra\" \/>\n<meta property=\"og:description\" content=\"PhysioExtra est en mesure de prendre en charge des enjeux de sant\u00e9 physique, sant\u00e9 mentale, ainsi que la COVID longue. Contactez-nous!\" \/>\n<meta property=\"og:url\" content=\"https:\/\/physioextra.ca\/en\/functional-capacity-development-program\/\" \/>\n<meta property=\"og:site_name\" content=\"PhysioExtra\" \/>\n<meta property=\"article:publisher\" content=\"https:\/\/www.facebook.com\/PhysioExtra\" \/>\n<meta property=\"article:modified_time\" content=\"2026-01-06T01:32:27+00:00\" \/>\n<meta property=\"og:image\" content=\"https:\/\/physioextra.ca\/wp-content\/uploads\/image-preview-social.png\" \/>\n\t<meta property=\"og:image:width\" content=\"1200\" \/>\n\t<meta property=\"og:image:height\" content=\"675\" \/>\n\t<meta property=\"og:image:type\" content=\"image\/png\" \/>\n<meta name=\"twitter:card\" content=\"summary_large_image\" \/>\n<script type=\"application\/ld+json\" class=\"yoast-schema-graph\">{\"@context\":\"https:\\\/\\\/schema.org\",\"@graph\":[{\"@type\":\"WebPage\",\"@id\":\"https:\\\/\\\/physioextra.ca\\\/en\\\/functional-capacity-development-program\\\/\",\"url\":\"https:\\\/\\\/physioextra.ca\\\/en\\\/functional-capacity-development-program\\\/\",\"name\":\"Functional capacity development program | PhysioExtra\",\"isPartOf\":{\"@id\":\"https:\\\/\\\/physioextra.ca\\\/en\\\/#website\"},\"datePublished\":\"2022-11-27T20:24:10+00:00\",\"dateModified\":\"2026-01-06T01:32:27+00:00\",\"description\":\"PhysioExtra est en mesure de prendre en charge des enjeux de sant\u00e9 physique, sant\u00e9 mentale, ainsi que la COVID longue. Contactez-nous!\",\"breadcrumb\":{\"@id\":\"https:\\\/\\\/physioextra.ca\\\/en\\\/functional-capacity-development-program\\\/#breadcrumb\"},\"inLanguage\":\"en-CA\",\"potentialAction\":[{\"@type\":\"ReadAction\",\"target\":[\"https:\\\/\\\/physioextra.ca\\\/en\\\/functional-capacity-development-program\\\/\"]}]},{\"@type\":\"BreadcrumbList\",\"@id\":\"https:\\\/\\\/physioextra.ca\\\/en\\\/functional-capacity-development-program\\\/#breadcrumb\",\"itemListElement\":[{\"@type\":\"ListItem\",\"position\":1,\"name\":\"Home\",\"item\":\"https:\\\/\\\/physioextra.ca\\\/en\\\/\"},{\"@type\":\"ListItem\",\"position\":2,\"name\":\"Functional capacity development program\"}]},{\"@type\":\"WebSite\",\"@id\":\"https:\\\/\\\/physioextra.ca\\\/en\\\/#website\",\"url\":\"https:\\\/\\\/physioextra.ca\\\/en\\\/\",\"name\":\"PhysioExtra\",\"description\":\"Cliniques de physioth\u00e9rapie avec \u00e9quipe multidisciplinaire\",\"publisher\":{\"@id\":\"https:\\\/\\\/physioextra.ca\\\/en\\\/#organization\"},\"potentialAction\":[{\"@type\":\"SearchAction\",\"target\":{\"@type\":\"EntryPoint\",\"urlTemplate\":\"https:\\\/\\\/physioextra.ca\\\/en\\\/?s={search_term_string}\"},\"query-input\":{\"@type\":\"PropertyValueSpecification\",\"valueRequired\":true,\"valueName\":\"search_term_string\"}}],\"inLanguage\":\"en-CA\"},{\"@type\":\"Organization\",\"@id\":\"https:\\\/\\\/physioextra.ca\\\/en\\\/#organization\",\"name\":\"PhysioExtra\",\"alternateName\":\"PE\",\"url\":\"https:\\\/\\\/physioextra.ca\\\/en\\\/\",\"logo\":{\"@type\":\"ImageObject\",\"inLanguage\":\"en-CA\",\"@id\":\"https:\\\/\\\/physioextra.ca\\\/en\\\/#\\\/schema\\\/logo\\\/image\\\/\",\"url\":\"https:\\\/\\\/physioextra.ca\\\/wp-content\\\/uploads\\\/GroupePhysioExtra.jpg\",\"contentUrl\":\"https:\\\/\\\/physioextra.ca\\\/wp-content\\\/uploads\\\/GroupePhysioExtra.jpg\",\"width\":696,\"height\":696,\"caption\":\"PhysioExtra\"},\"image\":{\"@id\":\"https:\\\/\\\/physioextra.ca\\\/en\\\/#\\\/schema\\\/logo\\\/image\\\/\"},\"sameAs\":[\"https:\\\/\\\/www.facebook.com\\\/PhysioExtra\"],\"description\":\"PhysioExtra est un r\u00e9seau de cliniques de physioth\u00e9rapie et de r\u00e9adaptation au Qu\u00e9bec offrant des services de physioth\u00e9rapie, massoth\u00e9rapie, ost\u00e9opathie et soins sp\u00e9cialis\u00e9s pour la sant\u00e9 physique.\",\"email\":\"informationsweb@physioextra.ca\",\"telephone\":\"1 855 743-9872\",\"legalName\":\"Groupe PhysioExtra\",\"numberOfEmployees\":{\"@type\":\"QuantitativeValue\",\"minValue\":\"501\",\"maxValue\":\"1000\"}}]}<\/script>\n<!-- \/ Yoast SEO Premium plugin. -->","yoast_head_json":{"title":"Functional capacity development program | PhysioExtra","description":"PhysioExtra est en mesure de prendre en charge des enjeux de sant\u00e9 physique, sant\u00e9 mentale, ainsi que la COVID longue. Contactez-nous!","robots":{"index":"index","follow":"follow","max-snippet":"max-snippet:-1","max-image-preview":"max-image-preview:large","max-video-preview":"max-video-preview:-1"},"canonical":"https:\/\/physioextra.ca\/en\/functional-capacity-development-program\/","og_locale":"en_US","og_type":"article","og_title":"Functional capacity development program | PhysioExtra","og_description":"PhysioExtra est en mesure de prendre en charge des enjeux de sant\u00e9 physique, sant\u00e9 mentale, ainsi que la COVID longue. Contactez-nous!","og_url":"https:\/\/physioextra.ca\/en\/functional-capacity-development-program\/","og_site_name":"PhysioExtra","article_publisher":"https:\/\/www.facebook.com\/PhysioExtra","article_modified_time":"2026-01-06T01:32:27+00:00","og_image":[{"width":1200,"height":675,"url":"https:\/\/physioextra.ca\/wp-content\/uploads\/image-preview-social.png","type":"image\/png"}],"twitter_card":"summary_large_image","schema":{"@context":"https:\/\/schema.org","@graph":[{"@type":"WebPage","@id":"https:\/\/physioextra.ca\/en\/functional-capacity-development-program\/","url":"https:\/\/physioextra.ca\/en\/functional-capacity-development-program\/","name":"Functional capacity development program | PhysioExtra","isPartOf":{"@id":"https:\/\/physioextra.ca\/en\/#website"},"datePublished":"2022-11-27T20:24:10+00:00","dateModified":"2026-01-06T01:32:27+00:00","description":"PhysioExtra est en mesure de prendre en charge des enjeux de sant\u00e9 physique, sant\u00e9 mentale, ainsi que la COVID longue. Contactez-nous!","breadcrumb":{"@id":"https:\/\/physioextra.ca\/en\/functional-capacity-development-program\/#breadcrumb"},"inLanguage":"en-CA","potentialAction":[{"@type":"ReadAction","target":["https:\/\/physioextra.ca\/en\/functional-capacity-development-program\/"]}]},{"@type":"BreadcrumbList","@id":"https:\/\/physioextra.ca\/en\/functional-capacity-development-program\/#breadcrumb","itemListElement":[{"@type":"ListItem","position":1,"name":"Home","item":"https:\/\/physioextra.ca\/en\/"},{"@type":"ListItem","position":2,"name":"Functional capacity development program"}]},{"@type":"WebSite","@id":"https:\/\/physioextra.ca\/en\/#website","url":"https:\/\/physioextra.ca\/en\/","name":"PhysioExtra","description":"Cliniques de physioth\u00e9rapie avec \u00e9quipe multidisciplinaire","publisher":{"@id":"https:\/\/physioextra.ca\/en\/#organization"},"potentialAction":[{"@type":"SearchAction","target":{"@type":"EntryPoint","urlTemplate":"https:\/\/physioextra.ca\/en\/?s={search_term_string}"},"query-input":{"@type":"PropertyValueSpecification","valueRequired":true,"valueName":"search_term_string"}}],"inLanguage":"en-CA"},{"@type":"Organization","@id":"https:\/\/physioextra.ca\/en\/#organization","name":"PhysioExtra","alternateName":"PE","url":"https:\/\/physioextra.ca\/en\/","logo":{"@type":"ImageObject","inLanguage":"en-CA","@id":"https:\/\/physioextra.ca\/en\/#\/schema\/logo\/image\/","url":"https:\/\/physioextra.ca\/wp-content\/uploads\/GroupePhysioExtra.jpg","contentUrl":"https:\/\/physioextra.ca\/wp-content\/uploads\/GroupePhysioExtra.jpg","width":696,"height":696,"caption":"PhysioExtra"},"image":{"@id":"https:\/\/physioextra.ca\/en\/#\/schema\/logo\/image\/"},"sameAs":["https:\/\/www.facebook.com\/PhysioExtra"],"description":"PhysioExtra est un r\u00e9seau de cliniques de physioth\u00e9rapie et de r\u00e9adaptation au Qu\u00e9bec offrant des services de physioth\u00e9rapie, massoth\u00e9rapie, ost\u00e9opathie et soins sp\u00e9cialis\u00e9s pour la sant\u00e9 physique.","email":"informationsweb@physioextra.ca","telephone":"1 855 743-9872","legalName":"Groupe PhysioExtra","numberOfEmployees":{"@type":"QuantitativeValue","minValue":"501","maxValue":"1000"}}]}},"_links":{"self":[{"href":"https:\/\/physioextra.ca\/en\/wp-json\/wp\/v2\/pages\/5348","targetHints":{"allow":["GET"]}}],"collection":[{"href":"https:\/\/physioextra.ca\/en\/wp-json\/wp\/v2\/pages"}],"about":[{"href":"https:\/\/physioextra.ca\/en\/wp-json\/wp\/v2\/types\/page"}],"author":[{"embeddable":true,"href":"https:\/\/physioextra.ca\/en\/wp-json\/wp\/v2\/users\/1"}],"replies":[{"embeddable":true,"href":"https:\/\/physioextra.ca\/en\/wp-json\/wp\/v2\/comments?post=5348"}],"version-history":[{"count":3,"href":"https:\/\/physioextra.ca\/en\/wp-json\/wp\/v2\/pages\/5348\/revisions"}],"predecessor-version":[{"id":14166,"href":"https:\/\/physioextra.ca\/en\/wp-json\/wp\/v2\/pages\/5348\/revisions\/14166"}],"wp:attachment":[{"href":"https:\/\/physioextra.ca\/en\/wp-json\/wp\/v2\/media?parent=5348"}],"curies":[{"name":"wp","href":"https:\/\/api.w.org\/{rel}","templated":true}]}}